{"id":129096,"date":"2025-01-01T20:36:12","date_gmt":"2025-01-01T20:36:12","guid":{"rendered":"https:\/\/nbg.eu\/product\/high-profile-red-dot-plates-for-area-419-tactical-mounts\/"},"modified":"2026-01-21T12:35:25","modified_gmt":"2026-01-21T09:35:25","slug":"vysokoprofilove-desticky-pro-cerveny-bod-pro-area-419-tactical-montaze","status":"publish","type":"product","link":"https:\/\/nbg.eu\/cs\/produkt\/vysokoprofilove-desticky-pro-cerveny-bod-pro-area-419-tactical-montaze\/","title":{"rendered":"Vysokoprofilov\u00e9 Desti\u010dky pro \u010cerven\u00fd Bod pro Area 419 Tactical Mont\u00e1\u017ee"},"content":{"rendered":"<h2>Vysokokprofilov\u00e9 desky pro \u010derven\u00e9 te\u010dky pro taktick\u00e9 dr\u017e\u00e1ky Area 419<\/h2>\n<p>Vysokoprofilov\u00e9 desky pro \u010derven\u00e9 te\u010dky jsou navr\u017eeny pro taktick\u00fd jednod\u00edln\u00fd dr\u017e\u00e1k dalekohledu. Tyto desky nab\u00edzej\u00ed funk\u010dnost a odolnost.<\/p>\n<h2>Hlavn\u00ed vlastnosti:<\/h2>\n<ul>\n<li>Patentovan\u00fd syst\u00e9m dvojit\u00e9ho k\u00f3nick\u00e9ho upevn\u011bn\u00ed pro bezpe\u010dn\u00e9 p\u0159ipojen\u00ed<\/li>\n<li>Kompatibiln\u00ed s vodov\u00e1hami, balistick\u00fdmi kartami, \u010derven\u00fdmi te\u010dkami a laserov\u00fdmi d\u00e1lkom\u011bry<\/li>\n<li>Odolnost a tuhost pro n\u00e1vrat do nulov\u00e9 polohy<\/li>\n<li>K dispozici ve standardn\u00ed a n\u00edzk\u00e9 v\u00fd\u0161ce<\/li>\n<li>CNC fr\u00e9zov\u00e1no v Americe z hlin\u00edku 7075<\/li>\n<li>Povrchov\u00e1 \u00faprava \u010dern\u00fdm tvrd\u00fdm eloxov\u00e1n\u00edm typu III<\/li>\n<\/ul>\n<p>Vyberte si mezi standardn\u00ed (1,11&#8243; vysokou) a n\u00edzkou (0,70&#8243; vysokou) v\u00fd\u0161kou podle va\u0161ich pot\u0159eb. Ob\u011b verze maj\u00ed li\u0161ty podle specifikace MIL-STD-1913 a upev\u0148ovac\u00ed \u0161rouby pro snadnou instalaci.<\/p>\n<p>Hmotnost: 1 lbs<br \/>\nRozm\u011bry: 6 \u00d7 3,5 \u00d7 2 in<\/p>\n","protected":false},"excerpt":{"rendered":"<p>Bezpe\u010dn\u00e1, univerz\u00e1ln\u00ed li\u0161ta pro kolim\u00e1tory a p\u0159\u00edslu\u0161enstv\u00ed na taktick\u00fdch mont\u00e1\u017e\u00edch.<\/p>\n","protected":false},"featured_media":108707,"template":"","meta":{"_acf_changed":false},"product_brand":[11032],"product_cat":[12655,12659,12691,14924],"product_tag":[],"class_list":{"0":"post-129096","1":"product","2":"type-product","3":"status-publish","4":"has-post-thumbnail","6":"product_brand-area-419","7":"product_cat-dily-na-pistole","8":"product_cat-kmr-dily","9":"product_cat-miridla-na-pistole","10":"product_cat-red-dot-sights-mounts-cs","12":"first","13":"instock","14":"taxable","15":"shipping-taxable","16":"purchasable","17":"product-type-variable","18":"wvs-archive-product-wrapper"},"acf":[],"_links":{"self":[{"href":"https:\/\/nbg.eu\/cs\/wp-json\/wp\/v2\/product\/129096","targetHints":{"allow":["GET"]}}],"collection":[{"href":"https:\/\/nbg.eu\/cs\/wp-json\/wp\/v2\/product"}],"about":[{"href":"https:\/\/nbg.eu\/cs\/wp-json\/wp\/v2\/types\/product"}],"wp:featuredmedia":[{"embeddable":true,"href":"https:\/\/nbg.eu\/cs\/wp-json\/wp\/v2\/media\/108707"}],"wp:attachment":[{"href":"https:\/\/nbg.eu\/cs\/wp-json\/wp\/v2\/media?parent=129096"}],"wp:term":[{"taxonomy":"product_brand","embeddable":true,"href":"https:\/\/nbg.eu\/cs\/wp-json\/wp\/v2\/product_brand?post=129096"},{"taxonomy":"product_cat","embeddable":true,"href":"https:\/\/nbg.eu\/cs\/wp-json\/wp\/v2\/product_cat?post=129096"},{"taxonomy":"product_tag","embeddable":true,"href":"https:\/\/nbg.eu\/cs\/wp-json\/wp\/v2\/product_tag?post=129096"}],"curies":[{"name":"wp","href":"https:\/\/api.w.org\/{rel}","templated":true}]}}