{"id":129700,"date":"2024-01-30T18:11:57","date_gmt":"2024-01-30T18:11:57","guid":{"rendered":"https:\/\/nbg.eu\/product\/area-419-tactical-one-piece-scope-mount\/"},"modified":"2026-01-21T11:35:49","modified_gmt":"2026-01-21T08:35:49","slug":"area-419-tactical-jednodilna-montaz-pro-puskohled","status":"publish","type":"product","link":"https:\/\/nbg.eu\/cs\/produkt\/area-419-tactical-jednodilna-montaz-pro-puskohled\/","title":{"rendered":"Area 419 Tactical jednod\u00edln\u00e1 mont\u00e1\u017e pro pu\u0161kohled"},"content":{"rendered":"<div class=\"product-description\">\n<h2>Area 419 jednod\u00edln\u00fd taktick\u00fd dr\u017e\u00e1k na pu\u0161kohled<\/h2>\n<p>Dr\u017e\u00e1k na pu\u0161kohled s p\u0159esn\u011b obroben\u00fdmi krou\u017eky a vnit\u0159n\u00edmi \u010d\u00e1stmi ze surov\u00e9ho hlin\u00edku. Tento dr\u017e\u00e1k poskytuje pevn\u00e9 uchycen\u00ed optiky bez zbyte\u010dn\u00e9 v\u00e1hy.<\/p>\n<ul>\n<li>CNC fr\u00e9zovan\u00fd v Americe ze slitiny hlin\u00edku 7075<\/li>\n<li>Kontaktn\u00ed plochy pro pu\u0161kohled ze surov\u00e9ho hlin\u00edku, p\u0159esn\u011b vyvrtan\u00e9<\/li>\n<li>V\u00edce mont\u00e1\u017en\u00edch bod\u016f pro p\u0159\u00edslu\u0161enstv\u00ed<\/li>\n<li>Odd\u011blen\u00e9 up\u00ednac\u00ed li\u0161ty pro maxim\u00e1ln\u00ed p\u0159ilnavost<\/li>\n<li>Ocelov\u00e9 vodic\u00ed kol\u00edky pro zarovn\u00e1n\u00ed<\/li>\n<li>Speci\u00e1ln\u00ed nitridovan\u00fd nerezov\u00fd spojovac\u00ed materi\u00e1l<\/li>\n<li>Patentovan\u00fd velmi pevn\u00fd horn\u00ed \u00fachyt pro p\u0159\u00edslu\u0161enstv\u00ed<\/li>\n<\/ul>\n<p>K dispozici v r\u016fzn\u00fdch pr\u016fm\u011brech tubus\u016f a v\u00fd\u0161k\u00e1ch, s mo\u017enost\u00ed sklonu 0 MOA nebo 20 MOA. Hmotnost: 0,68 kg. Rozm\u011bry: 24,1 \u00d7 14,7 \u00d7 7,1 cm.<\/p>\n<\/div>\n","protected":false},"excerpt":{"rendered":"<p>P\u0159esn\u011b vyvrtan\u00fd, ultra-pevn\u00fd dr\u017e\u00e1k pu\u0161kohledu pro nesrovnatelnou spolehlivost.<\/p>\n","protected":false},"featured_media":108359,"template":"","meta":{"_acf_changed":false},"product_brand":[11032],"product_cat":[12685,15792,12660],"product_tag":[],"class_list":{"0":"post-129700","1":"product","2":"type-product","3":"status-publish","4":"has-post-thumbnail","6":"product_brand-area-419","7":"product_cat-prislusenstvi-k-zamerovani","8":"product_cat-scope-mounts-cs","9":"product_cat-zamerovani","11":"first","12":"instock","13":"taxable","14":"shipping-taxable","15":"purchasable","16":"product-type-variable","17":"wvs-archive-product-wrapper"},"acf":[],"_links":{"self":[{"href":"https:\/\/nbg.eu\/cs\/wp-json\/wp\/v2\/product\/129700","targetHints":{"allow":["GET"]}}],"collection":[{"href":"https:\/\/nbg.eu\/cs\/wp-json\/wp\/v2\/product"}],"about":[{"href":"https:\/\/nbg.eu\/cs\/wp-json\/wp\/v2\/types\/product"}],"wp:featuredmedia":[{"embeddable":true,"href":"https:\/\/nbg.eu\/cs\/wp-json\/wp\/v2\/media\/108359"}],"wp:attachment":[{"href":"https:\/\/nbg.eu\/cs\/wp-json\/wp\/v2\/media?parent=129700"}],"wp:term":[{"taxonomy":"product_brand","embeddable":true,"href":"https:\/\/nbg.eu\/cs\/wp-json\/wp\/v2\/product_brand?post=129700"},{"taxonomy":"product_cat","embeddable":true,"href":"https:\/\/nbg.eu\/cs\/wp-json\/wp\/v2\/product_cat?post=129700"},{"taxonomy":"product_tag","embeddable":true,"href":"https:\/\/nbg.eu\/cs\/wp-json\/wp\/v2\/product_tag?post=129700"}],"curies":[{"name":"wp","href":"https:\/\/api.w.org\/{rel}","templated":true}]}}