{"id":130771,"date":"2025-01-01T20:50:51","date_gmt":"2025-01-01T20:50:51","guid":{"rendered":"https:\/\/nbg.eu\/product\/low-profile-red-dot-plates-for-area-419-tactical-mounts\/"},"modified":"2026-01-21T12:26:25","modified_gmt":"2026-01-21T09:26:25","slug":"nizko-profilove-desticky-pro-red-dot-na-takticke-montaze-area-419","status":"publish","type":"product","link":"https:\/\/nbg.eu\/cs\/produkt\/nizko-profilove-desticky-pro-red-dot-na-takticke-montaze-area-419\/","title":{"rendered":"N\u00edzko-profilov\u00e9 desti\u010dky pro red-dot na taktick\u00e9 mont\u00e1\u017ee Area 419"},"content":{"rendered":"<div class=\"product-description\">\n<h2>N\u00edzkoprofilov\u00e9 desti\u010dky pro kolim\u00e1tory pro taktick\u00e9 mont\u00e1\u017ee Area 419<\/h2>\n<p>N\u00edzkoprofilov\u00e9 desti\u010dky pro kolim\u00e1tory, navr\u017een\u00e9 pro funk\u010dnost a p\u0159esnost. Tyto CNC fr\u00e9zovan\u00e9 desti\u010dky maj\u00ed:<\/p>\n<ul>\n<li>Povrchovou \u00fapravu tvrdou anodizac\u00ed typu III v \u010dern\u00e9 barv\u011b<\/li>\n<li>Integrovan\u00e9 mont\u00e1\u017en\u00ed \u0161rouby pro snadnou instalaci<\/li>\n<li>Vyrobeno v USA z hlin\u00edku 7075<\/li>\n<li>Patentovan\u00fd syst\u00e9m dvojit\u00e9ho k\u00f3nick\u00e9ho upevn\u011bn\u00ed pro bezpe\u010dnost<\/li>\n<li>Odolnost a tuhost pro zlep\u0161en\u00ed n\u00e1vratu do nulov\u00e9 pozice<\/li>\n<\/ul>\n<p>K dispozici v proveden\u00edch RMR, ACRO a DPP, kompatibiln\u00ed s \u0159adou optik. S hmotnost\u00ed 0,11 kg a rozm\u011bry 15,2 \u00d7 10,2 \u00d7 2,5 cm nab\u00edzej\u00ed tyto desti\u010dky kombinaci pevnosti a n\u00edzk\u00e9 hmotnosti.<\/p>\n<p>Desti\u010dky pro kolim\u00e1tory Area 419 pro taktick\u00e9 mont\u00e1\u017ee.<\/p>\n<\/div>\n","protected":false},"excerpt":{"rendered":"<p>Bezpe\u010dn\u00e9 a univerz\u00e1ln\u00ed \u010derven\u00e9 te\u010dkov\u00e9 desti\u010dky pro taktick\u00e9 mont\u00e1\u017ee Area 419.<\/p>\n","protected":false},"featured_media":108991,"template":"","meta":{"_acf_changed":false},"product_brand":[11032],"product_cat":[12655,12659,12691,14924],"product_tag":[],"class_list":{"0":"post-130771","1":"product","2":"type-product","3":"status-publish","4":"has-post-thumbnail","6":"product_brand-area-419","7":"product_cat-dily-na-pistole","8":"product_cat-kmr-dily","9":"product_cat-miridla-na-pistole","10":"product_cat-red-dot-sights-mounts-cs","12":"first","13":"instock","14":"taxable","15":"shipping-taxable","16":"purchasable","17":"product-type-variable","18":"wvs-archive-product-wrapper"},"acf":[],"_links":{"self":[{"href":"https:\/\/nbg.eu\/cs\/wp-json\/wp\/v2\/product\/130771","targetHints":{"allow":["GET"]}}],"collection":[{"href":"https:\/\/nbg.eu\/cs\/wp-json\/wp\/v2\/product"}],"about":[{"href":"https:\/\/nbg.eu\/cs\/wp-json\/wp\/v2\/types\/product"}],"wp:featuredmedia":[{"embeddable":true,"href":"https:\/\/nbg.eu\/cs\/wp-json\/wp\/v2\/media\/108991"}],"wp:attachment":[{"href":"https:\/\/nbg.eu\/cs\/wp-json\/wp\/v2\/media?parent=130771"}],"wp:term":[{"taxonomy":"product_brand","embeddable":true,"href":"https:\/\/nbg.eu\/cs\/wp-json\/wp\/v2\/product_brand?post=130771"},{"taxonomy":"product_cat","embeddable":true,"href":"https:\/\/nbg.eu\/cs\/wp-json\/wp\/v2\/product_cat?post=130771"},{"taxonomy":"product_tag","embeddable":true,"href":"https:\/\/nbg.eu\/cs\/wp-json\/wp\/v2\/product_tag?post=130771"}],"curies":[{"name":"wp","href":"https:\/\/api.w.org\/{rel}","templated":true}]}}