{"id":131279,"date":"2024-11-02T06:45:52","date_gmt":"2024-11-02T06:45:52","guid":{"rendered":"https:\/\/nbg.eu\/product\/sprinco-usa-spring-kit-xp-buffer-spring-enhanced-4coil-bolt-extractor-spring\/"},"modified":"2026-01-21T12:05:17","modified_gmt":"2026-01-21T09:05:17","slug":"sprinco-usa-spring-kit-xp-buffer-spring-enhanced-4coil-bolt-extractor-spring","status":"publish","type":"product","link":"https:\/\/nbg.eu\/cs\/produkt\/sprinco-usa-spring-kit-xp-buffer-spring-enhanced-4coil-bolt-extractor-spring\/","title":{"rendered":"SPRINCO USA Spring Kit-XP Buffer Spring &amp; Enhanced 4Coil Bolt Extractor Spring"},"content":{"rendered":"<div class=\"product-description\">\n<h2>SPRINCO USA Sada pru\u017ein &#8211; XP pru\u017eina z\u00e1sobn\u00edku a vylep\u0161en\u00e1 4z\u00e1vitov\u00e1 pru\u017eina vytahova\u010de<\/h2>\n<p>Sada pru\u017ein SPRINCO USA obsahuje:<\/p>\n<ul>\n<li>Pru\u017eina z\u00e1sobn\u00edku s vy\u0161\u0161\u00ed silou (\u010derven\u00e1)<\/li>\n<li>Vylep\u0161en\u00e1 4z\u00e1vitov\u00e1 pru\u017eina vytahova\u010de<\/li>\n<\/ul>\n<p>Tato sada byla navr\u017eena v roce 2006 pro t\u00fdm modernizace ozbrojen\u00fdch sil. \u0158e\u0161\u00ed probl\u00e9my s spolehlivost\u00ed karabiny M4 v n\u00e1ro\u010dn\u00fdch podm\u00ednk\u00e1ch. \u010cerven\u00e1 pru\u017eina nab\u00edz\u00ed p\u0159ibli\u017en\u011b o 25% vy\u0161\u0161\u00ed n\u00e1vrhov\u00e9 zat\u00ed\u017een\u00ed ve srovn\u00e1n\u00ed s b\u00edlou pru\u017einou. Je vhodn\u00e1 pro:<\/p>\n<ul>\n<li>9mm, 6.8 SPC, 6.5 Grendel<\/li>\n<li>.450 BM, .450 SOCOM, .500 Beowulf<\/li>\n<li>Karabiny Colt LE6920<\/li>\n<\/ul>\n<p>Pozn\u00e1mka: V\u00fdkon se m\u016f\u017ee li\u0161it v z\u00e1vislosti na hodnot\u00e1ch portu a n\u00e1pln\u00edch st\u0159eliva. P\u0159ed pou\u017eit\u00edm prostudujte dokumenty o postupu lad\u011bn\u00ed.<\/p>\n<\/div>\n","protected":false},"excerpt":{"rendered":"<p>Vysoce v\u00fdkonn\u00e1 AR pru\u017eina z\u00e1sobn\u00edku pro zv\u00fd\u0161enou spolehlivost a s\u00edlu.<\/p>\n","protected":false},"featured_media":76503,"template":"","meta":{"_acf_changed":false},"product_brand":[14598],"product_cat":[12659,12677],"product_tag":[],"class_list":{"0":"post-131279","1":"product","2":"type-product","3":"status-publish","4":"has-post-thumbnail","6":"product_brand-sprinco-usa","7":"product_cat-kmr-dily","8":"product_cat-pruziny","10":"first","11":"outofstock","12":"taxable","13":"shipping-taxable","14":"purchasable","15":"product-type-simple"},"acf":[],"_links":{"self":[{"href":"https:\/\/nbg.eu\/cs\/wp-json\/wp\/v2\/product\/131279","targetHints":{"allow":["GET"]}}],"collection":[{"href":"https:\/\/nbg.eu\/cs\/wp-json\/wp\/v2\/product"}],"about":[{"href":"https:\/\/nbg.eu\/cs\/wp-json\/wp\/v2\/types\/product"}],"wp:featuredmedia":[{"embeddable":true,"href":"https:\/\/nbg.eu\/cs\/wp-json\/wp\/v2\/media\/76503"}],"wp:attachment":[{"href":"https:\/\/nbg.eu\/cs\/wp-json\/wp\/v2\/media?parent=131279"}],"wp:term":[{"taxonomy":"product_brand","embeddable":true,"href":"https:\/\/nbg.eu\/cs\/wp-json\/wp\/v2\/product_brand?post=131279"},{"taxonomy":"product_cat","embeddable":true,"href":"https:\/\/nbg.eu\/cs\/wp-json\/wp\/v2\/product_cat?post=131279"},{"taxonomy":"product_tag","embeddable":true,"href":"https:\/\/nbg.eu\/cs\/wp-json\/wp\/v2\/product_tag?post=131279"}],"curies":[{"name":"wp","href":"https:\/\/api.w.org\/{rel}","templated":true}]}}