{"id":134496,"date":"2024-11-26T13:10:26","date_gmt":"2024-11-26T10:10:26","guid":{"rendered":"https:\/\/nbg.eu\/product\/geissele-ak-braided-spring\/"},"modified":"2026-04-22T11:24:48","modified_gmt":"2026-04-22T08:24:48","slug":"geissele-ak-pletena-pruzina","status":"publish","type":"product","link":"https:\/\/nbg.eu\/cs\/produkt\/geissele-ak-pletena-pruzina\/","title":{"rendered":"Geissele Pleten\u00e1 \u00dadern\u00edkov\u00e1 Pru\u017eina AK"},"content":{"rendered":"<h2>AK pru\u017eina s opleten\u00fdm pru\u017een\u00edm<\/h2>\n<p>AGL AK pru\u017eina s opleten\u00fdm hlavn\u00edm pru\u017een\u00edm je n\u00e1hradn\u00ed pru\u017eina pro pu\u0161ky platformy AK47\/74. Tato n\u00e1hradn\u00ed mo\u017enost je vyrobena ve Spojen\u00fdch st\u00e1tech ze t\u0159\u00ed spl\u00e9tan\u00fdch dr\u00e1t\u011bn\u00fdch pramen\u016f. Spl\u00e9tan\u00fd design poskytuje zv\u00fd\u0161enou odolnost a spolehlivost ve srovn\u00e1n\u00ed s tradi\u010dn\u00edmi hlavn\u00edmi pru\u017einami AK, co\u017e zaji\u0161\u0165uje plynul\u00fd a konzistentn\u00ed provoz va\u0161\u00ed pu\u0161ky.<\/p>\n<p>Vyrobeno z vysoce kvalitn\u00edch materi\u00e1l\u016f, AK pru\u017eina s opleten\u00fdm pru\u017een\u00edm je postavena tak, aby vydr\u017eela n\u00e1ro\u010dn\u00e9 pou\u017eit\u00ed a drsn\u00e9 podm\u00ednky. Jeho robustn\u00ed konstrukce pom\u00e1h\u00e1 sn\u00ed\u017eit riziko selh\u00e1n\u00ed pru\u017einy, co\u017e m\u016f\u017ee v\u00e9st k nedost\u0159el\u016fm nebo jin\u00fdm poruch\u00e1m. Aktualizac\u00ed hlavn\u00ed pru\u017einy va\u0161\u00ed pu\u0161ky AK t\u00edmto spolehliv\u00fdm komponentem m\u016f\u017eete u\u017e\u00edvat zv\u00fd\u0161en\u00fd v\u00fdkon a m\u00edt klid na du\u0161i, kdy\u017e v\u00edte, \u017ee va\u0161e pu\u0161ka funguje nejl\u00e9pe.<\/p>\n<p>A\u0165 u\u017e jste sout\u011b\u017en\u00ed st\u0159elec nebo taktick\u00fd oper\u00e1tor, AK pru\u017eina s opleten\u00fdm pru\u017een\u00edm je z\u00e1sadn\u00ed vylep\u0161en\u00ed, kter\u00e9 je t\u0159eba zv\u00e1\u017eit pro va\u0161i platformu AK47\/74. Jeho nad\u0159azen\u00fd design a v\u00fdrobn\u00ed standardy z n\u011bj d\u011blaj\u00ed d\u016fv\u011bryhodnou volbu mezi uv\u011bdom\u011bl\u00fdmi vlastn\u00edky zbran\u00ed, kte\u0159\u00ed po\u017eaduj\u00ed nejvy\u0161\u0161\u00ed \u00farove\u0148 spolehlivosti a v\u00fdkonu sv\u00e9ho vybaven\u00ed.<\/p>\n","protected":false},"excerpt":{"rendered":"<p>Pru\u017eina AK Braided je pleten\u00e1 n\u00e1hradn\u00ed pru\u017eina pro pu\u0161ky AK47\/74 vyroben\u00e1 v USA.<\/p>\n","protected":false},"featured_media":81093,"template":"","meta":{"_acf_changed":false},"product_brand":[11377],"product_cat":[12677],"product_tag":[],"class_list":{"0":"post-134496","1":"product","2":"type-product","3":"status-publish","4":"has-post-thumbnail","6":"product_brand-geissele","7":"product_cat-pruziny","9":"first","10":"instock","11":"taxable","12":"shipping-taxable","13":"product-type-simple"},"acf":[],"_links":{"self":[{"href":"https:\/\/nbg.eu\/cs\/wp-json\/wp\/v2\/product\/134496","targetHints":{"allow":["GET"]}}],"collection":[{"href":"https:\/\/nbg.eu\/cs\/wp-json\/wp\/v2\/product"}],"about":[{"href":"https:\/\/nbg.eu\/cs\/wp-json\/wp\/v2\/types\/product"}],"wp:featuredmedia":[{"embeddable":true,"href":"https:\/\/nbg.eu\/cs\/wp-json\/wp\/v2\/media\/81093"}],"wp:attachment":[{"href":"https:\/\/nbg.eu\/cs\/wp-json\/wp\/v2\/media?parent=134496"}],"wp:term":[{"taxonomy":"product_brand","embeddable":true,"href":"https:\/\/nbg.eu\/cs\/wp-json\/wp\/v2\/product_brand?post=134496"},{"taxonomy":"product_cat","embeddable":true,"href":"https:\/\/nbg.eu\/cs\/wp-json\/wp\/v2\/product_cat?post=134496"},{"taxonomy":"product_tag","embeddable":true,"href":"https:\/\/nbg.eu\/cs\/wp-json\/wp\/v2\/product_tag?post=134496"}],"curies":[{"name":"wp","href":"https:\/\/api.w.org\/{rel}","templated":true}]}}