{"id":175092,"date":"2024-11-01T09:36:38","date_gmt":"2024-11-01T06:36:38","guid":{"rendered":"https:\/\/nbg.eu\/product\/ipsc-cardboard-targets\/"},"modified":"2026-01-21T11:43:10","modified_gmt":"2026-01-21T08:43:10","slug":"ipsc-cardboard-targets","status":"publish","type":"product","link":"https:\/\/nbg.eu\/cs\/produkt\/ipsc-cardboard-targets\/","title":{"rendered":"IPSC Cardboard Targets"},"content":{"rendered":"<div class=\"product-description\">\n<h2>IPSC Kartonov\u00e9 ter\u010de<\/h2>\n<p>Ofici\u00e1ln\u011b schv\u00e1len\u00e9 USPSA a IPSC (#CT-303), kartonov\u00e9 ter\u010de pro praktickou st\u0159elbu. S perforovan\u00fdmi bodovac\u00edmi liniemi pro snadn\u00e9 a p\u0159esn\u00e9 bodov\u00e1n\u00ed, tyto ter\u010de m\u011b\u0159\u00ed 58 cm na v\u00fd\u0161ku x 46 cm na \u0161\u00ed\u0159ku.<\/p>\n<ul>\n<li>200 lb. testovan\u00fd karton s vertik\u00e1ln\u00edmi &#8222;B&#8220; vlnami<\/li>\n<li>P\u0159edn\u00ed strana b\u00e9\u017eov\u00e1 \/ zadn\u00ed strana b\u00edl\u00e1<\/li>\n<li>Vod\u011bodoln\u00e1 p\u0159\u00edsada zabra\u0148uje deformaci a delaminaci<\/li>\n<li>Chemick\u00e1 \u00faprava neovliv\u0148uje p\u0159ilnavost z\u00e1lepek<\/li>\n<\/ul>\n<p>Tyto ter\u010de umo\u017e\u0148uj\u00ed rychl\u00e9 a p\u0159esn\u00e9 bodov\u00e1n\u00ed. Vod\u011bodoln\u00e1 p\u0159\u00edsada zachov\u00e1v\u00e1 integritu ter\u010de ve vlhk\u00fdch podm\u00ednk\u00e1ch bez ovlivn\u011bn\u00ed p\u0159ilnavosti z\u00e1lepek. Pro objedn\u00e1vky 100 a v\u00edce kus\u016f je k dispozici dod\u00e1n\u00ed v krabic\u00edch pro zaji\u0161t\u011bn\u00ed dobr\u00e9ho stavu p\u0159i doru\u010den\u00ed.<\/p>\n<\/div>\n","protected":false},"excerpt":{"rendered":"<p>Zde je p\u0159eklad do \u010de\u0161tiny:<\/p>\n<p>Ofici\u00e1ln\u00ed USPSA ter\u010de: perforovan\u00e9, vod\u011bodoln\u00e9, p\u0159esn\u00e9.<\/p>\n","protected":false},"featured_media":75254,"template":"","meta":{"_acf_changed":false},"product_brand":[11265],"product_cat":[12644,12665,12717],"product_tag":[],"class_list":{"0":"post-175092","1":"product","2":"type-product","3":"status-publish","4":"has-post-thumbnail","6":"product_brand-doublealpha","7":"product_cat-papirove-terce","8":"product_cat-terce","9":"product_cat-vybava","11":"first","12":"outofstock","13":"taxable","14":"shipping-taxable","15":"purchasable","16":"product-type-simple"},"acf":[],"_links":{"self":[{"href":"https:\/\/nbg.eu\/cs\/wp-json\/wp\/v2\/product\/175092","targetHints":{"allow":["GET"]}}],"collection":[{"href":"https:\/\/nbg.eu\/cs\/wp-json\/wp\/v2\/product"}],"about":[{"href":"https:\/\/nbg.eu\/cs\/wp-json\/wp\/v2\/types\/product"}],"wp:featuredmedia":[{"embeddable":true,"href":"https:\/\/nbg.eu\/cs\/wp-json\/wp\/v2\/media\/75254"}],"wp:attachment":[{"href":"https:\/\/nbg.eu\/cs\/wp-json\/wp\/v2\/media?parent=175092"}],"wp:term":[{"taxonomy":"product_brand","embeddable":true,"href":"https:\/\/nbg.eu\/cs\/wp-json\/wp\/v2\/product_brand?post=175092"},{"taxonomy":"product_cat","embeddable":true,"href":"https:\/\/nbg.eu\/cs\/wp-json\/wp\/v2\/product_cat?post=175092"},{"taxonomy":"product_tag","embeddable":true,"href":"https:\/\/nbg.eu\/cs\/wp-json\/wp\/v2\/product_tag?post=175092"}],"curies":[{"name":"wp","href":"https:\/\/api.w.org\/{rel}","templated":true}]}}