{"id":211971,"date":"2024-07-30T18:47:47","date_gmt":"2024-07-30T18:47:47","guid":{"rendered":"https:\/\/nbg.eu\/product\/surefire-xsc-weaponlight\/"},"modified":"2026-01-21T12:09:56","modified_gmt":"2026-01-21T09:09:56","slug":"surefire-xsc-zbranove-svetlo","status":"publish","type":"product","link":"https:\/\/nbg.eu\/cs\/produkt\/surefire-xsc-zbranove-svetlo\/","title":{"rendered":"SureFire XSC Zbra\u0148ov\u00e9 Sv\u011btlo"},"content":{"rendered":"<div class=\"product-description\">\n<h2>SureFire XSC WEAPONLIGHT<\/h2>\n<p>SureFire XSC je sv\u00edtilna na zbra\u0148 pro skryt\u00e9 no\u0161en\u00ed. Je navr\u017eena pro mikro-kompaktn\u00ed a sub-kompaktn\u00ed pistole a je ur\u010dena pro pou\u017eit\u00ed v situac\u00edch s n\u00edzk\u00fdm osv\u011btlen\u00edm.<\/p>\n<h2>Hlavn\u00ed vlastnosti:<\/h2>\n<ul>\n<li>350 lumen\u016f b\u00edl\u00e9ho sv\u011btla<\/li>\n<li>Hybridn\u00ed sv\u011bteln\u00fd ku\u017eel pro identifikaci c\u00edle<\/li>\n<li>Kompaktn\u00ed a odoln\u00fd design<\/li>\n<li>Dob\u00edjec\u00ed lithium-polymerov\u00e1 baterie s mo\u017enost\u00ed rychl\u00e9 v\u00fdm\u011bny<\/li>\n<li>Intuitivn\u00ed, oboustrann\u00e9 ovl\u00e1d\u00e1n\u00ed<\/li>\n<li>T\u011blo z leteck\u00e9ho hlin\u00edku s tvrdou anodizac\u00ed<\/li>\n<li>Odolnost proti pov\u011btrnostn\u00edm vliv\u016fm IPX4<\/li>\n<\/ul>\n<h2>Specifikace:<\/h2>\n<ul>\n<li>V\u00fdkon: 350 lumen\u016f<\/li>\n<li>Doba sv\u00edcen\u00ed: 30 minut<\/li>\n<li>Hmotnost: 48,2 g<\/li>\n<li>D\u00e9lka: 4,9 cm<\/li>\n<li>Maxim\u00e1ln\u00ed intenzita paprsku: 2 000 kandel<\/li>\n<li>Dosah paprsku: 90 metr\u016f<\/li>\n<\/ul>\n<p>Modely pro r\u016fzn\u00e9 zbran\u011b:<\/p>\n<ul>\n<li>XSC-A pro Glock 43X a 48 s li\u0161tou<\/li>\n<li>XSC-P365 pro SIG SAUER P365 a P365 XL<\/li>\n<li>XSC-HELLCAT pro Springfield Armory Hellcat<\/li>\n<li>XSC-B pro r\u016fzn\u00e9 dal\u0161\u00ed sub-kompaktn\u00ed modely<\/li>\n<\/ul>\n<p>SureFire XSC WEAPONLIGHT je sv\u00edtilna pro osv\u011btlen\u00ed v kritick\u00fdch situac\u00edch.<\/p>\n<\/div>\n","protected":false},"excerpt":{"rendered":"<p>Kompaktn\u00ed, v\u00fdkonn\u00e9 350lumenov\u00e9 sv\u011btlo pro pistole na skryt\u00e9 no\u0161en\u00ed.<\/p>\n","protected":false},"featured_media":211972,"template":"","meta":{"_acf_changed":false},"product_brand":[11860],"product_cat":[12679,12640,12657],"product_tag":[],"class_list":{"0":"post-211971","1":"product","2":"type-product","3":"status-publish","4":"has-post-thumbnail","6":"product_brand-surefire","7":"product_cat-pistole","8":"product_cat-svetla","9":"product_cat-svetla-na-pistole","11":"first","12":"instock","13":"taxable","14":"shipping-taxable","15":"purchasable","16":"product-type-variable","17":"wvs-archive-product-wrapper"},"acf":[],"_links":{"self":[{"href":"https:\/\/nbg.eu\/cs\/wp-json\/wp\/v2\/product\/211971","targetHints":{"allow":["GET"]}}],"collection":[{"href":"https:\/\/nbg.eu\/cs\/wp-json\/wp\/v2\/product"}],"about":[{"href":"https:\/\/nbg.eu\/cs\/wp-json\/wp\/v2\/types\/product"}],"wp:featuredmedia":[{"embeddable":true,"href":"https:\/\/nbg.eu\/cs\/wp-json\/wp\/v2\/media\/211972"}],"wp:attachment":[{"href":"https:\/\/nbg.eu\/cs\/wp-json\/wp\/v2\/media?parent=211971"}],"wp:term":[{"taxonomy":"product_brand","embeddable":true,"href":"https:\/\/nbg.eu\/cs\/wp-json\/wp\/v2\/product_brand?post=211971"},{"taxonomy":"product_cat","embeddable":true,"href":"https:\/\/nbg.eu\/cs\/wp-json\/wp\/v2\/product_cat?post=211971"},{"taxonomy":"product_tag","embeddable":true,"href":"https:\/\/nbg.eu\/cs\/wp-json\/wp\/v2\/product_tag?post=211971"}],"curies":[{"name":"wp","href":"https:\/\/api.w.org\/{rel}","templated":true}]}}