{"id":22529,"date":"2024-08-19T20:28:32","date_gmt":"2024-08-19T17:28:32","guid":{"rendered":"https:\/\/nbg.eu\/product\/produkt-2\/"},"modified":"2026-04-16T16:12:32","modified_gmt":"2026-04-16T13:12:32","slug":"kolik-pruziny-zarazky-zaveru-kmr","status":"publish","type":"product","link":"https:\/\/nbg.eu\/cs\/produkt\/kolik-pruziny-zarazky-zaveru-kmr\/","title":{"rendered":"KMR \u010cep Pru\u017einy Z\u00e1chytu Z\u00e1v\u011bru"},"content":{"rendered":"<h2>Posuvn\u00fd zastavovac\u00ed kol\u00edk pru\u017einy KMR<\/h2>\n<p>Vylep\u0161ete funk\u010dnost a spolehlivost sv\u00e9 zbran\u011b pomoc\u00ed Posuvn\u00e9ho zastavovac\u00edho kol\u00edku pru\u017einy KMR. Tento p\u0159esn\u011b vyroben\u00fd komponent je navr\u017een tak, aby zajistil bezpe\u010dn\u00e9 dr\u017een\u00ed pojistky posuvn\u00e9 nohy, a zajistil tak hladk\u00fd a konzistentn\u00ed provoz va\u0161\u00ed zbran\u011b. Vyroben z vysoce kvalitn\u00edch materi\u00e1l\u016f, Posuvn\u00fd zastavovac\u00ed kol\u00edk pru\u017einy KMR je navr\u017een tak, aby odolal n\u00e1rok\u016fm pravideln\u00e9ho pou\u017eit\u00ed a drsn\u00e9ho prost\u0159ed\u00ed.<\/p>\n<p>D\u00edky odoln\u00e9mu pru\u017einov\u00e9mu designu poskytuje Posuvn\u00fd zastavovac\u00ed kol\u00edk pru\u017einy KMR spolehliv\u00fd v\u00fdkon a bezpe\u010dn\u00e9 p\u0159ipevn\u011bn\u00ed, zabra\u0148uj\u00edc\u00ed ne\u017e\u00e1douc\u00edmu pohybu nebo uvoln\u011bn\u00ed posuvn\u00e9 nohy. Jeho kompaktn\u00ed velikost a bezprobl\u00e9mov\u00e1 integrace z n\u011bj \u010din\u00ed nezbytn\u00e9 dopl\u0148ky arzen\u00e1lu \u00fadr\u017eby a vylep\u0161en\u00ed va\u0161\u00ed zbran\u011b.<\/p>\n<p>A\u0165 u\u017e jste ost\u0159\u00edlen\u00fd st\u0159elec nebo nad\u0161enec do zbran\u00ed, Posuvn\u00fd zastavovac\u00ed kol\u00edk pru\u017einy KMR je nezbytn\u00fdm dopl\u0148kem pro udr\u017eov\u00e1n\u00ed optim\u00e1ln\u00edho v\u00fdkonu va\u0161\u00ed zbran\u011b. Vylep\u0161ete svou zbra\u0148 t\u00edmto spolehliv\u00fdm a u\u017eivatelsky p\u0159\u00edv\u011btiv\u00fdm komponentem a za\u017eijte rozd\u00edl ve sv\u00e9m st\u0159eleck\u00e9m z\u00e1\u017eitku.<\/p>\n","protected":false},"excerpt":{"rendered":"<p>Spolehliv\u00fd posuvn\u00fd zaji\u0161\u0165ovac\u00ed kol\u00edk se zatahovac\u00ed pru\u017einou pro bezpe\u010dn\u00e9 upevn\u011bn\u00ed KMR.<\/p>\n","protected":false},"featured_media":60763,"template":"","meta":{"_acf_changed":false},"product_brand":[11490],"product_cat":[12659,12677],"product_tag":[],"class_list":{"0":"post-22529","1":"product","2":"type-product","3":"status-publish","4":"has-post-thumbnail","6":"product_brand-kmr-precision","7":"product_cat-kmr-dily","8":"product_cat-pruziny","10":"first","11":"instock","12":"taxable","13":"shipping-taxable","14":"product-type-simple"},"acf":[],"_links":{"self":[{"href":"https:\/\/nbg.eu\/cs\/wp-json\/wp\/v2\/product\/22529","targetHints":{"allow":["GET"]}}],"collection":[{"href":"https:\/\/nbg.eu\/cs\/wp-json\/wp\/v2\/product"}],"about":[{"href":"https:\/\/nbg.eu\/cs\/wp-json\/wp\/v2\/types\/product"}],"wp:featuredmedia":[{"embeddable":true,"href":"https:\/\/nbg.eu\/cs\/wp-json\/wp\/v2\/media\/60763"}],"wp:attachment":[{"href":"https:\/\/nbg.eu\/cs\/wp-json\/wp\/v2\/media?parent=22529"}],"wp:term":[{"taxonomy":"product_brand","embeddable":true,"href":"https:\/\/nbg.eu\/cs\/wp-json\/wp\/v2\/product_brand?post=22529"},{"taxonomy":"product_cat","embeddable":true,"href":"https:\/\/nbg.eu\/cs\/wp-json\/wp\/v2\/product_cat?post=22529"},{"taxonomy":"product_tag","embeddable":true,"href":"https:\/\/nbg.eu\/cs\/wp-json\/wp\/v2\/product_tag?post=22529"}],"curies":[{"name":"wp","href":"https:\/\/api.w.org\/{rel}","templated":true}]}}