{"id":274928,"date":"2025-03-03T19:13:19","date_gmt":"2025-03-20T10:47:51","guid":{"rendered":"https:\/\/nbg.eu\/product\/bore-tech-patch-guide\/"},"modified":"2026-05-13T15:11:14","modified_gmt":"2026-05-13T12:11:14","slug":"bore-tech-pruvodce-zaplatami","status":"publish","type":"product","link":"https:\/\/nbg.eu\/cs\/produkt\/bore-tech-pruvodce-zaplatami\/","title":{"rendered":"Bore Tech pr\u016fvodce z\u00e1platami"},"content":{"rendered":"<h2>Bore Tech vod\u00edtko z\u00e1plat pro AR-15\/AR-10<\/h2>\n<p>Vod\u00edtko z\u00e1plat Bore Tech je syst\u00e9m pro \u010di\u0161t\u011bn\u00ed pu\u0161ky bez pou\u017eit\u00ed rukou, kter\u00fd zjednodu\u0161uje proces \u010di\u0161t\u011bn\u00ed.<\/p>\n<ul>\n<li>Hlin\u00edkov\u00e9 komponenty vyroben\u00e9 CNC obr\u00e1b\u011bn\u00edm<\/li>\n<li>Eloxovan\u00e1 povrchov\u00e1 \u00faprava pro odolnost<\/li>\n<li>Zarovn\u00e1v\u00e1 \u010distic\u00ed ty\u010d s v\u00fdvrtem pu\u0161ky<\/li>\n<li>Zabra\u0148uje po\u0161kozen\u00ed uzamykac\u00edch ozub\u016f a hran komory<\/li>\n<li>Vym\u011bniteln\u00e9 p\u0159edn\u00ed adapt\u00e9ry odoln\u00e9 v\u016f\u010di rozpou\u0161t\u011bdl\u016fm<\/li>\n<li>Dostupn\u00e9 pro r\u016fzn\u00e9 r\u00e1\u017ee AR-15 a AR-10<\/li>\n<\/ul>\n<p>Vod\u00edtko z\u00e1plat Bore Tech chr\u00e1n\u00ed pu\u0161ku a \u010distic\u00ed ty\u010d. Vyrobeno v USA.<\/p>\n<p><strong>Vyberte si Bore Tech.<\/strong><\/p>\n","protected":false},"excerpt":{"rendered":"<p>Snadn\u00e9 a \u010dist\u00e9 \u010di\u0161t\u011bn\u00ed AR-15\/AR-10 bez nepo\u0159\u00e1dku s hands-free upevn\u011bn\u00edm \u010distic\u00edch tamp\u00f3n\u016f.<\/p>\n","protected":false},"featured_media":235520,"template":"","meta":{"_acf_changed":false},"product_brand":[11146],"product_cat":[12651,12713,12650],"product_tag":[],"class_list":{"0":"post-274928","1":"product","2":"type-product","3":"status-publish","4":"has-post-thumbnail","6":"product_brand-boretech","7":"product_cat-cisteni-zbrani","8":"product_cat-cistici-naplasti-a-nastroje","9":"product_cat-zaplaty","11":"first","12":"instock","13":"taxable","14":"shipping-taxable","15":"purchasable","16":"product-type-variable","17":"wvs-archive-product-wrapper"},"acf":[],"_links":{"self":[{"href":"https:\/\/nbg.eu\/cs\/wp-json\/wp\/v2\/product\/274928","targetHints":{"allow":["GET"]}}],"collection":[{"href":"https:\/\/nbg.eu\/cs\/wp-json\/wp\/v2\/product"}],"about":[{"href":"https:\/\/nbg.eu\/cs\/wp-json\/wp\/v2\/types\/product"}],"wp:featuredmedia":[{"embeddable":true,"href":"https:\/\/nbg.eu\/cs\/wp-json\/wp\/v2\/media\/235520"}],"wp:attachment":[{"href":"https:\/\/nbg.eu\/cs\/wp-json\/wp\/v2\/media?parent=274928"}],"wp:term":[{"taxonomy":"product_brand","embeddable":true,"href":"https:\/\/nbg.eu\/cs\/wp-json\/wp\/v2\/product_brand?post=274928"},{"taxonomy":"product_cat","embeddable":true,"href":"https:\/\/nbg.eu\/cs\/wp-json\/wp\/v2\/product_cat?post=274928"},{"taxonomy":"product_tag","embeddable":true,"href":"https:\/\/nbg.eu\/cs\/wp-json\/wp\/v2\/product_tag?post=274928"}],"curies":[{"name":"wp","href":"https:\/\/api.w.org\/{rel}","templated":true}]}}