{"id":275112,"date":"2025-03-03T12:58:09","date_gmt":"2025-03-03T12:58:09","guid":{"rendered":"https:\/\/nbg.eu\/product\/bore-tech-extreme-grease-hd-10ml\/"},"modified":"2026-01-21T11:38:40","modified_gmt":"2026-01-21T08:38:40","slug":"bore-tech-extreme-grease-hd-10ml","status":"publish","type":"product","link":"https:\/\/nbg.eu\/cs\/produkt\/bore-tech-extreme-grease-hd-10ml\/","title":{"rendered":"Bore tech EXTREME GREASE HD 10ml"},"content":{"rendered":"<h2>Bore Tech EXTREME GREASE HD 10ml<\/h2>\n<p>Bore Tech EXTREME GREASE HD je syntetick\u00e9 mazivo pro st\u0159eln\u00e9 zbran\u011b.<\/p>\n<ul>\n<li>Provozn\u00ed teplotn\u00ed rozsah: -65\u00b0C a\u017e +371\u00b0C<\/li>\n<li>Roz\u0161\u00ed\u0159en\u00fd teplotn\u00ed rozsah: a\u017e 1093\u00b0C<\/li>\n<li>Nelepiv\u00e1 a nest\u00e9kaj\u00edc\u00ed formulace<\/li>\n<li>Maz\u00e1n\u00ed a prevence zad\u0159en\u00ed<\/li>\n<li>Ni\u017e\u0161\u00ed koeficient t\u0159en\u00ed<\/li>\n<li>Ochrana proti korozi<\/li>\n<li>Nano-keramick\u00e9 teplotn\u00ed maziva<\/li>\n<\/ul>\n<p>Vhodn\u00e9 pro pou\u017eit\u00ed na uzamykac\u00ed ozuby, r\u00e1my, \u010depy a va\u010dkov\u00e9 mechanismy. Zaji\u0161\u0165uje plynul\u00fd chod, prodlu\u017euje \u017eivotnost sou\u010d\u00e1st\u00ed a v\u00fdkon v extr\u00e9mn\u00edch podm\u00ednk\u00e1ch.<\/p>\n<p>10ml plastov\u00e1 tuba s d\u00e1vkovac\u00ed \u0161pi\u010dkou a \u0161roubovac\u00edm uz\u00e1v\u011brem pro snadnou aplikaci.<\/p>\n","protected":false},"excerpt":{"rendered":"<p>Ultra lepkav\u00e9 syntetick\u00e9 mazivo na zbran\u011b pro extr\u00e9mn\u00ed podm\u00ednky (-65\u00b0C a\u017e 371\u00b0C)<\/p>\n","protected":false},"featured_media":235467,"template":"","meta":{"_acf_changed":false},"product_brand":[11146],"product_cat":[12651,12664],"product_tag":[],"class_list":{"0":"post-275112","1":"product","2":"type-product","3":"status-publish","4":"has-post-thumbnail","6":"product_brand-boretech","7":"product_cat-cisteni-zbrani","8":"product_cat-maziva","10":"first","11":"outofstock","12":"taxable","13":"shipping-taxable","14":"purchasable","15":"product-type-simple"},"acf":[],"_links":{"self":[{"href":"https:\/\/nbg.eu\/cs\/wp-json\/wp\/v2\/product\/275112","targetHints":{"allow":["GET"]}}],"collection":[{"href":"https:\/\/nbg.eu\/cs\/wp-json\/wp\/v2\/product"}],"about":[{"href":"https:\/\/nbg.eu\/cs\/wp-json\/wp\/v2\/types\/product"}],"wp:featuredmedia":[{"embeddable":true,"href":"https:\/\/nbg.eu\/cs\/wp-json\/wp\/v2\/media\/235467"}],"wp:attachment":[{"href":"https:\/\/nbg.eu\/cs\/wp-json\/wp\/v2\/media?parent=275112"}],"wp:term":[{"taxonomy":"product_brand","embeddable":true,"href":"https:\/\/nbg.eu\/cs\/wp-json\/wp\/v2\/product_brand?post=275112"},{"taxonomy":"product_cat","embeddable":true,"href":"https:\/\/nbg.eu\/cs\/wp-json\/wp\/v2\/product_cat?post=275112"},{"taxonomy":"product_tag","embeddable":true,"href":"https:\/\/nbg.eu\/cs\/wp-json\/wp\/v2\/product_tag?post=275112"}],"curies":[{"name":"wp","href":"https:\/\/api.w.org\/{rel}","templated":true}]}}