{"id":275240,"date":"2025-03-07T22:16:41","date_gmt":"2025-03-07T19:16:41","guid":{"rendered":"https:\/\/nbg.eu\/product\/holosun-hs507comp-mount-plate-trijicon-holosun\/"},"modified":"2026-01-21T12:01:48","modified_gmt":"2026-01-21T09:01:48","slug":"holosun-hs507comp-montazni-desticka-trijiconholosun","status":"publish","type":"product","link":"https:\/\/nbg.eu\/cs\/produkt\/holosun-hs507comp-montazni-desticka-trijiconholosun\/","title":{"rendered":"Holosun &#8211; HS507Comp + Mont\u00e1\u017en\u00ed desti\u010dka TRIJICON\/HOLOSUN"},"content":{"rendered":"","protected":false},"excerpt":{"rendered":"","protected":false},"featured_media":249272,"template":"","meta":{"_acf_changed":false},"product_brand":[11426],"product_cat":[12655,12681,14914],"product_tag":[],"class_list":{"0":"post-275240","1":"product","2":"type-product","3":"status-publish","4":"has-post-thumbnail","6":"product_brand-holosun","7":"product_cat-dily-na-pistole","8":"product_cat-kolimatory","9":"product_cat-mounts-cs","11":"first","12":"instock","13":"taxable","14":"shipping-taxable","15":"purchasable","16":"product-type-simple"},"acf":[],"_links":{"self":[{"href":"https:\/\/nbg.eu\/cs\/wp-json\/wp\/v2\/product\/275240","targetHints":{"allow":["GET"]}}],"collection":[{"href":"https:\/\/nbg.eu\/cs\/wp-json\/wp\/v2\/product"}],"about":[{"href":"https:\/\/nbg.eu\/cs\/wp-json\/wp\/v2\/types\/product"}],"wp:featuredmedia":[{"embeddable":true,"href":"https:\/\/nbg.eu\/cs\/wp-json\/wp\/v2\/media\/249272"}],"wp:attachment":[{"href":"https:\/\/nbg.eu\/cs\/wp-json\/wp\/v2\/media?parent=275240"}],"wp:term":[{"taxonomy":"product_brand","embeddable":true,"href":"https:\/\/nbg.eu\/cs\/wp-json\/wp\/v2\/product_brand?post=275240"},{"taxonomy":"product_cat","embeddable":true,"href":"https:\/\/nbg.eu\/cs\/wp-json\/wp\/v2\/product_cat?post=275240"},{"taxonomy":"product_tag","embeddable":true,"href":"https:\/\/nbg.eu\/cs\/wp-json\/wp\/v2\/product_tag?post=275240"}],"curies":[{"name":"wp","href":"https:\/\/api.w.org\/{rel}","templated":true}]}}