{"id":275952,"date":"2025-03-03T22:22:36","date_gmt":"2025-03-03T19:22:36","guid":{"rendered":"https:\/\/nbg.eu\/product\/qwik-dri-dry-lubricant-1-oz\/"},"modified":"2026-01-21T11:41:28","modified_gmt":"2026-01-21T08:41:28","slug":"qwik-dri-suchy-lubrikant-1-oz","status":"publish","type":"product","link":"https:\/\/nbg.eu\/cs\/produkt\/qwik-dri-suchy-lubrikant-1-oz\/","title":{"rendered":"QWIK-DRI such\u00fd lubrikant, 1 Oz"},"content":{"rendered":"<h2>QWIK-DRI SUCH\u00c9 MAZIVO, 30 ml<\/h2>\n<p>Bore Tech Qwik-Dri\u2122 je such\u00e9 filmov\u00e9 mazivo pro \u00fadr\u017ebu st\u0159eln\u00fdch zbran\u00ed. Tato 30 ml lahvi\u010dka obsahuje sm\u011bs submikronov\u00fdch \u010d\u00e1stic PTFE v rychle se odpa\u0159uj\u00edc\u00edm nosi\u010di.<\/p>\n<ul>\n<li>Pronik\u00e1 hluboko do p\u00f3r\u016f kovu<\/li>\n<li>Vytv\u00e1\u0159\u00ed odoln\u00fd, dlouhotrvaj\u00edc\u00ed such\u00fd film<\/li>\n<li>Funguje v extr\u00e9mn\u00edch teplot\u00e1ch (-73\u00b0C a\u017e 316\u00b0C)<\/li>\n<li>Sni\u017euje t\u0159en\u00ed a opot\u0159eben\u00ed o 95%<\/li>\n<li>Odpuzuje prach, ne\u010distoty a drobn\u00e9 \u010d\u00e1stice<\/li>\n<li>Neolejov\u00e1 aplikace bez nepo\u0159\u00e1dku<\/li>\n<\/ul>\n<p>Vhodn\u00e9 pro pistolov\u00e9 z\u00e1v\u011bry, spou\u0161t\u011b, pu\u0161kov\u00e1 z\u00e1v\u011brov\u00e1 \u00fastroj\u00ed, z\u00e1sobn\u00edky a dal\u0161\u00ed. Qwik-Dri\u2122 zaji\u0161\u0165uje hladk\u00fd chod bez nepo\u0159\u00e1dku. Je vhodn\u00e9 pro zbran\u011b v pouzd\u0159e, nezanech\u00e1v\u00e1 skvrny na oble\u010den\u00ed a nep\u0159itahuje textiln\u00ed vl\u00e1kna. Vyrobeno v USA.<\/p>\n<p><strong>Zvolte Bore Tech Qwik-Dri\u2122.<\/strong><\/p>\n","protected":false},"excerpt":{"rendered":"<p>QWIK-DRI: Rychleschnouc\u00ed PTFE mazivo pro extr\u00e9mn\u00ed teploty. Odpuzuje ne\u010distoty.<\/p>\n","protected":false},"featured_media":235670,"template":"","meta":{"_acf_changed":false},"product_brand":[11146],"product_cat":[12651,12724,12664],"product_tag":[],"class_list":{"0":"post-275952","1":"product","2":"type-product","3":"status-publish","4":"has-post-thumbnail","6":"product_brand-boretech","7":"product_cat-cisteni-zbrani","8":"product_cat-cistici-prostredky","9":"product_cat-maziva","11":"first","12":"instock","13":"taxable","14":"shipping-taxable","15":"purchasable","16":"product-type-simple"},"acf":[],"_links":{"self":[{"href":"https:\/\/nbg.eu\/cs\/wp-json\/wp\/v2\/product\/275952","targetHints":{"allow":["GET"]}}],"collection":[{"href":"https:\/\/nbg.eu\/cs\/wp-json\/wp\/v2\/product"}],"about":[{"href":"https:\/\/nbg.eu\/cs\/wp-json\/wp\/v2\/types\/product"}],"wp:featuredmedia":[{"embeddable":true,"href":"https:\/\/nbg.eu\/cs\/wp-json\/wp\/v2\/media\/235670"}],"wp:attachment":[{"href":"https:\/\/nbg.eu\/cs\/wp-json\/wp\/v2\/media?parent=275952"}],"wp:term":[{"taxonomy":"product_brand","embeddable":true,"href":"https:\/\/nbg.eu\/cs\/wp-json\/wp\/v2\/product_brand?post=275952"},{"taxonomy":"product_cat","embeddable":true,"href":"https:\/\/nbg.eu\/cs\/wp-json\/wp\/v2\/product_cat?post=275952"},{"taxonomy":"product_tag","embeddable":true,"href":"https:\/\/nbg.eu\/cs\/wp-json\/wp\/v2\/product_tag?post=275952"}],"curies":[{"name":"wp","href":"https:\/\/api.w.org\/{rel}","templated":true}]}}