{"id":283316,"date":"2025-03-06T13:27:47","date_gmt":"2025-03-06T10:27:47","guid":{"rendered":"https:\/\/nbg.eu\/product\/ftcs-buttstock-adapter-ar15-for-akm\/"},"modified":"2026-01-21T12:30:44","modified_gmt":"2026-01-21T09:30:44","slug":"ftcs-adapter-pazby-ar15-pro-akm","status":"publish","type":"product","link":"https:\/\/nbg.eu\/cs\/produkt\/ftcs-adapter-pazby-ar15-pro-akm\/","title":{"rendered":"FTCS &#8211; adapt\u00e9r pa\u017eby AR15 pro AKM"},"content":{"rendered":"<h2>FTCS &#8211; Adapt\u00e9r pa\u017eby AR15 pro AKM<\/h2>\n<p>FTCS Adapt\u00e9r pa\u017eby AR15 pro AKM. Tento hlin\u00edkov\u00fd adapt\u00e9r s povrchovou \u00fapravou Cerakote H-146 umo\u017e\u0148uje mont\u00e1\u017e pa\u017eeb AR15 na pu\u0161ku AKM.<\/p>\n<h3>Hlavn\u00ed vlastnosti:<\/h3>\n<ul>\n<li>Vyrobeno pro rodinu AKM<\/li>\n<li>Kompatibiln\u00ed s pa\u017ebami AR<\/li>\n<li>Standard MIL-SPEC<\/li>\n<li>Jednoduch\u00e1 instalace &#8211; nevy\u017eaduje dal\u0161\u00ed sou\u010d\u00e1sti<\/li>\n<li>Hlin\u00edkov\u00e1 konstrukce s povrchovou \u00fapravou Cerakote<\/li>\n<li>Obsahuje vod\u00edtko a z\u00e1v\u011bs s upevn\u011bn\u00edm<\/li>\n<\/ul>\n<h3>Technick\u00e9 specifikace:<\/h3>\n<ul>\n<li>Kompatibilita: AKM<\/li>\n<li>Aplikace: pa\u017eba AR15<\/li>\n<li>Materi\u00e1l: Hlin\u00edk<\/li>\n<li>Povrchov\u00e1 \u00faprava: Cerakote H-146<\/li>\n<li>Rozm\u011bry: 202 x 28 x 36 mm<\/li>\n<li>Hmotnost: 221 g<\/li>\n<\/ul>\n<p>Adapt\u00e9r pa\u017eby pro va\u0161i AKM.<\/p>\n","protected":false},"excerpt":{"rendered":"<p>Adapt\u00e9r pa\u017eby AR15 pro AKM. Hlin\u00edkov\u00fd, s povrchovou \u00fapravou Cerakote, vojensk\u00e1 specifikace.<\/p>\n","protected":false},"featured_media":241105,"template":"","meta":{"_acf_changed":false},"product_brand":[11310],"product_cat":[12647,12709,12670],"product_tag":[],"class_list":{"0":"post-283316","1":"product","2":"type-product","3":"status-publish","4":"has-post-thumbnail","6":"product_brand-ftcs","7":"product_cat-ak-tuning","8":"product_cat-puska","9":"product_cat-tuning-pusek","11":"first","12":"instock","13":"taxable","14":"shipping-taxable","15":"purchasable","16":"product-type-simple"},"acf":[],"_links":{"self":[{"href":"https:\/\/nbg.eu\/cs\/wp-json\/wp\/v2\/product\/283316","targetHints":{"allow":["GET"]}}],"collection":[{"href":"https:\/\/nbg.eu\/cs\/wp-json\/wp\/v2\/product"}],"about":[{"href":"https:\/\/nbg.eu\/cs\/wp-json\/wp\/v2\/types\/product"}],"wp:featuredmedia":[{"embeddable":true,"href":"https:\/\/nbg.eu\/cs\/wp-json\/wp\/v2\/media\/241105"}],"wp:attachment":[{"href":"https:\/\/nbg.eu\/cs\/wp-json\/wp\/v2\/media?parent=283316"}],"wp:term":[{"taxonomy":"product_brand","embeddable":true,"href":"https:\/\/nbg.eu\/cs\/wp-json\/wp\/v2\/product_brand?post=283316"},{"taxonomy":"product_cat","embeddable":true,"href":"https:\/\/nbg.eu\/cs\/wp-json\/wp\/v2\/product_cat?post=283316"},{"taxonomy":"product_tag","embeddable":true,"href":"https:\/\/nbg.eu\/cs\/wp-json\/wp\/v2\/product_tag?post=283316"}],"curies":[{"name":"wp","href":"https:\/\/api.w.org\/{rel}","templated":true}]}}