{"id":284882,"date":"2024-01-30T18:08:20","date_gmt":"2024-01-30T18:08:20","guid":{"rendered":"https:\/\/nbg.eu\/product\/area-419-mini-pad-the-gripchanger\/"},"modified":"2026-01-21T12:04:24","modified_gmt":"2026-01-21T09:04:24","slug":"area-419-mini-pad-strelecka-podlozka","status":"publish","type":"product","link":"https:\/\/nbg.eu\/cs\/produkt\/area-419-mini-pad-strelecka-podlozka\/","title":{"rendered":"Area 419 Mini Pad st\u0159eleck\u00e1 podlo\u017eka"},"content":{"rendered":"<div class=\"product-description\">\n<h2>Area 419 &#8211; Mini Pad, GripChanger<\/h2>\n<p>GripChanger je nov\u00fd produkt v na\u0161\u00ed \u0159ad\u011b RailChanger. Tento kompaktn\u00ed, p\u0159ilnav\u00fd a hust\u011b pln\u011bn\u00fd vak je ur\u010den pro rychl\u00e9 budov\u00e1n\u00ed pozice nebo pou\u017eit\u00ed v mal\u00fdch otvorech.<\/p>\n<h3>Vlastnosti:<\/h3>\n<ul>\n<li>V\u00e1\u017e\u00ed p\u0159ibli\u017en\u011b 0,45 kg<\/li>\n<li>P\u0159ilne k jak\u00e9mukoli povrchu<\/li>\n<li>Poskytuje stabiln\u00ed platformu pro rychl\u00e9 sestaven\u00ed<\/li>\n<\/ul>\n<h3>Sada obsahuje:<\/h3>\n<ul>\n<li>1 Vak Area 419 GripChanger<\/li>\n<li>1 ARCALOCK svorka<\/li>\n<li>1 Area 419 Rail Changer rameno<\/li>\n<\/ul>\n<h3>Specifikace:<\/h3>\n<ul>\n<li>Hmotnost: 0,45 kg<\/li>\n<li>Rozm\u011bry: 25,4 \u00d7 7,6 \u00d7 5,1 cm<\/li>\n<li>V\u00fdrobce: Armageddon Gear<\/li>\n<\/ul>\n<\/div>\n","protected":false},"excerpt":{"rendered":"<p>\u201eKompaktn\u00ed, p\u0159ilnav\u00fd 0,45kg pytl\u00edk pro rychl\u00e9 a stabiln\u00ed st\u0159eleck\u00e9 pozice. V\u010detn\u011b svorky a ramene.&#8220;<\/p>\n","protected":false},"featured_media":233560,"template":"","meta":{"_acf_changed":false},"product_brand":[11032],"product_cat":[12709],"product_tag":[],"class_list":{"0":"post-284882","1":"product","2":"type-product","3":"status-publish","4":"has-post-thumbnail","6":"product_brand-area-419","7":"product_cat-puska","9":"first","10":"instock","11":"taxable","12":"shipping-taxable","13":"purchasable","14":"product-type-simple"},"acf":[],"_links":{"self":[{"href":"https:\/\/nbg.eu\/cs\/wp-json\/wp\/v2\/product\/284882","targetHints":{"allow":["GET"]}}],"collection":[{"href":"https:\/\/nbg.eu\/cs\/wp-json\/wp\/v2\/product"}],"about":[{"href":"https:\/\/nbg.eu\/cs\/wp-json\/wp\/v2\/types\/product"}],"wp:featuredmedia":[{"embeddable":true,"href":"https:\/\/nbg.eu\/cs\/wp-json\/wp\/v2\/media\/233560"}],"wp:attachment":[{"href":"https:\/\/nbg.eu\/cs\/wp-json\/wp\/v2\/media?parent=284882"}],"wp:term":[{"taxonomy":"product_brand","embeddable":true,"href":"https:\/\/nbg.eu\/cs\/wp-json\/wp\/v2\/product_brand?post=284882"},{"taxonomy":"product_cat","embeddable":true,"href":"https:\/\/nbg.eu\/cs\/wp-json\/wp\/v2\/product_cat?post=284882"},{"taxonomy":"product_tag","embeddable":true,"href":"https:\/\/nbg.eu\/cs\/wp-json\/wp\/v2\/product_tag?post=284882"}],"curies":[{"name":"wp","href":"https:\/\/api.w.org\/{rel}","templated":true}]}}