{"id":285651,"date":"2025-03-06T23:26:40","date_gmt":"2025-03-06T20:26:40","guid":{"rendered":"https:\/\/nbg.eu\/product\/clawgear-bulgaria-flag-patch\/"},"modified":"2026-01-21T11:53:44","modified_gmt":"2026-01-21T08:53:44","slug":"clawgear-nasivka-bulharska-vlajka","status":"publish","type":"product","link":"https:\/\/nbg.eu\/cs\/produkt\/clawgear-nasivka-bulharska-vlajka\/","title":{"rendered":"Clawgear &#8211; n\u00e1\u0161ivka bulharsk\u00e1 vlajka"},"content":{"rendered":"<div class=\"product-description\">\n<h2>N\u00e1\u0161ivka s vlajkou Bulharska Clawgear<\/h2>\n<\/ul>\n<h3>Rozm\u011bry:<\/h3>\n<ul>\n<li>D\u00e9lka: 5 cm<\/li>\n<li>\u0160\u00ed\u0159ka: 7,5 cm<\/li>\n<li>V\u00fd\u0161ka: 0,1 cm<\/li>\n<li>Hmotnost: 0,003 kg<\/li>\n<\/ul>\n","protected":false},"excerpt":{"rendered":"<p>I apologize, but there is no product description provided in your message for me to translate. Could you please provide the English text that you would like translated to Czech? Once you share the product description, I&#8217;ll be happy to translate it for you.<\/p>\n","protected":false},"featured_media":245433,"template":"","meta":{"_acf_changed":false},"product_brand":[11218],"product_cat":[12717],"product_tag":[],"class_list":{"0":"post-285651","1":"product","2":"type-product","3":"status-publish","4":"has-post-thumbnail","6":"product_brand-clawgear","7":"product_cat-vybava","9":"first","10":"outofstock","11":"taxable","12":"shipping-taxable","13":"purchasable","14":"product-type-simple"},"acf":[],"_links":{"self":[{"href":"https:\/\/nbg.eu\/cs\/wp-json\/wp\/v2\/product\/285651","targetHints":{"allow":["GET"]}}],"collection":[{"href":"https:\/\/nbg.eu\/cs\/wp-json\/wp\/v2\/product"}],"about":[{"href":"https:\/\/nbg.eu\/cs\/wp-json\/wp\/v2\/types\/product"}],"wp:featuredmedia":[{"embeddable":true,"href":"https:\/\/nbg.eu\/cs\/wp-json\/wp\/v2\/media\/245433"}],"wp:attachment":[{"href":"https:\/\/nbg.eu\/cs\/wp-json\/wp\/v2\/media?parent=285651"}],"wp:term":[{"taxonomy":"product_brand","embeddable":true,"href":"https:\/\/nbg.eu\/cs\/wp-json\/wp\/v2\/product_brand?post=285651"},{"taxonomy":"product_cat","embeddable":true,"href":"https:\/\/nbg.eu\/cs\/wp-json\/wp\/v2\/product_cat?post=285651"},{"taxonomy":"product_tag","embeddable":true,"href":"https:\/\/nbg.eu\/cs\/wp-json\/wp\/v2\/product_tag?post=285651"}],"curies":[{"name":"wp","href":"https:\/\/api.w.org\/{rel}","templated":true}]}}