{"id":289304,"date":"2024-01-30T18:07:31","date_gmt":"2024-01-30T18:07:31","guid":{"rendered":"https:\/\/nbg.eu\/prodcut\/area-419-arcalock-12-m-lok-dovetail-rail-2\/"},"modified":"2026-05-16T22:04:17","modified_gmt":"2026-05-16T19:04:17","slug":"area-419-arcalock-12-m-lok-kolejnice-typ-lastovici-ocas","status":"publish","type":"product","link":"https:\/\/nbg.eu\/cs\/produkt\/area-419-arcalock-12-m-lok-kolejnice-typ-lastovici-ocas\/","title":{"rendered":"Area 419 ARCALOCK 12&#8243; M-LOK kolejnice typ lastovi\u010d\u00ed ocas"},"content":{"rendered":"<h2>Area 419 &#8211; ARCALOCK 12&#8243; M-LOK Dovetailov\u00e1 li\u0161ta<\/h2>\n<p>ARCALOCK 12&#8243; M-LOK Dovetailov\u00e1 li\u0161ta od Area 419 m\u00e1 tyto vlastnosti:<\/p>\n<ul>\n<li>Zoubkovan\u00e9 strany pro mechanick\u00e9 zaji\u0161t\u011bn\u00ed se svorkami Area 419<\/li>\n<li>Kompatibilita se standardn\u00edm p\u0159\u00edslu\u0161enstv\u00edm Arca<\/li>\n<li>D\u00e9lka 12&#8243; pro optim\u00e1ln\u00ed prostor pro p\u0159ipevn\u011bn\u00ed<\/li>\n<li>Hmotnost 111,5 gram\u016f<\/li>\n<li>Soulad se standardem RRS 1.5&#8243; Dovetail<\/li>\n<li>Zkosen\u00e9 hrany<\/li>\n<li>Mo\u017enosti mont\u00e1\u017ee pro r\u016fzn\u00e9 konfigurace pu\u0161ek<\/li>\n<li>Konstrukce z hlin\u00edku 6061-T6 s tvrdou anodizac\u00ed typu 3<\/li>\n<li>Vyrobeno v USA<\/li>\n<\/ul>\n<p>ARCALOCK Dovetailov\u00fd syst\u00e9m li\u0161t je navr\u017een pro eliminaci pohybu pod tlakem.<\/p>\n","protected":false},"excerpt":{"rendered":"<p>Zamykateln\u00e1 12&#8243; ARCA li\u0161ta pro p\u0159esn\u00e9 pu\u0161ky. Zoubkovan\u00e9 boky, kompatibiln\u00ed s M-LOK.<\/p>\n","protected":false},"featured_media":232503,"template":"","meta":{"_acf_changed":false},"product_brand":[11032],"product_cat":[12723,14949,12709,12645,12670],"product_tag":[],"class_list":{"0":"post-289304","1":"product","2":"type-product","3":"status-publish","4":"has-post-thumbnail","6":"product_brand-area-419","7":"product_cat-listy","8":"product_cat-m-lok-rail-systems-cs","9":"product_cat-puska","10":"product_cat-remeny","11":"product_cat-tuning-pusek","13":"first","14":"instock","15":"sale","16":"taxable","17":"shipping-taxable","18":"purchasable","19":"product-type-variable","20":"wvs-archive-product-wrapper"},"acf":[],"_links":{"self":[{"href":"https:\/\/nbg.eu\/cs\/wp-json\/wp\/v2\/product\/289304","targetHints":{"allow":["GET"]}}],"collection":[{"href":"https:\/\/nbg.eu\/cs\/wp-json\/wp\/v2\/product"}],"about":[{"href":"https:\/\/nbg.eu\/cs\/wp-json\/wp\/v2\/types\/product"}],"wp:featuredmedia":[{"embeddable":true,"href":"https:\/\/nbg.eu\/cs\/wp-json\/wp\/v2\/media\/232503"}],"wp:attachment":[{"href":"https:\/\/nbg.eu\/cs\/wp-json\/wp\/v2\/media?parent=289304"}],"wp:term":[{"taxonomy":"product_brand","embeddable":true,"href":"https:\/\/nbg.eu\/cs\/wp-json\/wp\/v2\/product_brand?post=289304"},{"taxonomy":"product_cat","embeddable":true,"href":"https:\/\/nbg.eu\/cs\/wp-json\/wp\/v2\/product_cat?post=289304"},{"taxonomy":"product_tag","embeddable":true,"href":"https:\/\/nbg.eu\/cs\/wp-json\/wp\/v2\/product_tag?post=289304"}],"curies":[{"name":"wp","href":"https:\/\/api.w.org\/{rel}","templated":true}]}}