{"id":289390,"date":"2025-03-01T15:46:12","date_gmt":"2025-03-01T15:46:12","guid":{"rendered":"https:\/\/nbg.eu\/prodcut\/area-419-arcalock-14-universal-dovetail-rail\/"},"modified":"2026-05-13T16:03:42","modified_gmt":"2026-05-13T13:03:42","slug":"area-419-arcalock-14-univerzalni-kolejnice","status":"publish","type":"product","link":"https:\/\/nbg.eu\/cs\/produkt\/area-419-arcalock-14-univerzalni-kolejnice\/","title":{"rendered":"Area 419 &#8211; ARCALOCK 14&#8243; univerz\u00e1ln\u00ed kolejnice"},"content":{"rendered":"<h2>Area 419 &#8211; ARCALOCK 14&#8243; Univerz\u00e1ln\u00ed rybinov\u00e1 li\u0161ta<\/h2>\n<p>ARCALOCK 14&#8243; Univerz\u00e1ln\u00ed rybinov\u00e1 li\u0161ta od Area 419 nab\u00edz\u00ed tyto vlastnosti:<\/p>\n<ul>\n<li>Zoubkovan\u00e9 strany pro mechanick\u00e9 zaji\u0161t\u011bn\u00ed se svorkami Area 419<\/li>\n<li>65 zaji\u0161\u0165ovac\u00edch pozic na 14&#8243; li\u0161t\u011b<\/li>\n<li>Zp\u011btn\u00e1 kompatibilita se standardn\u00edm p\u0159\u00edslu\u0161enstv\u00edm Arca<\/li>\n<li>Zoubkovan\u00e1 pevn\u00e1 zadn\u00ed zar\u00e1\u017eka s roz\u0161i\u0159ovac\u00ed z\u00e1tkou<\/li>\n<li>Lehk\u00e1 konstrukce o hmotnosti 5,6 oz<\/li>\n<li>Vyrobeno podle standardu RRS 1,5&#8243; rybinov\u00e9 li\u0161ty<\/li>\n<li>Zaoblen\u00e9 rohy a zkosen\u00e9 hrany pro pohodl\u00ed<\/li>\n<li>Konstrukce z hlin\u00edku 6061-T6 s tvrdou anodizac\u00ed typu 3<\/li>\n<li>Vyrobeno v USA<\/li>\n<\/ul>\n<p>ARCALOCK syst\u00e9m li\u0161t je navr\u017een pro p\u0159esnost a v\u00fdkon.<\/p>\n","protected":false},"excerpt":{"rendered":"<p>&#8222;Zamykac\u00ed ARCA li\u0161ta pro p\u0159esn\u00e9 pu\u0161ky. 35,5 cm, 65 pozic, 159 gram\u016f.&#8220;<\/p>\n","protected":false},"featured_media":232580,"template":"","meta":{"_acf_changed":false},"product_brand":[11032],"product_cat":[15549,12723],"product_tag":[],"class_list":{"0":"post-289390","1":"product","2":"type-product","3":"status-publish","4":"has-post-thumbnail","6":"product_brand-area-419","7":"product_cat-arcalock-systems-cs","8":"product_cat-listy","10":"first","11":"instock","12":"sale","13":"taxable","14":"shipping-taxable","15":"purchasable","16":"product-type-simple"},"acf":[],"_links":{"self":[{"href":"https:\/\/nbg.eu\/cs\/wp-json\/wp\/v2\/product\/289390","targetHints":{"allow":["GET"]}}],"collection":[{"href":"https:\/\/nbg.eu\/cs\/wp-json\/wp\/v2\/product"}],"about":[{"href":"https:\/\/nbg.eu\/cs\/wp-json\/wp\/v2\/types\/product"}],"wp:featuredmedia":[{"embeddable":true,"href":"https:\/\/nbg.eu\/cs\/wp-json\/wp\/v2\/media\/232580"}],"wp:attachment":[{"href":"https:\/\/nbg.eu\/cs\/wp-json\/wp\/v2\/media?parent=289390"}],"wp:term":[{"taxonomy":"product_brand","embeddable":true,"href":"https:\/\/nbg.eu\/cs\/wp-json\/wp\/v2\/product_brand?post=289390"},{"taxonomy":"product_cat","embeddable":true,"href":"https:\/\/nbg.eu\/cs\/wp-json\/wp\/v2\/product_cat?post=289390"},{"taxonomy":"product_tag","embeddable":true,"href":"https:\/\/nbg.eu\/cs\/wp-json\/wp\/v2\/product_tag?post=289390"}],"curies":[{"name":"wp","href":"https:\/\/api.w.org\/{rel}","templated":true}]}}