{"id":289533,"date":"2025-03-01T14:21:59","date_gmt":"2025-03-01T14:21:59","guid":{"rendered":"https:\/\/nbg.eu\/prodcut\/area-419-arcalock-10%e2%80%b3-universal-dovetail-rail\/"},"modified":"2026-05-13T16:02:06","modified_gmt":"2026-05-13T13:02:06","slug":"area-419-arcalock-10-univerzalni-kolejnice","status":"publish","type":"product","link":"https:\/\/nbg.eu\/cs\/produkt\/area-419-arcalock-10-univerzalni-kolejnice\/","title":{"rendered":"Area 419 &#8211; ARCALOCK 10&#8243; univerz\u00e1ln\u00ed kolejnice"},"content":{"rendered":"<div class=\"product-description\">\n<h2>Area 419 &#8211; ARCALOCK 10&#8243; Univerz\u00e1ln\u00ed Rybinov\u00e1 Li\u0161ta<\/h2>\n<p>ARCALOCK 10&#8243; Univerz\u00e1ln\u00ed Rybinov\u00e1 Li\u0161ta od Area 419 m\u00e1 tyto vlastnosti:<\/p>\n<ul>\n<li>Vroubkovan\u00e9 strany pro mechanick\u00e9 zaji\u0161t\u011bn\u00ed se svorkami Area 419<\/li>\n<li>Kompatibilita se standardn\u00edm p\u0159\u00edslu\u0161enstv\u00edm Arca<\/li>\n<li>Lehk\u00e1 konstrukce o hmotnosti 4,1 unce<\/li>\n<li>Soulad se standardem RRS 1,5&#8243; rybinov\u00e9 dr\u00e1\u017eky<\/li>\n<li>Zkosen\u00e9 hrany<\/li>\n<li>Hlin\u00edk 6061-T6 s tvrdou anodizac\u00ed typu 3<\/li>\n<li>Vyrobeno v USA<\/li>\n<li>M-LOK sloty pro mont\u00e1\u017e dal\u0161\u00edho p\u0159\u00edslu\u0161enstv\u00ed<\/li>\n<\/ul>\n<p><strong>Pozn\u00e1mka:<\/strong> Vy\u017eaduje 6 po sob\u011b jdouc\u00edch MLOK slot\u016f pro p\u0159ipevn\u011bn\u00ed. Pro pa\u017eby s m\u00e9n\u011b sloty zva\u017ete 12&#8243; univerz\u00e1ln\u00ed li\u0161tu.<\/p>\n<p>ARCALOCK Rybinov\u00e1 Li\u0161ta pro p\u0159esn\u00e9 pu\u0161ky.<\/p>\n<\/div>\n","protected":false},"excerpt":{"rendered":"<p>ARCALOCK 10&#8243; univerz\u00e1ln\u00ed li\u0161ta s rybinovou dr\u00e1\u017ekou: Bezpe\u010dn\u00e9, v\u0161estrann\u00e9 MLOK uchycen\u00ed pro p\u0159esn\u00e9 pu\u0161ky.<\/p>\n","protected":false},"featured_media":232417,"template":"","meta":{"_acf_changed":false},"product_brand":[11032],"product_cat":[15549,12723],"product_tag":[],"class_list":{"0":"post-289533","1":"product","2":"type-product","3":"status-publish","4":"has-post-thumbnail","6":"product_brand-area-419","7":"product_cat-arcalock-systems-cs","8":"product_cat-listy","10":"first","11":"instock","12":"sale","13":"taxable","14":"shipping-taxable","15":"purchasable","16":"product-type-simple"},"acf":[],"_links":{"self":[{"href":"https:\/\/nbg.eu\/cs\/wp-json\/wp\/v2\/product\/289533","targetHints":{"allow":["GET"]}}],"collection":[{"href":"https:\/\/nbg.eu\/cs\/wp-json\/wp\/v2\/product"}],"about":[{"href":"https:\/\/nbg.eu\/cs\/wp-json\/wp\/v2\/types\/product"}],"wp:featuredmedia":[{"embeddable":true,"href":"https:\/\/nbg.eu\/cs\/wp-json\/wp\/v2\/media\/232417"}],"wp:attachment":[{"href":"https:\/\/nbg.eu\/cs\/wp-json\/wp\/v2\/media?parent=289533"}],"wp:term":[{"taxonomy":"product_brand","embeddable":true,"href":"https:\/\/nbg.eu\/cs\/wp-json\/wp\/v2\/product_brand?post=289533"},{"taxonomy":"product_cat","embeddable":true,"href":"https:\/\/nbg.eu\/cs\/wp-json\/wp\/v2\/product_cat?post=289533"},{"taxonomy":"product_tag","embeddable":true,"href":"https:\/\/nbg.eu\/cs\/wp-json\/wp\/v2\/product_tag?post=289533"}],"curies":[{"name":"wp","href":"https:\/\/api.w.org\/{rel}","templated":true}]}}