{"id":289738,"date":"2025-03-01T16:03:10","date_gmt":"2025-03-01T16:03:10","guid":{"rendered":"https:\/\/nbg.eu\/prodcut\/area-419-arcalock-8-universal-dovetail-rail\/"},"modified":"2026-05-13T16:03:29","modified_gmt":"2026-05-13T13:03:29","slug":"area-419-arcalock-8-univerzalni-kolejnice","status":"publish","type":"product","link":"https:\/\/nbg.eu\/cs\/produkt\/area-419-arcalock-8-univerzalni-kolejnice\/","title":{"rendered":"Area 419 &#8211; ARCALOCK 8&#8243; univerz\u00e1ln\u00ed kolejnice"},"content":{"rendered":"<div class=\"product-description\">\n<h2>Area 419 &#8211; ARCALOCK 8&#8243; Univerz\u00e1ln\u00ed rybinov\u00e1 li\u0161ta<\/h2>\n<p>ARCALOCK 8&#8243; Univerz\u00e1ln\u00ed rybinov\u00e1 li\u0161ta od Area 419. Tento syst\u00e9m li\u0161t zahrnuje:<\/p>\n<ul>\n<li>Zoubkovan\u00e9 boky pro mechanick\u00e9 zaji\u0161t\u011bn\u00ed se svorkami Area 419<\/li>\n<li>Kompatibilita se standardn\u00edm p\u0159\u00edslu\u0161enstv\u00edm ARCA<\/li>\n<li>D\u00e9lka 8&#8243; pro pln\u00e9 pokryt\u00ed p\u0159edpa\u017eb\u00ed<\/li>\n<li>Lehk\u00e1 konstrukce o hmotnosti 3 unce<\/li>\n<li>Soulad se standardem RRS 1.5&#8243; rybinov\u00e9 li\u0161ty<\/li>\n<li>Zaoblen\u00e9 hrany<\/li>\n<li>Povrchov\u00e1 \u00faprava tvrd\u00fdm eloxov\u00e1n\u00edm typu 3<\/li>\n<li>Vyrobeno v USA z hlin\u00edku 6061-T6<\/li>\n<\/ul>\n<p>Syst\u00e9m li\u0161t ARCALOCK je navr\u017een pro zlep\u0161en\u00ed st\u0159eleck\u00e9ho v\u00fdkonu.<\/p>\n<\/div>\n","protected":false},"excerpt":{"rendered":"<p>Area 419 ARCALOCK: 20cm zamykac\u00ed rybinov\u00e1 li\u0161ta pro p\u0159esn\u00e9 pu\u0161ky.<\/p>\n","protected":false},"featured_media":232883,"template":"","meta":{"_acf_changed":false},"product_brand":[11032],"product_cat":[15549,12723],"product_tag":[],"class_list":{"0":"post-289738","1":"product","2":"type-product","3":"status-publish","4":"has-post-thumbnail","6":"product_brand-area-419","7":"product_cat-arcalock-systems-cs","8":"product_cat-listy","10":"first","11":"instock","12":"sale","13":"taxable","14":"shipping-taxable","15":"purchasable","16":"product-type-simple"},"acf":[],"_links":{"self":[{"href":"https:\/\/nbg.eu\/cs\/wp-json\/wp\/v2\/product\/289738","targetHints":{"allow":["GET"]}}],"collection":[{"href":"https:\/\/nbg.eu\/cs\/wp-json\/wp\/v2\/product"}],"about":[{"href":"https:\/\/nbg.eu\/cs\/wp-json\/wp\/v2\/types\/product"}],"wp:featuredmedia":[{"embeddable":true,"href":"https:\/\/nbg.eu\/cs\/wp-json\/wp\/v2\/media\/232883"}],"wp:attachment":[{"href":"https:\/\/nbg.eu\/cs\/wp-json\/wp\/v2\/media?parent=289738"}],"wp:term":[{"taxonomy":"product_brand","embeddable":true,"href":"https:\/\/nbg.eu\/cs\/wp-json\/wp\/v2\/product_brand?post=289738"},{"taxonomy":"product_cat","embeddable":true,"href":"https:\/\/nbg.eu\/cs\/wp-json\/wp\/v2\/product_cat?post=289738"},{"taxonomy":"product_tag","embeddable":true,"href":"https:\/\/nbg.eu\/cs\/wp-json\/wp\/v2\/product_tag?post=289738"}],"curies":[{"name":"wp","href":"https:\/\/api.w.org\/{rel}","templated":true}]}}