{"id":290199,"date":"2025-03-02T10:02:47","date_gmt":"2025-03-02T10:02:47","guid":{"rendered":"https:\/\/nbg.eu\/prodcut\/area-419-arcalock-rail-for-barrett-mrad-mk22-sniper-system\/"},"modified":"2026-05-13T16:48:45","modified_gmt":"2026-05-13T13:48:45","slug":"area-419-arcalock-kolejnice-pro-barrett-mrad-mk22-sniper-system","status":"publish","type":"product","link":"https:\/\/nbg.eu\/cs\/produkt\/area-419-arcalock-kolejnice-pro-barrett-mrad-mk22-sniper-system\/","title":{"rendered":"Area 419 &#8211; ARCALOCK kolejnice pro Barrett MRAD, MK22 Sniper System"},"content":{"rendered":"<div class=\"product-description\">\n<h2>Area 419 &#8211; ARCALOCK li\u0161ta pro Barrett MRAD, MK22 odst\u0159elovac\u00ed syst\u00e9m<\/h2>\n<p>ARCALOCK li\u0161ta od Area 419 pro Barrett MRAD nebo MK22 odst\u0159elovac\u00ed syst\u00e9m nab\u00edz\u00ed:<\/p>\n<ul>\n<li>Kompatibilita s platformami Barrett MRAD a MK22<\/li>\n<li>Konstrukce z hlin\u00edku 7075-T6<\/li>\n<li>ARCALOCK mont\u00e1\u017en\u00ed syst\u00e9m<\/li>\n<li>Prodlou\u017een\u00e1 horn\u00ed li\u0161ta pro mont\u00e1\u017e p\u0159\u00edslu\u0161enstv\u00ed<\/li>\n<li>M-LOK kompatibiln\u00ed boky a spodek<\/li>\n<li>Lehk\u00e1 konstrukce<\/li>\n<li>Tvrd\u011b eloxovan\u00e1 povrchov\u00e1 \u00faprava<\/li>\n<\/ul>\n<p>Area 419 ARCALOCK li\u0161ta je ur\u010dena pro st\u0159elce na dlouh\u00e9 vzd\u00e1lenosti a vojensk\u00e9 profesion\u00e1ly.<\/p>\n<\/div>\n","protected":false},"excerpt":{"rendered":"<p>P\u0159esn\u011b navr\u017een\u00e1 li\u0161ta ARCALOCK pro Barrett MRAD\/MK22. Zvy\u0161uje p\u0159esnost a umo\u017e\u0148uje mont\u00e1\u017e p\u0159\u00edslu\u0161enstv\u00ed.<\/p>\n","protected":false},"featured_media":234159,"template":"","meta":{"_acf_changed":false},"product_brand":[11032],"product_cat":[15549,12723],"product_tag":[],"class_list":{"0":"post-290199","1":"product","2":"type-product","3":"status-publish","4":"has-post-thumbnail","6":"product_brand-area-419","7":"product_cat-arcalock-systems-cs","8":"product_cat-listy","10":"first","11":"instock","12":"sale","13":"taxable","14":"shipping-taxable","15":"purchasable","16":"product-type-simple"},"acf":[],"_links":{"self":[{"href":"https:\/\/nbg.eu\/cs\/wp-json\/wp\/v2\/product\/290199","targetHints":{"allow":["GET"]}}],"collection":[{"href":"https:\/\/nbg.eu\/cs\/wp-json\/wp\/v2\/product"}],"about":[{"href":"https:\/\/nbg.eu\/cs\/wp-json\/wp\/v2\/types\/product"}],"wp:featuredmedia":[{"embeddable":true,"href":"https:\/\/nbg.eu\/cs\/wp-json\/wp\/v2\/media\/234159"}],"wp:attachment":[{"href":"https:\/\/nbg.eu\/cs\/wp-json\/wp\/v2\/media?parent=290199"}],"wp:term":[{"taxonomy":"product_brand","embeddable":true,"href":"https:\/\/nbg.eu\/cs\/wp-json\/wp\/v2\/product_brand?post=290199"},{"taxonomy":"product_cat","embeddable":true,"href":"https:\/\/nbg.eu\/cs\/wp-json\/wp\/v2\/product_cat?post=290199"},{"taxonomy":"product_tag","embeddable":true,"href":"https:\/\/nbg.eu\/cs\/wp-json\/wp\/v2\/product_tag?post=290199"}],"curies":[{"name":"wp","href":"https:\/\/api.w.org\/{rel}","templated":true}]}}