{"id":31151,"date":"2024-08-18T22:46:48","date_gmt":"2024-08-18T19:46:48","guid":{"rendered":"https:\/\/nbg.eu\/product\/flex-holster-right-hand-color-inlays\/"},"modified":"2026-01-21T12:29:40","modified_gmt":"2026-01-21T09:29:40","slug":"flex-pouzdro-barevne-vlozky","status":"publish","type":"product","link":"https:\/\/nbg.eu\/cs\/produkt\/flex-pouzdro-barevne-vlozky\/","title":{"rendered":"Flex Pouzdro Barevn\u00e9 Vlo\u017eky"},"content":{"rendered":"<div class=\"product-description\">\n<h2>Barevn\u00e9 vlo\u017eky pro Flex pouzdro<\/h2>\n<p>P\u0159izp\u016fsobte si sv\u00e9 Flex pouzdro t\u011bmito laserem \u0159ezan\u00fdmi plastov\u00fdmi logem. Tyto vlo\u017eky jsou dostupn\u00e9 v r\u016fzn\u00fdch barv\u00e1ch a p\u0159id\u00e1vaj\u00ed pouzdru osobn\u00ed vzhled.<\/p>\n<ul>\n<li>Snadn\u00e1 instalace pomoc\u00ed 3M lepic\u00ed p\u00e1sky<\/li>\n<li>Odn\u00edmateln\u00e9 pro v\u00fdm\u011bnu barev (p\u0159i odstra\u0148ov\u00e1n\u00ed se mohou po\u0161kodit)<\/li>\n<li>Sou\u010d\u00e1st\u00ed je pr\u016fhledn\u00e1 ochrann\u00e1 f\u00f3lie (odstraniteln\u00e1 pro lep\u0161\u00ed vzhled)<\/li>\n<\/ul>\n<p>Vyberte si z na\u0161ich barev:<\/p>\n<ul class=\"color-options\">\n<li>\u010cern\u00e1<\/li>\n<li>Modr\u00e1<\/li>\n<li>M\u011bd\u011bn\u00e1<\/li>\n<li>Zlat\u00e1<\/li>\n<li>Oran\u017eov\u00e1<\/li>\n<li>\u010cerven\u00e1<\/li>\n<li>St\u0159\u00edbrn\u00e1<\/li>\n<li>\u017dlut\u00e1<\/li>\n<\/ul>\n<p>Zm\u011b\u0148te vzhled va\u0161eho Flex pouzdra t\u011bmito barevn\u00fdmi vlo\u017ekami.<\/p>\n<\/div>\n","protected":false},"excerpt":{"rendered":"<p>P\u0159izp\u016fsobiteln\u00e9 barevn\u00e9 vlo\u017eky pro pouzdro Flex Holster: snadn\u00e1 instalace, odn\u00edmateln\u00e9.<\/p>\n","protected":false},"featured_media":29692,"template":"","meta":{"_acf_changed":false},"product_brand":[11265],"product_cat":[12715,12690,12696],"product_tag":[],"class_list":{"0":"post-31151","1":"product","2":"type-product","3":"status-publish","4":"has-post-thumbnail","6":"product_brand-doublealpha","7":"product_cat-pouzdro","8":"product_cat-prislusenstvi-pro-pouzdra","9":"product_cat-sportovni-pouzdro","11":"first","12":"instock","13":"taxable","14":"shipping-taxable","15":"purchasable","16":"product-type-variable","17":"wvs-archive-product-wrapper"},"acf":[],"_links":{"self":[{"href":"https:\/\/nbg.eu\/cs\/wp-json\/wp\/v2\/product\/31151","targetHints":{"allow":["GET"]}}],"collection":[{"href":"https:\/\/nbg.eu\/cs\/wp-json\/wp\/v2\/product"}],"about":[{"href":"https:\/\/nbg.eu\/cs\/wp-json\/wp\/v2\/types\/product"}],"wp:featuredmedia":[{"embeddable":true,"href":"https:\/\/nbg.eu\/cs\/wp-json\/wp\/v2\/media\/29692"}],"wp:attachment":[{"href":"https:\/\/nbg.eu\/cs\/wp-json\/wp\/v2\/media?parent=31151"}],"wp:term":[{"taxonomy":"product_brand","embeddable":true,"href":"https:\/\/nbg.eu\/cs\/wp-json\/wp\/v2\/product_brand?post=31151"},{"taxonomy":"product_cat","embeddable":true,"href":"https:\/\/nbg.eu\/cs\/wp-json\/wp\/v2\/product_cat?post=31151"},{"taxonomy":"product_tag","embeddable":true,"href":"https:\/\/nbg.eu\/cs\/wp-json\/wp\/v2\/product_tag?post=31151"}],"curies":[{"name":"wp","href":"https:\/\/api.w.org\/{rel}","templated":true}]}}