{"id":405726,"date":"2025-05-07T23:00:30","date_gmt":"2025-05-07T20:00:30","guid":{"rendered":"https:\/\/nbg.eu\/product\/surefire-plr-b-edc-flashlight-stiletto-pro\/"},"modified":"2026-01-21T11:59:10","modified_gmt":"2026-01-21T08:59:10","slug":"surefire-plr-b-edc-svitilna-stiletto-pro","status":"publish","type":"product","link":"https:\/\/nbg.eu\/cs\/produkt\/surefire-plr-b-edc-svitilna-stiletto-pro\/","title":{"rendered":"Surefire PLR-B EDC Sv\u00edtilna &#8211; Stiletto Pro"},"content":{"rendered":"<h2>Surefire PLR-B EDC sv\u00edtilna &#8211; Stiletto Pro<\/h2>\n<p>Stiletto Pro je kompaktn\u00ed sv\u00edtilna pro ka\u017edodenn\u00ed no\u0161en\u00ed. Poskytuje 1000 lumen\u016f b\u00edl\u00e9ho LED sv\u011btla pomoc\u00ed reflektoru MaxVision Beam\u00ae.<\/p>\n<ul>\n<li>T\u0159i programovateln\u00e1 nastaven\u00ed: 1000 lumen\u016f (vysok\u00fd), 300 lumen\u016f (st\u0159edn\u00ed) a 25 lumen\u016f (n\u00edzk\u00fd)<\/li>\n<li>T\u011blo z leteck\u00e9ho hlin\u00edku pro snadn\u00e9 ukryt\u00ed a odolnost<\/li>\n<li>Tvrd\u011b eloxovan\u00e1 povrchov\u00e1 \u00faprava s vodot\u011bsnost\u00ed IPX7<\/li>\n<li>Taktick\u00fd koncov\u00fd sp\u00edna\u010d pro okam\u017eit\u00fd vysok\u00fd v\u00fdkon a voliteln\u00fd stroboskop<\/li>\n<li>Integrovan\u00e1 dob\u00edjec\u00ed lithium-polymerov\u00e1 baterie s USB-C<\/li>\n<li>LED indik\u00e1tor stavu baterie<\/li>\n<li>Oboustrann\u00e1 ocelov\u00e1 kapesn\u00ed spona s povrchovou \u00fapravou Melonite\u00ae<\/li>\n<\/ul>\n<p>Stiletto Pro m\u011b\u0159\u00ed 11,4 cm na d\u00e9lku a v\u00e1\u017e\u00ed 113 gram\u016f. Vejde se do kapsy a poskytuje profesion\u00e1ln\u00ed osv\u011btlen\u00ed.<\/p>\n","protected":false},"excerpt":{"rendered":"<p>Kompaktn\u00ed, v\u00fdkonn\u00e9 1000lumenov\u00e9 EDC sv\u011btlo s technologi\u00ed MaxVision Beam\u00ae.<\/p>\n","protected":false},"featured_media":352658,"template":"","meta":{"_acf_changed":false},"product_brand":[11860],"product_cat":[12694,12671,12640],"product_tag":[],"class_list":{"0":"post-405726","1":"product","2":"type-product","3":"status-publish","4":"has-post-thumbnail","6":"product_brand-surefire","7":"product_cat-edc","8":"product_cat-edc-svetla","9":"product_cat-svetla","11":"first","12":"instock","13":"taxable","14":"shipping-taxable","15":"purchasable","16":"product-type-simple"},"acf":[],"_links":{"self":[{"href":"https:\/\/nbg.eu\/cs\/wp-json\/wp\/v2\/product\/405726","targetHints":{"allow":["GET"]}}],"collection":[{"href":"https:\/\/nbg.eu\/cs\/wp-json\/wp\/v2\/product"}],"about":[{"href":"https:\/\/nbg.eu\/cs\/wp-json\/wp\/v2\/types\/product"}],"wp:featuredmedia":[{"embeddable":true,"href":"https:\/\/nbg.eu\/cs\/wp-json\/wp\/v2\/media\/352658"}],"wp:attachment":[{"href":"https:\/\/nbg.eu\/cs\/wp-json\/wp\/v2\/media?parent=405726"}],"wp:term":[{"taxonomy":"product_brand","embeddable":true,"href":"https:\/\/nbg.eu\/cs\/wp-json\/wp\/v2\/product_brand?post=405726"},{"taxonomy":"product_cat","embeddable":true,"href":"https:\/\/nbg.eu\/cs\/wp-json\/wp\/v2\/product_cat?post=405726"},{"taxonomy":"product_tag","embeddable":true,"href":"https:\/\/nbg.eu\/cs\/wp-json\/wp\/v2\/product_tag?post=405726"}],"curies":[{"name":"wp","href":"https:\/\/api.w.org\/{rel}","templated":true}]}}