{"id":44593,"date":"2024-08-18T12:38:23","date_gmt":"2024-08-18T09:38:23","guid":{"rendered":"https:\/\/nbg.eu\/product\/flex-alpha-x-racer-x-extended-ball-joint-rod\/"},"modified":"2026-01-21T12:28:17","modified_gmt":"2026-01-21T09:28:17","slug":"flex-alpha-x-racer-x-prodlouzena-tyc-s-kulovym-kloubem","status":"publish","type":"product","link":"https:\/\/nbg.eu\/cs\/produkt\/flex-alpha-x-racer-x-prodlouzena-tyc-s-kulovym-kloubem\/","title":{"rendered":"Flex \/ Alpha-X \/ Racer-X Prodlou\u017een\u00e1 Ty\u010d s Kulov\u00fdm Kloubem"},"content":{"rendered":"<p><strong>Prodlou\u017een\u00e1 kuli\u010dkov\u00e1 ty\u010d Flex \/ Alpha-X \/ Racer-X<\/strong> je speci\u00e1ln\u00ed \u0159e\u0161en\u00ed pro st\u0159elce, kte\u0159\u00ed preferuj\u00ed um\u00edst\u011bn\u00ed zbran\u011b d\u00e1le od t\u011bla nebo opasku. Toto p\u0159\u00edslu\u0161enstv\u00ed prodlu\u017euje kr\u010dek kuli\u010dkov\u00e9ho kloubu o 8 mm a poskytuje:<\/p>\n<ul>\n<li>Zv\u011bt\u0161enou vzd\u00e1lenost mezi pouzdrem a z\u00e1v\u011bsem<\/li>\n<li>Vylep\u0161enou nastavitelnost pro osobn\u00ed pohodl\u00ed<\/li>\n<li>V\u011bt\u0161\u00ed volnost v \u00fahlu a um\u00edst\u011bn\u00ed zbran\u011b<\/li>\n<\/ul>\n<p>Ide\u00e1ln\u00ed pro st\u0159elce s r\u016fzn\u00fdmi t\u011blesn\u00fdmi proporcemi nebo specifick\u00fdmi preferencemi no\u0161en\u00ed, tato ty\u010d nab\u00edz\u00ed dokonalou rovnov\u00e1hu mezi dostupnost\u00ed a pohodl\u00edm.<\/p>\n","protected":false},"excerpt":{"rendered":"<p>Prodlu\u017ete vzd\u00e1lenost pouzdra pomoc\u00ed vlastn\u00ed 8mm ty\u010de s kulov\u00fdm kloubem.<\/p>\n","protected":false},"featured_media":28105,"template":"","meta":{"_acf_changed":false},"product_brand":[11265],"product_cat":[12715,12690,12696],"product_tag":[],"class_list":{"0":"post-44593","1":"product","2":"type-product","3":"status-publish","4":"has-post-thumbnail","6":"product_brand-doublealpha","7":"product_cat-pouzdro","8":"product_cat-prislusenstvi-pro-pouzdra","9":"product_cat-sportovni-pouzdro","11":"first","12":"instock","13":"taxable","14":"shipping-taxable","15":"purchasable","16":"product-type-simple"},"acf":[],"_links":{"self":[{"href":"https:\/\/nbg.eu\/cs\/wp-json\/wp\/v2\/product\/44593","targetHints":{"allow":["GET"]}}],"collection":[{"href":"https:\/\/nbg.eu\/cs\/wp-json\/wp\/v2\/product"}],"about":[{"href":"https:\/\/nbg.eu\/cs\/wp-json\/wp\/v2\/types\/product"}],"wp:featuredmedia":[{"embeddable":true,"href":"https:\/\/nbg.eu\/cs\/wp-json\/wp\/v2\/media\/28105"}],"wp:attachment":[{"href":"https:\/\/nbg.eu\/cs\/wp-json\/wp\/v2\/media?parent=44593"}],"wp:term":[{"taxonomy":"product_brand","embeddable":true,"href":"https:\/\/nbg.eu\/cs\/wp-json\/wp\/v2\/product_brand?post=44593"},{"taxonomy":"product_cat","embeddable":true,"href":"https:\/\/nbg.eu\/cs\/wp-json\/wp\/v2\/product_cat?post=44593"},{"taxonomy":"product_tag","embeddable":true,"href":"https:\/\/nbg.eu\/cs\/wp-json\/wp\/v2\/product_tag?post=44593"}],"curies":[{"name":"wp","href":"https:\/\/api.w.org\/{rel}","templated":true}]}}