{"id":44615,"date":"2024-08-18T12:37:54","date_gmt":"2024-08-18T09:37:54","guid":{"rendered":"https:\/\/nbg.eu\/product\/daa-primer-pickup-tubes-5-pack-small\/"},"modified":"2026-01-21T12:02:43","modified_gmt":"2026-01-21T09:02:43","slug":"daa-trubicky-na-zapalky-5-baleni-male","status":"publish","type":"product","link":"https:\/\/nbg.eu\/cs\/produkt\/daa-trubicky-na-zapalky-5-baleni-male\/","title":{"rendered":"Daa Trubi\u010dky na Z\u00e1palky, 5-Balen\u00ed, Mal\u00e9"},"content":{"rendered":"<div class=\"product-description\">\n<h2>DAA Trubi\u010dky pro sb\u011br z\u00e1palek, balen\u00ed po 5 kusech, mal\u00e9<\/h2>\n<p>Posu\u0148te sv\u00e9 p\u0159eb\u00edjen\u00ed na vy\u0161\u0161\u00ed \u00farove\u0148 s trubi\u010dkami DAA pro sb\u011br z\u00e1palek. Vyroben\u00e9 z prvot\u0159\u00eddn\u00edho hlin\u00edku pomoc\u00ed speci\u00e1ln\u00edch n\u00e1stroj\u016f pro extruzi, tyto trubi\u010dky nab\u00edzej\u00ed bezkonkuren\u010dn\u00ed p\u0159esnost a povrchovou \u00fapravu. \u010cerven\u00e1 anodizovan\u00e1 povrchov\u00e1 \u00faprava pro mal\u00e9 z\u00e1palky zaji\u0161\u0165uje snadnou identifikaci a dod\u00e1v\u00e1 elegantn\u00ed vzhled.<\/p>\n<ul>\n<li>Ergonomick\u00fd konec pro sb\u011br se \u0161ir\u0161\u00ed op\u011brnou plochou pro prsty zabra\u0148uje \u00fanav\u011b rukou<\/li>\n<li>P\u0159epracovan\u00e1 \u0161pi\u010dka s dvojit\u00fdmi zuby pro bezpe\u010dn\u00e9 uchopen\u00ed z\u00e1palky<\/li>\n<li>Pr\u016fsvitn\u00e9 koncov\u00e9 \u010d\u00e1sti pro snadnou viditelnost z\u00e1palek<\/li>\n<li>Pevn\u011b padnouc\u00ed konce zabra\u0148uj\u00ed n\u00e1hodn\u00e9mu odpojen\u00ed<\/li>\n<li>Konzistentn\u00ed vnit\u0159n\u00ed a vn\u011bj\u0161\u00ed zkosen\u00ed pro optim\u00e1ln\u00ed pod\u00e1v\u00e1n\u00ed<\/li>\n<\/ul>\n<p>Za\u017eijte pohodl\u00ed a efektivitu trubi\u010dek DAA pro sb\u011br z\u00e1palek p\u0159i p\u0159eb\u00edjen\u00ed. Vylep\u0161ete svou v\u00fdbavu je\u0161t\u011b dnes!<\/p>\n<\/div>\n","protected":false},"excerpt":{"rendered":"<p>DAA z\u00e1sobn\u00edky na z\u00e1palky: balen\u00ed po 5 kusech, mal\u00e9, \u010derven\u011b eloxovan\u00fd hlin\u00edk, ergonomick\u00fd design.<\/p>\n","protected":false},"featured_media":28036,"template":"","meta":{"_acf_changed":false},"product_brand":[11265],"product_cat":[12695,12684],"product_tag":[],"class_list":{"0":"post-44615","1":"product","2":"type-product","3":"status-publish","4":"has-post-thumbnail","6":"product_brand-doublealpha","7":"product_cat-prebijeni","8":"product_cat-prislusenstvi-k-nabijeni","10":"first","11":"outofstock","12":"taxable","13":"shipping-taxable","14":"purchasable","15":"product-type-simple"},"acf":[],"_links":{"self":[{"href":"https:\/\/nbg.eu\/cs\/wp-json\/wp\/v2\/product\/44615","targetHints":{"allow":["GET"]}}],"collection":[{"href":"https:\/\/nbg.eu\/cs\/wp-json\/wp\/v2\/product"}],"about":[{"href":"https:\/\/nbg.eu\/cs\/wp-json\/wp\/v2\/types\/product"}],"wp:featuredmedia":[{"embeddable":true,"href":"https:\/\/nbg.eu\/cs\/wp-json\/wp\/v2\/media\/28036"}],"wp:attachment":[{"href":"https:\/\/nbg.eu\/cs\/wp-json\/wp\/v2\/media?parent=44615"}],"wp:term":[{"taxonomy":"product_brand","embeddable":true,"href":"https:\/\/nbg.eu\/cs\/wp-json\/wp\/v2\/product_brand?post=44615"},{"taxonomy":"product_cat","embeddable":true,"href":"https:\/\/nbg.eu\/cs\/wp-json\/wp\/v2\/product_cat?post=44615"},{"taxonomy":"product_tag","embeddable":true,"href":"https:\/\/nbg.eu\/cs\/wp-json\/wp\/v2\/product_tag?post=44615"}],"curies":[{"name":"wp","href":"https:\/\/api.w.org\/{rel}","templated":true}]}}