{"id":44839,"date":"2024-08-18T12:33:44","date_gmt":"2024-08-18T09:33:44","guid":{"rendered":"https:\/\/nbg.eu\/product\/pro-grip-lotion-2oz\/"},"modified":"2026-01-21T11:55:16","modified_gmt":"2026-01-21T08:55:16","slug":"pro-grip-lotion-2oz","status":"publish","type":"product","link":"https:\/\/nbg.eu\/cs\/produkt\/pro-grip-lotion-2oz\/","title":{"rendered":"Pro Grip Lotion 2Oz"},"content":{"rendered":"<p>\nZlep\u0161ete sv\u016fj st\u0159eleck\u00fd v\u00fdkon s Pro Grip Lotion 2Oz. D\u016fv\u011b\u0159uj\u00ed mu \u0161ampioni jako Jerry Barnhart, Todd Jarrett a Saul Kirsch. Tento prakticky balen\u00fd kr\u00e9m p\u0159ed\u010d\u00ed kalafunu i k\u0159\u00eddu. Za\u017eijte lep\u0161\u00ed \u00fachop, kontrolu zbran\u011b a rychlej\u0161\u00ed doby zotaven\u00ed. Pro Grip je nezbytnost\u00ed v ta\u0161ce ka\u017ed\u00e9ho st\u0159elce a tajnou zbran\u00ed pro \u00fasp\u011bch v ak\u010dn\u00ed st\u0159elb\u011b.<\/p>\n","protected":false},"excerpt":{"rendered":"<p>Pro Grip: Mistrovsk\u00fd schv\u00e1len\u00fd kr\u00e9m pro vynikaj\u00edc\u00ed kontrolu zbran\u011b.<\/p>\n","protected":false},"featured_media":27277,"template":"","meta":{"_acf_changed":false},"product_brand":[11265],"product_cat":[12715,12690,12717],"product_tag":[],"class_list":{"0":"post-44839","1":"product","2":"type-product","3":"status-publish","4":"has-post-thumbnail","6":"product_brand-doublealpha","7":"product_cat-pouzdro","8":"product_cat-prislusenstvi-pro-pouzdra","9":"product_cat-vybava","11":"first","12":"instock","13":"taxable","14":"shipping-taxable","15":"purchasable","16":"product-type-simple"},"acf":[],"_links":{"self":[{"href":"https:\/\/nbg.eu\/cs\/wp-json\/wp\/v2\/product\/44839","targetHints":{"allow":["GET"]}}],"collection":[{"href":"https:\/\/nbg.eu\/cs\/wp-json\/wp\/v2\/product"}],"about":[{"href":"https:\/\/nbg.eu\/cs\/wp-json\/wp\/v2\/types\/product"}],"wp:featuredmedia":[{"embeddable":true,"href":"https:\/\/nbg.eu\/cs\/wp-json\/wp\/v2\/media\/27277"}],"wp:attachment":[{"href":"https:\/\/nbg.eu\/cs\/wp-json\/wp\/v2\/media?parent=44839"}],"wp:term":[{"taxonomy":"product_brand","embeddable":true,"href":"https:\/\/nbg.eu\/cs\/wp-json\/wp\/v2\/product_brand?post=44839"},{"taxonomy":"product_cat","embeddable":true,"href":"https:\/\/nbg.eu\/cs\/wp-json\/wp\/v2\/product_cat?post=44839"},{"taxonomy":"product_tag","embeddable":true,"href":"https:\/\/nbg.eu\/cs\/wp-json\/wp\/v2\/product_tag?post=44839"}],"curies":[{"name":"wp","href":"https:\/\/api.w.org\/{rel}","templated":true}]}}