{"id":45488,"date":"2024-08-16T17:52:19","date_gmt":"2024-08-16T17:52:19","guid":{"rendered":"https:\/\/nbg.eu\/product\/rhh-backpack\/"},"modified":"2026-01-21T12:01:46","modified_gmt":"2026-01-21T09:01:46","slug":"rhh-batoh","status":"publish","type":"product","link":"https:\/\/nbg.eu\/cs\/produkt\/rhh-batoh\/","title":{"rendered":"RHH batoh"},"content":{"rendered":"<div class=\"product-description\">\n<h2>St\u0159eleck\u00fd batoh RHH<\/h2>\n<p>Navr\u017een\u00fd st\u0159elci pro st\u0159elce, batoh RHH je perfektn\u00ed pro v\u00edcedenn\u00ed z\u00e1vody, a\u0165 u\u017e pou\u017e\u00edv\u00e1te jednu nebo dv\u011b zbran\u011b.<\/p>\n<ul>\n<li>Hlavn\u00ed kapsa na zbra\u0148 se zamykac\u00edm syst\u00e9mem pro snadn\u00fd p\u0159\u00edstup<\/li>\n<li>Spl\u0148uje pravidla IPSC<\/li>\n<li>Such\u00fd zip a MOLLE syst\u00e9m pro p\u0159ipevn\u011bn\u00ed p\u0159\u00edslu\u0161enstv\u00ed<\/li>\n<li>Dostatek \u00falo\u017en\u00e9ho prostoru s organizovan\u00fdmi p\u0159ihr\u00e1dkami<\/li>\n<li>Kapsa na z\u00e1sobn\u00edky pojme 30rann\u00e9 z\u00e1sobn\u00edky s prodlou\u017een\u00fdmi patkami<\/li>\n<li>Odn\u00edmateln\u00e9 popruhy lze pou\u017e\u00edt jako st\u0159eleckou podlo\u017eku<\/li>\n<\/ul>\n<p>Rozm\u011bry: 100cm x 40cm x 20cm<br \/>\n  Kapsa na pu\u0161ku: a\u017e 95cm<br \/>\n  Hmotnost: 2,9 kg<\/p>\n<p>Balte chyt\u0159e, st\u0159\u00edlejte l\u00e9pe se st\u0159eleck\u00fdm batohem RHH!<\/p>\n<\/div>\n","protected":false},"excerpt":{"rendered":"<p>RHH Batoh: Navr\u017een\u00fd st\u0159elcem, v\u0161estrann\u00fd, p\u0159ipraven\u00fd na v\u00edcedenn\u00ed z\u00e1vody.<\/p>\n","protected":false},"featured_media":22666,"template":"","meta":{"_acf_changed":false},"product_brand":[11630],"product_cat":[12653],"product_tag":[],"class_list":{"0":"post-45488","1":"product","2":"type-product","3":"status-publish","4":"has-post-thumbnail","6":"product_brand-rh-holsters","7":"product_cat-batohy","9":"first","10":"instock","11":"taxable","12":"shipping-taxable","13":"purchasable","14":"product-type-simple"},"acf":[],"_links":{"self":[{"href":"https:\/\/nbg.eu\/cs\/wp-json\/wp\/v2\/product\/45488","targetHints":{"allow":["GET"]}}],"collection":[{"href":"https:\/\/nbg.eu\/cs\/wp-json\/wp\/v2\/product"}],"about":[{"href":"https:\/\/nbg.eu\/cs\/wp-json\/wp\/v2\/types\/product"}],"wp:featuredmedia":[{"embeddable":true,"href":"https:\/\/nbg.eu\/cs\/wp-json\/wp\/v2\/media\/22666"}],"wp:attachment":[{"href":"https:\/\/nbg.eu\/cs\/wp-json\/wp\/v2\/media?parent=45488"}],"wp:term":[{"taxonomy":"product_brand","embeddable":true,"href":"https:\/\/nbg.eu\/cs\/wp-json\/wp\/v2\/product_brand?post=45488"},{"taxonomy":"product_cat","embeddable":true,"href":"https:\/\/nbg.eu\/cs\/wp-json\/wp\/v2\/product_cat?post=45488"},{"taxonomy":"product_tag","embeddable":true,"href":"https:\/\/nbg.eu\/cs\/wp-json\/wp\/v2\/product_tag?post=45488"}],"curies":[{"name":"wp","href":"https:\/\/api.w.org\/{rel}","templated":true}]}}