{"id":45753,"date":"2024-08-03T14:31:50","date_gmt":"2024-08-03T14:31:50","guid":{"rendered":"https:\/\/nbg.eu\/product\/rh-frogy-owb-holster\/"},"modified":"2026-01-21T11:53:23","modified_gmt":"2026-01-21T08:53:23","slug":"rh-frogy-owb-pouzdro","status":"publish","type":"product","link":"https:\/\/nbg.eu\/cs\/produkt\/rh-frogy-owb-pouzdro\/","title":{"rendered":"RH Frogy OWB pouzdro"},"content":{"rendered":"<div class=\"product-description\">\n<h2>Pouzdro RH Frogy OWB<\/h2>\n<p>Za\u017eijte \u0161pi\u010dkov\u00e9 skryt\u00e9 no\u0161en\u00ed s pouzdrem RH Frogy OWB. Navr\u017eeno pro no\u0161en\u00ed vn\u011b opasku, toto pouzdro nab\u00edz\u00ed:<\/p>\n<ul>\n<li>Unik\u00e1tn\u00ed konstrukci s integrovanou tlakovou funkc\u00ed pro lep\u0161\u00ed skryt\u00ed zbran\u011b<\/li>\n<li>Pohodln\u00e9 no\u0161en\u00ed s designem vypl\u0148uj\u00edc\u00edm prostor pod opaskem pro stabiln\u00ed um\u00edst\u011bn\u00ed<\/li>\n<li>Vakuov\u011b lisovan\u00fd Kydex o tlou\u0161\u0165ce 2,5 mm s \u017eebrov\u00e1n\u00edm pro zv\u00fd\u0161enou odolnost a tuhost<\/li>\n<li>Ru\u010dn\u011b le\u0161t\u011bn\u00e9 hrany pro maxim\u00e1ln\u00ed pohodl\u00ed<\/li>\n<li>\u00dahlov\u00e9 um\u00edst\u011bn\u00ed zbran\u011b pro lep\u0161\u00ed skryt\u00ed a tasen\u00ed<\/li>\n<li>Nastaviteln\u00fd \u00fachop a sklon<\/li>\n<li>Kompatibiln\u00ed s \u010derven\u00fdmi te\u010dkami a prodlou\u017een\u00fdmi hlavn\u011bmi\/z\u00e1vity<\/li>\n<\/ul>\n<p>P\u0159esn\u011b tvarovan\u00e9 a vyroben\u00e9 z jednoho kusu Kydexu, toto pouzdro nab\u00edz\u00ed optim\u00e1ln\u00ed skryt\u00ed a pohodl\u00ed. Jeho otev\u0159en\u00fd design umo\u017e\u0148uje snadn\u00e9 \u010di\u0161t\u011bn\u00ed a p\u0159izp\u016fsoben\u00ed r\u016fzn\u00fdm \u00faprav\u00e1m zbran\u011b.<\/p>\n<\/div>\n","protected":false},"excerpt":{"rendered":"<p>RH Frogy OWB pouzdro: Skryt\u00e9, pohodln\u00e9, nastaviteln\u00e9 kydexov\u00e9 pouzdro pro no\u0161en\u00ed zbran\u011b.<\/p>\n","protected":false},"featured_media":45757,"template":"","meta":{"_acf_changed":false},"product_brand":[11630],"product_cat":[12715,12696,12682],"product_tag":[],"class_list":{"0":"post-45753","1":"product","2":"type-product","3":"status-publish","4":"has-post-thumbnail","6":"product_brand-rh-holsters","7":"product_cat-pouzdro","8":"product_cat-sportovni-pouzdro","9":"product_cat-takticke-pouzdro","11":"first","12":"instock","13":"taxable","14":"shipping-taxable","15":"purchasable","16":"product-type-variable","17":"wvs-archive-product-wrapper"},"acf":[],"_links":{"self":[{"href":"https:\/\/nbg.eu\/cs\/wp-json\/wp\/v2\/product\/45753","targetHints":{"allow":["GET"]}}],"collection":[{"href":"https:\/\/nbg.eu\/cs\/wp-json\/wp\/v2\/product"}],"about":[{"href":"https:\/\/nbg.eu\/cs\/wp-json\/wp\/v2\/types\/product"}],"wp:featuredmedia":[{"embeddable":true,"href":"https:\/\/nbg.eu\/cs\/wp-json\/wp\/v2\/media\/45757"}],"wp:attachment":[{"href":"https:\/\/nbg.eu\/cs\/wp-json\/wp\/v2\/media?parent=45753"}],"wp:term":[{"taxonomy":"product_brand","embeddable":true,"href":"https:\/\/nbg.eu\/cs\/wp-json\/wp\/v2\/product_brand?post=45753"},{"taxonomy":"product_cat","embeddable":true,"href":"https:\/\/nbg.eu\/cs\/wp-json\/wp\/v2\/product_cat?post=45753"},{"taxonomy":"product_tag","embeddable":true,"href":"https:\/\/nbg.eu\/cs\/wp-json\/wp\/v2\/product_tag?post=45753"}],"curies":[{"name":"wp","href":"https:\/\/api.w.org\/{rel}","templated":true}]}}