{"id":48673,"date":"2024-07-29T22:00:12","date_gmt":"2024-07-29T19:00:12","guid":{"rendered":"https:\/\/nbg.eu\/product\/ten-speed-single-pistol-mag-pouch\/"},"modified":"2026-01-21T11:58:14","modified_gmt":"2026-01-21T08:58:14","slug":"ten-speed-jednozasobnikove-pistolove-pouzdro","status":"publish","type":"product","link":"https:\/\/nbg.eu\/cs\/produkt\/ten-speed-jednozasobnikove-pistolove-pouzdro\/","title":{"rendered":"Ten-Speed\u00ae Jednoz\u00e1sobn\u00edkov\u00e9 Pistolov\u00e9 Pouzdro"},"content":{"rendered":"<h2>Pouzdro na jeden pistolov\u00fd z\u00e1sobn\u00edk Ten-Speed\u00ae<\/h2>\n<p>Na\u0161e pouzdro Ten-Speed\u00ae na jeden pistolov\u00fd z\u00e1sobn\u00edk je navr\u017eeno pro modern\u00ed taktick\u00e9 oper\u00e1tory. Toto univerz\u00e1ln\u00ed pouzdro pojme:<\/p>\n<ul>\n<li>Jedno\u0159ad\u00e9 nebo dvou\u0159ad\u00e9 pistolov\u00e9 z\u00e1sobn\u00edky (a\u017e do velikosti HK 45)<\/li>\n<li>Multifunk\u010dn\u00ed n\u00e1stroje<\/li>\n<li>Sv\u00edtilny<\/li>\n<li>No\u017ee<\/li>\n<li>Mal\u00e9 spreje OC<\/li>\n<\/ul>\n<p>Pouzdro je vyrobeno z elastick\u00e9ho materi\u00e1lu vojensk\u00e9 kvality a konstrukce ULTRAcomp\u2122. Kdy\u017e se nepou\u017e\u00edv\u00e1, le\u017e\u00ed naplocho. Syst\u00e9m uchycen\u00ed Helium Whisper\u00ae zaji\u0161\u0165uje kompatibilitu s MOLLE a sni\u017euje hmotnost a\u017e o 60 %.<\/p>\n<p>Rozm\u011bry: 0,3175 cm x 5,08 cm x 10,16 cm (vy\u017eaduje pole MOLLE 2&#215;1)<\/p>\n<p>Pouzdro nab\u00edz\u00ed vylep\u0161en\u00e9 zadr\u017een\u00ed a odolnost.<\/p>\n","protected":false},"excerpt":{"rendered":"<p>Rychle p\u0159\u00edstupn\u00e9, ultralehk\u00e9 pouzdro na pistolov\u00e9 z\u00e1sobn\u00edky pro jedno\u0159ad\u00e9\/dvou\u0159ad\u00e9 z\u00e1sobn\u00edky.<\/p>\n","protected":false},"featured_media":33817,"template":"","meta":{"_acf_changed":false},"product_brand":[11125],"product_cat":[12700,12715],"product_tag":[],"class_list":{"0":"post-48673","1":"product","2":"type-product","3":"status-publish","4":"has-post-thumbnail","6":"product_brand-blue-force-gear","7":"product_cat-drzaky-na-zasobniky","8":"product_cat-pouzdro","10":"first","11":"instock","12":"taxable","13":"shipping-taxable","14":"purchasable","15":"product-type-variable","16":"wvs-archive-product-wrapper"},"acf":[],"_links":{"self":[{"href":"https:\/\/nbg.eu\/cs\/wp-json\/wp\/v2\/product\/48673","targetHints":{"allow":["GET"]}}],"collection":[{"href":"https:\/\/nbg.eu\/cs\/wp-json\/wp\/v2\/product"}],"about":[{"href":"https:\/\/nbg.eu\/cs\/wp-json\/wp\/v2\/types\/product"}],"wp:featuredmedia":[{"embeddable":true,"href":"https:\/\/nbg.eu\/cs\/wp-json\/wp\/v2\/media\/33817"}],"wp:attachment":[{"href":"https:\/\/nbg.eu\/cs\/wp-json\/wp\/v2\/media?parent=48673"}],"wp:term":[{"taxonomy":"product_brand","embeddable":true,"href":"https:\/\/nbg.eu\/cs\/wp-json\/wp\/v2\/product_brand?post=48673"},{"taxonomy":"product_cat","embeddable":true,"href":"https:\/\/nbg.eu\/cs\/wp-json\/wp\/v2\/product_cat?post=48673"},{"taxonomy":"product_tag","embeddable":true,"href":"https:\/\/nbg.eu\/cs\/wp-json\/wp\/v2\/product_tag?post=48673"}],"curies":[{"name":"wp","href":"https:\/\/api.w.org\/{rel}","templated":true}]}}