{"id":48924,"date":"2024-07-29T21:46:44","date_gmt":"2024-07-29T18:46:44","guid":{"rendered":"https:\/\/nbg.eu\/product\/horizontal-ten-speed-single-m4-mag-pouch\/"},"modified":"2026-01-21T12:05:16","modified_gmt":"2026-01-21T09:05:16","slug":"horizontalni-ten-speed-jednozasobnikove-pouzdro-m4","status":"publish","type":"product","link":"https:\/\/nbg.eu\/cs\/produkt\/horizontalni-ten-speed-jednozasobnikove-pouzdro-m4\/","title":{"rendered":"Horizont\u00e1ln\u00ed Ten-Speed\u00ae Jednoz\u00e1sobn\u00edkov\u00e9 Pouzdro M4"},"content":{"rendered":"<h2>Horizont\u00e1ln\u00ed pouzdro Ten-Speed\u00ae na jeden z\u00e1sobn\u00edk M4<\/h2>\n<p>Horizont\u00e1ln\u00ed pouzdro Ten-Speed\u00ae na z\u00e1sobn\u00edk M4 nab\u00edz\u00ed \u0159e\u0161en\u00ed pro no\u0161en\u00ed munice. Vyrobeno z elastick\u00e9ho materi\u00e1lu vojensk\u00e9 kvality, toto pouzdro je ur\u010deno k p\u0159ipevn\u011bn\u00ed na nevyu\u017eit\u00e9 MOLLE \u00fachyty na nosi\u010d\u00edch pl\u00e1t\u016f, vest\u00e1ch nebo opasc\u00edch.<\/p>\n<ul>\n<li>Kompatibiln\u00ed s 30-rann\u00fdm z\u00e1sobn\u00edkem STANAG M4 a v\u011bt\u0161inou z\u00e1sobn\u00edk\u016f na 5,56 mm<\/li>\n<li>Pojme v\u011bt\u0161\u00ed z\u00e1sobn\u00edky pro samopaly (UMP, CZ Scorpion, P90) a n\u011bkter\u00e9 z\u00e1sobn\u00edky AK-74<\/li>\n<li>Mo\u017enosti ulo\u017een\u00ed: n\u00e1boje nahoru\/dol\u016f, dop\u0159edu\/dozadu<\/li>\n<li>Dostupn\u00e9 ve verz\u00edch kompatibiln\u00edch s MOLLE Helium Whisper a pro upevn\u011bn\u00ed na opasek<\/li>\n<li>Verze pro upevn\u011bn\u00ed na opasek je vhodn\u00e1 pro opasky do \u0161\u00ed\u0159ky 5 cm s nastaviteln\u00fdmi such\u00fdmi zipy<\/li>\n<\/ul>\n<p>Horizont\u00e1ln\u00ed pouzdro Ten-Speed\u00ae na jeden z\u00e1sobn\u00edk M4 je \u0159e\u0161en\u00edm pro efektivn\u00ed spr\u00e1vu munice.<\/p>\n","protected":false},"excerpt":{"rendered":"<p>Univerz\u00e1ln\u00ed horizont\u00e1ln\u00ed sumka na z\u00e1sobn\u00edky M4\/5.56. Mont\u00e1\u017e na MOLLE nebo opasek.<\/p>\n","protected":false},"featured_media":48931,"template":"","meta":{"_acf_changed":false},"product_brand":[11125],"product_cat":[12700,12707,12717],"product_tag":[],"class_list":{"0":"post-48924","1":"product","2":"type-product","3":"status-publish","4":"has-post-thumbnail","6":"product_brand-blue-force-gear","7":"product_cat-drzaky-na-zasobniky","8":"product_cat-kapsy","9":"product_cat-vybava","11":"first","12":"instock","13":"taxable","14":"shipping-taxable","15":"purchasable","16":"product-type-simple"},"acf":[],"_links":{"self":[{"href":"https:\/\/nbg.eu\/cs\/wp-json\/wp\/v2\/product\/48924","targetHints":{"allow":["GET"]}}],"collection":[{"href":"https:\/\/nbg.eu\/cs\/wp-json\/wp\/v2\/product"}],"about":[{"href":"https:\/\/nbg.eu\/cs\/wp-json\/wp\/v2\/types\/product"}],"wp:featuredmedia":[{"embeddable":true,"href":"https:\/\/nbg.eu\/cs\/wp-json\/wp\/v2\/media\/48931"}],"wp:attachment":[{"href":"https:\/\/nbg.eu\/cs\/wp-json\/wp\/v2\/media?parent=48924"}],"wp:term":[{"taxonomy":"product_brand","embeddable":true,"href":"https:\/\/nbg.eu\/cs\/wp-json\/wp\/v2\/product_brand?post=48924"},{"taxonomy":"product_cat","embeddable":true,"href":"https:\/\/nbg.eu\/cs\/wp-json\/wp\/v2\/product_cat?post=48924"},{"taxonomy":"product_tag","embeddable":true,"href":"https:\/\/nbg.eu\/cs\/wp-json\/wp\/v2\/product_tag?post=48924"}],"curies":[{"name":"wp","href":"https:\/\/api.w.org\/{rel}","templated":true}]}}