{"id":525733,"date":"2025-08-19T20:38:50","date_gmt":"2025-08-19T17:38:50","guid":{"rendered":"https:\/\/nbg.eu\/product\/hographic-sight-eotech-exps3\/"},"modified":"2026-01-21T11:45:40","modified_gmt":"2026-01-21T08:45:40","slug":"hographic-sight-eotech-exps3","status":"publish","type":"product","link":"https:\/\/nbg.eu\/cs\/produkt\/hographic-sight-eotech-exps3\/","title":{"rendered":"Hographic sight EOTECH EXPS3"},"content":{"rendered":"<div class=\"product-description\">\n<h2>EOTECH HWS EXPS3\u2122 Holografick\u00fd zam\u011b\u0159ova\u010d<\/h2>\n<p>EOTECH HWS EXPS3\u2122 je profesion\u00e1ln\u00ed holografick\u00fd zam\u011b\u0159ova\u010d, kter\u00fd nab\u00edz\u00ed:<\/p>\n<ul>\n<li>St\u0159elbu s ob\u011bma o\u010dima otev\u0159en\u00fdma pro rychl\u00e9 zam\u011b\u0159en\u00ed c\u00edle<\/li>\n<li>Kompatibilitu s no\u010dn\u00edm vid\u011bn\u00edm s 10 dodate\u010dn\u00fdmi nastaven\u00edmi<\/li>\n<li>7mm zv\u00fd\u0161enou z\u00e1kladnu s rychl\u00fdm odpojen\u00edm pro spolupr\u00e1ci s mechanick\u00fdmi m\u00ed\u0159idly<\/li>\n<li>Kompaktn\u00ed design: 3,8&#8243; x 2,3&#8243; x 2,9&#8243;<\/li>\n<li>Hmotnost 11,2 unc\u00ed<\/li>\n<li>Vodot\u011bsnost do hloubky 33 stop<\/li>\n<li>20 \u00farovn\u00ed jasu pro denn\u00ed sv\u011btlo<\/li>\n<li>\u017divotnost baterie 1000 hodin p\u0159i b\u011b\u017en\u00e9m nastaven\u00ed<\/li>\n<\/ul>\n<p>Vyrobeno v USA, EXPS3 se montuje na 1&#8243; Weaver nebo MIL-STD-1913 li\u0161ty a funguje p\u0159i teplot\u00e1ch od -40\u00b0C do 60\u00b0C. Sou\u010d\u00e1st\u00ed je stru\u010dn\u00fd n\u00e1vod, z\u00e1ru\u010dn\u00ed list a baterie CR123.<\/p>\n<\/div>\n","protected":false},"excerpt":{"rendered":"<p>Rychl\u00e9 zam\u011b\u0159en\u00ed c\u00edle, kompatibiln\u00ed s no\u010dn\u00edm vid\u011bn\u00edm, zv\u00fd\u0161en\u00e1 z\u00e1kladna s rychl\u00fdm odpojen\u00edm.<\/p>\n","protected":false},"featured_media":466363,"template":"","meta":{"_acf_changed":false},"product_brand":[],"product_cat":[12669,12660],"product_tag":[],"class_list":{"0":"post-525733","1":"product","2":"type-product","3":"status-publish","4":"has-post-thumbnail","6":"product_cat-kolimatory-na-pusky","7":"product_cat-zamerovani","9":"first","10":"outofstock","11":"taxable","12":"shipping-taxable","13":"purchasable","14":"product-type-simple"},"acf":[],"_links":{"self":[{"href":"https:\/\/nbg.eu\/cs\/wp-json\/wp\/v2\/product\/525733","targetHints":{"allow":["GET"]}}],"collection":[{"href":"https:\/\/nbg.eu\/cs\/wp-json\/wp\/v2\/product"}],"about":[{"href":"https:\/\/nbg.eu\/cs\/wp-json\/wp\/v2\/types\/product"}],"wp:featuredmedia":[{"embeddable":true,"href":"https:\/\/nbg.eu\/cs\/wp-json\/wp\/v2\/media\/466363"}],"wp:attachment":[{"href":"https:\/\/nbg.eu\/cs\/wp-json\/wp\/v2\/media?parent=525733"}],"wp:term":[{"taxonomy":"product_brand","embeddable":true,"href":"https:\/\/nbg.eu\/cs\/wp-json\/wp\/v2\/product_brand?post=525733"},{"taxonomy":"product_cat","embeddable":true,"href":"https:\/\/nbg.eu\/cs\/wp-json\/wp\/v2\/product_cat?post=525733"},{"taxonomy":"product_tag","embeddable":true,"href":"https:\/\/nbg.eu\/cs\/wp-json\/wp\/v2\/product_tag?post=525733"}],"curies":[{"name":"wp","href":"https:\/\/api.w.org\/{rel}","templated":true}]}}