{"id":526150,"date":"2025-08-19T20:48:32","date_gmt":"2025-08-19T17:48:32","guid":{"rendered":"https:\/\/nbg.eu\/product\/thermal-camera-viper-35-gen-2-hunter\/"},"modified":"2026-01-21T11:31:09","modified_gmt":"2026-01-21T08:31:09","slug":"thermal-camera-viper-35-gen-2-hunter","status":"publish","type":"product","link":"https:\/\/nbg.eu\/cs\/produkt\/thermal-camera-viper-35-gen-2-hunter\/","title":{"rendered":"Thermal Camera Viper 35 Gen 2 Hunter"},"content":{"rendered":"<div class=\"product-description\">\n<h1>Nitehog Viper-35 Termovizn\u00ed Monokul\u00e1r<\/h1>\n<p>Nitehog Viper-35 je termovizn\u00ed za\u0159\u00edzen\u00ed pro lovce a outdoorov\u00e9 nad\u0161ence. Toto za\u0159\u00edzen\u00ed kombinuje kompaktn\u00ed design s v\u00fdkonnost\u00ed.<\/p>\n<h2>Hlavn\u00ed vlastnosti:<\/h2>\n<ul>\n<li>Kompaktn\u00ed a lehk\u00fd: V\u00e1ha 254 gram\u016f (bez baterie)<\/li>\n<li>Senzor s vysok\u00fdm rozli\u0161en\u00edm: 320&#215;240 pixel\u016f<\/li>\n<li>Detek\u010dn\u00ed dosah: A\u017e 1380 metr\u016f<\/li>\n<li>Kompatibiln\u00ed s denn\u00edmi pu\u0161kohledmi<\/li>\n<li>Nen\u00ed nutn\u00e9 p\u0159enastaven\u00ed nulov\u00e9ho bodu<\/li>\n<li>Objektiv F 1.2<\/li>\n<li>Vodot\u011bsnost IP66<\/li>\n<li>V\u00fddr\u017e baterie: 5 hodin<\/li>\n<li>Pouzdro z ho\u0159\u010d\u00edkov\u00e9 slitiny<\/li>\n<\/ul>\n<h2>Technick\u00e9 specifikace:<\/h2>\n<ul>\n<li>Zv\u011bt\u0161en\u00ed: 1 &#8211; 4x<\/li>\n<li>Pr\u016fm\u011br objektivu: 35 mm<\/li>\n<li>Rozli\u0161en\u00ed displeje: 1024&#215;768 pixel\u016f<\/li>\n<li>Rozm\u011bry: 5,23&#8243; x 2,48&#8243; x 1,81&#8243; (V x \u0160 x D)<\/li>\n<li>Typ baterie: Lithium-Ion<\/li>\n<\/ul>\n<h2>Balen\u00ed obsahuje:<\/h2>\n<ul>\n<li>NiteHog Viper 35 Termovizn\u00ed monokul\u00e1r s n\u00e1sadou<\/li>\n<li>P\u0159epravn\u00ed box<\/li>\n<li>2x sada bateri\u00ed<\/li>\n<li>Nab\u00edje\u010dka bateri\u00ed<\/li>\n<li>\u010cist\u00edc\u00ed pero na optiku<\/li>\n<li>Popruh na krk<\/li>\n<li>Protiprstenec<\/li>\n<li>\u010cist\u00edc\u00ed had\u0159\u00edk<\/li>\n<li>Ta\u0161ka Cordura<\/li>\n<\/ul>\n<p>Nitehog Viper-35 se montuje p\u0159\u00edmo na standardn\u00ed denn\u00ed pu\u0161kohled bez pot\u0159eby n\u00e1\u0159ad\u00ed. Tento p\u0159\u00edstup zaji\u0161\u0165uje, \u017ee bod dopadu z\u016fst\u00e1v\u00e1 konzistentn\u00ed.<\/p>\n<p>Se sv\u00fdm senzorem a objektivem F 1.2 umo\u017e\u0148uje Viper-35 detekci standardn\u00edho objektu o v\u00fd\u0161ce 1,8 metru a\u017e na vzd\u00e1lenost 1380 metr\u016f.<\/p>\n<p>Nitehog Viper-35 m\u00e1 omezenou do\u017eivotn\u00ed z\u00e1ruku.<\/p>\n<\/div>\n","protected":false},"excerpt":{"rendered":"<p>Kompaktn\u00ed term\u00e1ln\u00ed monokul\u00e1r se senzorem 320&#215;240. Proveden\u00ed typu clip-on, dosah 1380 m, v\u00fddr\u017e baterie 5 hodin. Odoln\u00fd, vodot\u011bsn\u00fd.<\/p>\n","protected":false},"featured_media":466806,"template":"","meta":{"_acf_changed":false},"product_brand":[11583],"product_cat":[369],"product_tag":[],"class_list":{"0":"post-526150","1":"product","2":"type-product","3":"status-publish","4":"has-post-thumbnail","6":"product_brand-nitehog","7":"product_cat-uncategorized","9":"first","10":"outofstock","11":"taxable","12":"shipping-taxable","13":"purchasable","14":"product-type-simple"},"acf":[],"_links":{"self":[{"href":"https:\/\/nbg.eu\/cs\/wp-json\/wp\/v2\/product\/526150","targetHints":{"allow":["GET"]}}],"collection":[{"href":"https:\/\/nbg.eu\/cs\/wp-json\/wp\/v2\/product"}],"about":[{"href":"https:\/\/nbg.eu\/cs\/wp-json\/wp\/v2\/types\/product"}],"wp:featuredmedia":[{"embeddable":true,"href":"https:\/\/nbg.eu\/cs\/wp-json\/wp\/v2\/media\/466806"}],"wp:attachment":[{"href":"https:\/\/nbg.eu\/cs\/wp-json\/wp\/v2\/media?parent=526150"}],"wp:term":[{"taxonomy":"product_brand","embeddable":true,"href":"https:\/\/nbg.eu\/cs\/wp-json\/wp\/v2\/product_brand?post=526150"},{"taxonomy":"product_cat","embeddable":true,"href":"https:\/\/nbg.eu\/cs\/wp-json\/wp\/v2\/product_cat?post=526150"},{"taxonomy":"product_tag","embeddable":true,"href":"https:\/\/nbg.eu\/cs\/wp-json\/wp\/v2\/product_tag?post=526150"}],"curies":[{"name":"wp","href":"https:\/\/api.w.org\/{rel}","templated":true}]}}