{"id":526291,"date":"2025-08-19T21:01:26","date_gmt":"2025-08-19T18:01:26","guid":{"rendered":"https:\/\/nbg.eu\/product\/ak-safety-lever-krebs-customs-enhanced-safety-mkvi\/"},"modified":"2026-01-21T11:34:11","modified_gmt":"2026-01-21T08:34:11","slug":"ak-safety-lever-krebs-customs-enhanced-safety-mkvi","status":"publish","type":"product","link":"https:\/\/nbg.eu\/cs\/produkt\/ak-safety-lever-krebs-customs-enhanced-safety-mkvi\/","title":{"rendered":"AK safety lever Krebs Customs Enhanced Safety (MKVI)"},"content":{"rendered":"<div class=\"product-description\">\n<h2>Krebs Custom Mk VI Vylep\u0161en\u00e1 pojistka pro lisovan\u00e9 AK pu\u0161ky<\/h2>\n<p>Pojistka Krebs Custom Mk VI je ur\u010dena pro standardn\u00ed lisovan\u00e9 AK pu\u0161ky. Tato pojistka nab\u00edz\u00ed:<\/p>\n<ul>\n<li>100% vyrobeno v USA, jednod\u00edln\u00e1 konstrukce<\/li>\n<li>1mm 1050 ocel, tepeln\u011b zpracovan\u00e1 na 50C Rockwell<\/li>\n<li>Zlep\u0161en\u00e1 ergonomie a funk\u010dnost<\/li>\n<li>Snadn\u00e1 instalace (pro VEPR 12 doporu\u010den pu\u0161ka\u0159)<\/li>\n<\/ul>\n<p>Pozn\u00e1mka: Nen\u00ed kompatibiln\u00ed s polsk\u00fdm Tantalem, jugosl\u00e1vsk\u00fdmi pu\u0161kami nebo pu\u0161kami Century bez men\u0161\u00edch \u00faprav. Vyberte mezi Mk VI a Mk VI-S podle sou\u010dasn\u00e9 polohy z\u00e1padky pojistky va\u0161\u00ed pu\u0161ky. K dispozici tak\u00e9 pro upraven\u00e9 pu\u0161ky Saiga (AKM6S).<\/p>\n<\/div>\n","protected":false},"excerpt":{"rendered":"<p>P\u0159esn\u011b ra\u017een\u00e1 bezpe\u010dnostn\u00ed p\u00e1ka AK pro standardn\u00ed ra\u017een\u00e9 pouzdra z\u00e1v\u011bru.<\/p>\n","protected":false},"featured_media":467118,"template":"","meta":{"_acf_changed":false},"product_brand":[],"product_cat":[12647,12709,12670],"product_tag":[],"class_list":{"0":"post-526291","1":"product","2":"type-product","3":"status-publish","4":"has-post-thumbnail","6":"product_cat-ak-tuning","7":"product_cat-puska","8":"product_cat-tuning-pusek","10":"first","11":"instock","12":"taxable","13":"shipping-taxable","14":"purchasable","15":"product-type-simple"},"acf":[],"_links":{"self":[{"href":"https:\/\/nbg.eu\/cs\/wp-json\/wp\/v2\/product\/526291","targetHints":{"allow":["GET"]}}],"collection":[{"href":"https:\/\/nbg.eu\/cs\/wp-json\/wp\/v2\/product"}],"about":[{"href":"https:\/\/nbg.eu\/cs\/wp-json\/wp\/v2\/types\/product"}],"wp:featuredmedia":[{"embeddable":true,"href":"https:\/\/nbg.eu\/cs\/wp-json\/wp\/v2\/media\/467118"}],"wp:attachment":[{"href":"https:\/\/nbg.eu\/cs\/wp-json\/wp\/v2\/media?parent=526291"}],"wp:term":[{"taxonomy":"product_brand","embeddable":true,"href":"https:\/\/nbg.eu\/cs\/wp-json\/wp\/v2\/product_brand?post=526291"},{"taxonomy":"product_cat","embeddable":true,"href":"https:\/\/nbg.eu\/cs\/wp-json\/wp\/v2\/product_cat?post=526291"},{"taxonomy":"product_tag","embeddable":true,"href":"https:\/\/nbg.eu\/cs\/wp-json\/wp\/v2\/product_tag?post=526291"}],"curies":[{"name":"wp","href":"https:\/\/api.w.org\/{rel}","templated":true}]}}