{"id":526400,"date":"2025-08-20T17:48:48","date_gmt":"2025-08-20T14:48:48","guid":{"rendered":"https:\/\/nbg.eu\/product\/recoil-spring-ismi-15-lb-spring-for-glock-17-gl15\/"},"modified":"2026-01-21T11:39:14","modified_gmt":"2026-01-21T08:39:14","slug":"recoil-spring-ismi-15-lb-spring-for-glock-17-gl15","status":"publish","type":"product","link":"https:\/\/nbg.eu\/cs\/produkt\/recoil-spring-ismi-15-lb-spring-for-glock-17-gl15\/","title":{"rendered":"Recoil spring ISMI 15 lb. Spring for Glock 17 (GL15)"},"content":{"rendered":"<div class=\"product-description\">\n<h2>ISMI 15 lb. Ploch\u00e1 pru\u017eina zp\u011btn\u00e9ho r\u00e1zu pro Glock 17 (GL15)<\/h2>\n<p>Pru\u017eina zp\u011btn\u00e9ho r\u00e1zu ISMI pro Glock 17. Tato 15 lb. ploch\u00e1 pru\u017eina je vyrobena z chrom-vanadiov\u00e9 slitiny a je navr\u017eena pro vod\u00edc\u00ed ty\u010d o pr\u016fm\u011bru .250&#8243; nebo men\u0161\u00edm.<\/p>\n<ul>\n<li>Navr\u017eeno pomoc\u00ed CAD a vyrobeno podle leteck\u00fdch specifikac\u00ed<\/li>\n<li>Tepeln\u011b zpracov\u00e1no, kuli\u010dkov\u00e1no a pln\u011b zbaveno pnut\u00ed<\/li>\n<li>Zaji\u0161\u0165uje konzistentn\u00ed a spolehliv\u00fd v\u00fdkon<\/li>\n<li>Kompatibiln\u00ed s Glock 17, 17L, 20, 21, 22, 24, 31, 35<\/li>\n<li>Vyrobeno v USA<\/li>\n<\/ul>\n<p>Pru\u017eina zp\u011btn\u00e9ho r\u00e1zu ISMI pro Glock pro spolehlivost a v\u00fdkon. Pro pohodl\u00ed p\u0159i st\u0159elb\u011b a p\u0159esnost.<\/p>\n<\/div>\n","protected":false},"excerpt":{"rendered":"<p>P\u0159esn\u00e1 ploch\u00e1 vratn\u00e1 pru\u017eina o s\u00edle 15 liber pro Glock 17. Vyrobeno v USA, zlep\u0161uje v\u00fdkon.<\/p>\n","protected":false},"featured_media":470565,"template":"","meta":{"_acf_changed":false},"product_brand":[11400],"product_cat":[12659,12677],"product_tag":[],"class_list":{"0":"post-526400","1":"product","2":"type-product","3":"status-publish","4":"has-post-thumbnail","6":"product_brand-glock","7":"product_cat-kmr-dily","8":"product_cat-pruziny","10":"first","11":"outofstock","12":"taxable","13":"shipping-taxable","14":"purchasable","15":"product-type-simple"},"acf":[],"_links":{"self":[{"href":"https:\/\/nbg.eu\/cs\/wp-json\/wp\/v2\/product\/526400","targetHints":{"allow":["GET"]}}],"collection":[{"href":"https:\/\/nbg.eu\/cs\/wp-json\/wp\/v2\/product"}],"about":[{"href":"https:\/\/nbg.eu\/cs\/wp-json\/wp\/v2\/types\/product"}],"wp:featuredmedia":[{"embeddable":true,"href":"https:\/\/nbg.eu\/cs\/wp-json\/wp\/v2\/media\/470565"}],"wp:attachment":[{"href":"https:\/\/nbg.eu\/cs\/wp-json\/wp\/v2\/media?parent=526400"}],"wp:term":[{"taxonomy":"product_brand","embeddable":true,"href":"https:\/\/nbg.eu\/cs\/wp-json\/wp\/v2\/product_brand?post=526400"},{"taxonomy":"product_cat","embeddable":true,"href":"https:\/\/nbg.eu\/cs\/wp-json\/wp\/v2\/product_cat?post=526400"},{"taxonomy":"product_tag","embeddable":true,"href":"https:\/\/nbg.eu\/cs\/wp-json\/wp\/v2\/product_tag?post=526400"}],"curies":[{"name":"wp","href":"https:\/\/api.w.org\/{rel}","templated":true}]}}