{"id":527490,"date":"2025-09-02T20:13:23","date_gmt":"2025-09-02T17:13:23","guid":{"rendered":"https:\/\/nbg.eu\/product\/general-nano-protection-super-nano-grease-synthetic-761034\/"},"modified":"2026-01-21T11:44:38","modified_gmt":"2026-01-21T08:44:38","slug":"general-nano-protection-super-nano-grease-synthetic-761034","status":"publish","type":"product","link":"https:\/\/nbg.eu\/cs\/produkt\/general-nano-protection-super-nano-grease-synthetic-761034\/","title":{"rendered":"General Nano Protection &#8211; Super Nano Grease &#8211; Synthetic &#8211; 761034"},"content":{"rendered":"<h1>General Nano Protection &#8211; Super Nano Grease &#8211; Syntetick\u00fd &#8211; 761034<\/h1>\n<p>Syntetick\u00fd olej na zbran\u011b v 200ml l\u00e1hvi pro \u00fadr\u017ebu st\u0159eln\u00fdch zbran\u00ed.<\/p>\n<ul>\n<li>\u010cist\u00ed prach, karbonov\u00e9 usazeniny a mastnotu<\/li>\n<li>Odstra\u0148uje vlhkost a chr\u00e1n\u00ed proti korozi<\/li>\n<li>Sni\u017euje t\u0159en\u00ed a opot\u0159eben\u00ed r\u016fzn\u00fdch materi\u00e1l\u016f<\/li>\n<li>Prodlu\u017euje \u017eivotnost zbran\u011b<\/li>\n<li>Technologie nano\u010d\u00e1stic pro lep\u0161\u00ed pr\u016fnik<\/li>\n<li>Hydrofobn\u00ed povlak odpuzuje vodu<\/li>\n<li>Odoln\u00fd v\u016f\u010di teplot\u00e1m od -60\u00b0C do +250\u00b0C<\/li>\n<li>Vhodn\u00fd pro pou\u017eit\u00ed na kovu, d\u0159evu, n\u00e1t\u011brech, gum\u011b a plastu<\/li>\n<\/ul>\n<p>Vhodn\u00fd pro pou\u017eit\u00ed na opera\u010dn\u00ed ty\u010de, hlav\u0148ov\u00e9 komory, va\u010dkov\u00e9 \u010depy a dal\u0161\u00ed pohybliv\u00e9 \u010d\u00e1sti.<\/p>\n","protected":false},"excerpt":{"rendered":"<p>Pokro\u010dil\u00fd nano olej na zbran\u011b: \u010dist\u00ed, ma\u017ee a chr\u00e1n\u00ed st\u0159eln\u00e9 zbran\u011b.<\/p>\n","protected":false},"featured_media":490512,"template":"","meta":{"_acf_changed":false},"product_brand":[],"product_cat":[12725],"product_tag":[],"class_list":{"0":"post-527490","1":"product","2":"type-product","3":"status-publish","4":"has-post-thumbnail","6":"product_cat-nezarazeno","8":"first","9":"instock","10":"taxable","11":"shipping-taxable","12":"purchasable","13":"product-type-simple"},"acf":[],"_links":{"self":[{"href":"https:\/\/nbg.eu\/cs\/wp-json\/wp\/v2\/product\/527490","targetHints":{"allow":["GET"]}}],"collection":[{"href":"https:\/\/nbg.eu\/cs\/wp-json\/wp\/v2\/product"}],"about":[{"href":"https:\/\/nbg.eu\/cs\/wp-json\/wp\/v2\/types\/product"}],"wp:featuredmedia":[{"embeddable":true,"href":"https:\/\/nbg.eu\/cs\/wp-json\/wp\/v2\/media\/490512"}],"wp:attachment":[{"href":"https:\/\/nbg.eu\/cs\/wp-json\/wp\/v2\/media?parent=527490"}],"wp:term":[{"taxonomy":"product_brand","embeddable":true,"href":"https:\/\/nbg.eu\/cs\/wp-json\/wp\/v2\/product_brand?post=527490"},{"taxonomy":"product_cat","embeddable":true,"href":"https:\/\/nbg.eu\/cs\/wp-json\/wp\/v2\/product_cat?post=527490"},{"taxonomy":"product_tag","embeddable":true,"href":"https:\/\/nbg.eu\/cs\/wp-json\/wp\/v2\/product_tag?post=527490"}],"curies":[{"name":"wp","href":"https:\/\/api.w.org\/{rel}","templated":true}]}}