{"id":530406,"date":"2025-09-04T17:31:52","date_gmt":"2025-09-04T14:31:52","guid":{"rendered":"https:\/\/nbg.eu\/product\/strike-industries-overmolded-ultimate-dust-cover-for-223-5-56-mm-black\/"},"modified":"2026-01-21T12:14:40","modified_gmt":"2026-01-21T09:14:40","slug":"strike-industries-overmolded-ultimate-dust-cover-for-223-5-56-mm-black","status":"publish","type":"product","link":"https:\/\/nbg.eu\/cs\/produkt\/strike-industries-overmolded-ultimate-dust-cover-for-223-5-56-mm-black\/","title":{"rendered":"Strike Industries &#8211; Overmolded Ultimate Dust Cover for .223\/5.56 mm &#8211; Black"},"content":{"rendered":"<div class=\"product-description\">\n<h2>Strike Industries &#8211; Kryt z\u00e1v\u011bru pro .223\/5.56 mm &#8211; \u010cern\u00fd<\/h2>\n<p>Kryt z\u00e1v\u011bru pro AR-15 od Strike Industries. M\u00e1 dvojit\u00fd vst\u0159ikovac\u00ed odlitek a gumov\u00e9 t\u011bsn\u011bn\u00ed pro ochranu proti ne\u010distot\u00e1m a vod\u011b. Vnit\u0159n\u00ed okraj poskytuje t\u011bsn\u011bj\u0161\u00ed uzav\u0159en\u00ed ne\u017e tradi\u010dn\u00ed kryty z\u00e1v\u011bru.<\/p>\n<ul>\n<li>Instalace bez n\u00e1\u0159ad\u00ed a snadn\u00e1 demont\u00e1\u017e<\/li>\n<li>Nastaviteln\u00fd stav\u011bc\u00ed \u0161roub pro kompenzaci opot\u0159eben\u00ed<\/li>\n<li>Tich\u00e1 aktivace d\u00edky gumov\u00e9mu polstrov\u00e1n\u00ed<\/li>\n<li>Vyrobeno z polymerov\u00e9ho materi\u00e1lu<\/li>\n<li>Odoln\u00fd proti korozi<\/li>\n<li>Instalace nebo odstran\u011bn\u00ed za 5-10 sekund<\/li>\n<\/ul>\n<p>Kompatibiln\u00ed s AR-15 Mil-Spec a v\u011bt\u0161inou horn\u00edch p\u0159ij\u00edma\u010d\u016f, v\u010detn\u011b Aero Precision M4E1. Nen\u00ed kompatibiln\u00ed s VLTOR MUR, ZRO Delta, Lantac Enhanced BCG nebo Bootleg Four Position Adjustable Carrier.<\/p>\n<\/div>\n","protected":false},"excerpt":{"rendered":"<p>Vylep\u0161en\u00fd kryt z\u00e1v\u011bru pro AR-15: Tich\u00fd, rychl\u00e1 instalace, prachot\u011bsn\u00e9 ut\u011bsn\u011bn\u00ed.<\/p>\n","protected":false},"featured_media":493264,"template":"","meta":{"_acf_changed":false},"product_brand":[14612],"product_cat":[12693,12709,12670],"product_tag":[],"class_list":{"0":"post-530406","1":"product","2":"type-product","3":"status-publish","4":"has-post-thumbnail","6":"product_brand-strike-industries","7":"product_cat-ar-tuning","8":"product_cat-puska","9":"product_cat-tuning-pusek","11":"first","12":"instock","13":"taxable","14":"shipping-taxable","15":"purchasable","16":"product-type-simple"},"acf":[],"_links":{"self":[{"href":"https:\/\/nbg.eu\/cs\/wp-json\/wp\/v2\/product\/530406","targetHints":{"allow":["GET"]}}],"collection":[{"href":"https:\/\/nbg.eu\/cs\/wp-json\/wp\/v2\/product"}],"about":[{"href":"https:\/\/nbg.eu\/cs\/wp-json\/wp\/v2\/types\/product"}],"wp:featuredmedia":[{"embeddable":true,"href":"https:\/\/nbg.eu\/cs\/wp-json\/wp\/v2\/media\/493264"}],"wp:attachment":[{"href":"https:\/\/nbg.eu\/cs\/wp-json\/wp\/v2\/media?parent=530406"}],"wp:term":[{"taxonomy":"product_brand","embeddable":true,"href":"https:\/\/nbg.eu\/cs\/wp-json\/wp\/v2\/product_brand?post=530406"},{"taxonomy":"product_cat","embeddable":true,"href":"https:\/\/nbg.eu\/cs\/wp-json\/wp\/v2\/product_cat?post=530406"},{"taxonomy":"product_tag","embeddable":true,"href":"https:\/\/nbg.eu\/cs\/wp-json\/wp\/v2\/product_tag?post=530406"}],"curies":[{"name":"wp","href":"https:\/\/api.w.org\/{rel}","templated":true}]}}