{"id":533951,"date":"2025-09-04T18:48:31","date_gmt":"2025-09-04T15:48:31","guid":{"rendered":"https:\/\/nbg.eu\/product\/ftcs-buttstock-mounting-adapter-picatinny-for-saiga-cerakote-h-146-nr-28\/"},"modified":"2026-01-21T11:40:09","modified_gmt":"2026-01-21T08:40:09","slug":"ftcs-buttstock-mounting-adapter-picatinny-for-saiga-cerakote-h-146-nr-28","status":"publish","type":"product","link":"https:\/\/nbg.eu\/cs\/produkt\/ftcs-buttstock-mounting-adapter-picatinny-for-saiga-cerakote-h-146-nr-28\/","title":{"rendered":"FTCS &#8211; Buttstock Mounting Adapter Picatinny for Saiga &#8211; Cerakote &#8211; H-146 &#8211; Nr. 28"},"content":{"rendered":"<div class=\"product-description\">\n<h2>FTCS &#8211; Adapt\u00e9r pro mont\u00e1\u017e pa\u017eby Picatinny pro Saigu &#8211; Cerakote H-146<\/h2>\n<p>Adapt\u00e9r pro mont\u00e1\u017e pa\u017eby pro Saigu nebo podobn\u00e9 platformy. Vyroben z hlin\u00edku s povrchovou \u00fapravou Cerakote H-146 v barv\u011b Graphite Black.<\/p>\n<ul>\n<li>Kompatibiln\u00ed se Saigou a p\u0159\u00edbuzn\u00fdmi platformami<\/li>\n<li>Umo\u017e\u0148uje mont\u00e1\u017e pa\u017eeb nebo stabiliz\u00e1tor\u016f kompatibiln\u00edch s Picatinny<\/li>\n<li>Snadn\u00e1 instalace bez dal\u0161\u00edch sou\u010d\u00e1st\u00ed<\/li>\n<li>Vygravovan\u00e9 logo v\u00fdrobce<\/li>\n<li>Rozm\u011bry: 35 x 31 x 30 mm<\/li>\n<li>Hmotnost: 49 g<\/li>\n<\/ul>\n<p>Vhodn\u00fd pro pou\u017eit\u00ed s pa\u017ebami Strike Industries jako SI-FSA-DUAL, SI-FSA-DUAL-STOCK nebo SI-FSA-DUAL-STAB.<\/p>\n<\/div>\n","protected":false},"excerpt":{"rendered":"<p>Adapt\u00e9r pa\u017eby pro Saigu. Picatinny li\u0161ta. Cerakote H-146. FTCS \u010d. 28.<\/p>\n","protected":false},"featured_media":494440,"template":"","meta":{"_acf_changed":false},"product_brand":[],"product_cat":[12647,12709,12670],"product_tag":[],"class_list":{"0":"post-533951","1":"product","2":"type-product","3":"status-publish","4":"has-post-thumbnail","6":"product_cat-ak-tuning","7":"product_cat-puska","8":"product_cat-tuning-pusek","10":"first","11":"instock","12":"taxable","13":"shipping-taxable","14":"purchasable","15":"product-type-simple"},"acf":[],"_links":{"self":[{"href":"https:\/\/nbg.eu\/cs\/wp-json\/wp\/v2\/product\/533951","targetHints":{"allow":["GET"]}}],"collection":[{"href":"https:\/\/nbg.eu\/cs\/wp-json\/wp\/v2\/product"}],"about":[{"href":"https:\/\/nbg.eu\/cs\/wp-json\/wp\/v2\/types\/product"}],"wp:featuredmedia":[{"embeddable":true,"href":"https:\/\/nbg.eu\/cs\/wp-json\/wp\/v2\/media\/494440"}],"wp:attachment":[{"href":"https:\/\/nbg.eu\/cs\/wp-json\/wp\/v2\/media?parent=533951"}],"wp:term":[{"taxonomy":"product_brand","embeddable":true,"href":"https:\/\/nbg.eu\/cs\/wp-json\/wp\/v2\/product_brand?post=533951"},{"taxonomy":"product_cat","embeddable":true,"href":"https:\/\/nbg.eu\/cs\/wp-json\/wp\/v2\/product_cat?post=533951"},{"taxonomy":"product_tag","embeddable":true,"href":"https:\/\/nbg.eu\/cs\/wp-json\/wp\/v2\/product_tag?post=533951"}],"curies":[{"name":"wp","href":"https:\/\/api.w.org\/{rel}","templated":true}]}}