{"id":535167,"date":"2025-09-04T23:53:22","date_gmt":"2025-09-04T20:53:22","guid":{"rendered":"https:\/\/nbg.eu\/product\/law-tactical-llc-armorers-flange-tool-2019aft\/"},"modified":"2026-01-21T11:58:40","modified_gmt":"2026-01-21T08:58:40","slug":"law-tactical-llc-armorers-flange-tool-2019aft","status":"publish","type":"product","link":"https:\/\/nbg.eu\/cs\/produkt\/law-tactical-llc-armorers-flange-tool-2019aft\/","title":{"rendered":"LAW TACTICAL LLC Armorer&#8217;s Flange Tool (2019AFT)"},"content":{"rendered":"<div class=\"product-description\">\n<h2>LAW TACTICAL LLC N\u00e1stroj pro mont\u00e1\u017e a demont\u00e1\u017e p\u0159\u00edruby (2019AFT)<\/h2>\n<p>N\u00e1stroj pro \u00fadr\u017ebu skl\u00e1dac\u00ed pa\u017eby Law Tactical. Tento opakovan\u011b pou\u017eiteln\u00fd n\u00e1stroj pro instalaci a odstran\u011bn\u00ed p\u0159\u00edruby je vyroben z tepeln\u011b zpracovan\u00e9 uhl\u00edkov\u00e9 oceli pro zaji\u0161t\u011bn\u00ed pevnosti a odolnosti.<\/p>\n<ul>\n<li>Vyroben z pln\u00e9ho kusu tepeln\u011b zpracovan\u00e9 uhl\u00edkov\u00e9 oceli<\/li>\n<li>Navr\u017een pro dlouhou \u017eivotnost<\/li>\n<li>M\u00e1 3\/8&#8243; \u010dty\u0159hrann\u00fd n\u00e1stavec pro pou\u017eit\u00ed s momentov\u00fdm kl\u00ed\u010dem<\/li>\n<li>Individu\u00e1ln\u011b kontrolov\u00e1n pro zaji\u0161t\u011bn\u00ed kvality<\/li>\n<li>Povrchov\u00e1 \u00faprava \u010dern\u00fdm melonitem pro zv\u00fd\u0161enou ochranu<\/li>\n<\/ul>\n<p>Tento n\u00e1stroj je vhodn\u00fd pro nad\u0161ence i profesion\u00e1ly.<\/p>\n<\/div>\n","protected":false},"excerpt":{"rendered":"<p>Odoln\u00fd ocelov\u00fd n\u00e1stroj pro p\u0159\u00edruby adapt\u00e9ru sklopn\u00e9 pa\u017eby Law Tactical.<\/p>\n","protected":false},"featured_media":495816,"template":"","meta":{"_acf_changed":false},"product_brand":[14390],"product_cat":[12725],"product_tag":[],"class_list":{"0":"post-535167","1":"product","2":"type-product","3":"status-publish","4":"has-post-thumbnail","6":"product_brand-law-tactical-llc","7":"product_cat-nezarazeno","9":"first","10":"outofstock","11":"taxable","12":"shipping-taxable","13":"purchasable","14":"product-type-simple"},"acf":[],"_links":{"self":[{"href":"https:\/\/nbg.eu\/cs\/wp-json\/wp\/v2\/product\/535167","targetHints":{"allow":["GET"]}}],"collection":[{"href":"https:\/\/nbg.eu\/cs\/wp-json\/wp\/v2\/product"}],"about":[{"href":"https:\/\/nbg.eu\/cs\/wp-json\/wp\/v2\/types\/product"}],"wp:featuredmedia":[{"embeddable":true,"href":"https:\/\/nbg.eu\/cs\/wp-json\/wp\/v2\/media\/495816"}],"wp:attachment":[{"href":"https:\/\/nbg.eu\/cs\/wp-json\/wp\/v2\/media?parent=535167"}],"wp:term":[{"taxonomy":"product_brand","embeddable":true,"href":"https:\/\/nbg.eu\/cs\/wp-json\/wp\/v2\/product_brand?post=535167"},{"taxonomy":"product_cat","embeddable":true,"href":"https:\/\/nbg.eu\/cs\/wp-json\/wp\/v2\/product_cat?post=535167"},{"taxonomy":"product_tag","embeddable":true,"href":"https:\/\/nbg.eu\/cs\/wp-json\/wp\/v2\/product_tag?post=535167"}],"curies":[{"name":"wp","href":"https:\/\/api.w.org\/{rel}","templated":true}]}}