{"id":535383,"date":"2025-09-04T23:53:51","date_gmt":"2025-09-04T20:53:51","guid":{"rendered":"https:\/\/nbg.eu\/product\/law-tactical-llc-ar-15-m16-gen3-m-folding-stock-adapter-99312\/"},"modified":"2026-01-21T11:37:30","modified_gmt":"2026-01-21T08:37:30","slug":"law-tactical-llc-ar-15m16-gen3-m-adapter-skladaci-pazby-99312","status":"publish","type":"product","link":"https:\/\/nbg.eu\/cs\/produkt\/law-tactical-llc-ar-15m16-gen3-m-adapter-skladaci-pazby-99312\/","title":{"rendered":"LAW TACTICAL LLC AR-15\/M16 Gen3-M Adapt\u00e9r Skl\u00e1dac\u00ed Pa\u017eby (99312)"},"content":{"rendered":"<h2>LAW TACTICAL LLC AR-15\/M16 Gen3-M Adapt\u00e9r pro skl\u00e1dac\u00ed pa\u017ebu (99312)<\/h2>\n<p>Adapt\u00e9r pro skl\u00e1dac\u00ed pa\u017ebu kompatibiln\u00ed s pu\u0161kami platformy AR. Tento dopln\u011bk funguje s p\u0159\u00edm\u00fdm impingementem i plynov\u00fdmi p\u00edstov\u00fdmi syst\u00e9my a je vhodn\u00fd pro A2, karabinov\u00e9, mil-spec nebo komer\u010dn\u00ed n\u00e1razn\u00edkov\u00e9 trubice a pa\u017eby.<\/p>\n<ul>\n<li>Kompatibiln\u00ed se standardn\u00edmi nosi\u010di z\u00e1v\u011bru (pln\u011b automatick\u00e9, poloautomatick\u00e9, 5,56 a\u017e .308)<\/li>\n<li>Vhodn\u00fd pro p\u0159epravu s n\u00edzk\u00fdm profilem<\/li>\n<li>Jednoduch\u00fd mechanismus skl\u00e1d\u00e1n\u00ed na jedno tla\u010d\u00edtko<\/li>\n<li>Automatick\u00e9 zamyk\u00e1n\u00ed v rozlo\u017een\u00e9m stavu<\/li>\n<li>CNC obr\u00e1b\u011bn\u00fd z oceli 4140<\/li>\n<li>Navr\u017eeno, vyrobeno a sestaveno v USA<\/li>\n<li>Integrovan\u00e9 uchycen\u00ed pro jednobodov\u00fd popruh<\/li>\n<\/ul>\n<p>Zvy\u0161uje v\u0161estrannost va\u0161\u00ed pu\u0161ky AR bez omezen\u00ed funk\u010dnosti.<\/p>\n","protected":false},"excerpt":{"rendered":"<p>Kompaktn\u00ed skl\u00e1dac\u00ed adapt\u00e9r pa\u017eby pro AR-15\/M16 pro n\u00edzkoprofilovou p\u0159epravu.<\/p>\n","protected":false},"featured_media":496046,"template":"","meta":{"_acf_changed":false},"product_brand":[14390],"product_cat":[12705,12670],"product_tag":[],"class_list":{"0":"post-535383","1":"product","2":"type-product","3":"status-publish","4":"has-post-thumbnail","6":"product_brand-law-tactical-llc","7":"product_cat-pazby","8":"product_cat-tuning-pusek","10":"first","11":"instock","12":"taxable","13":"shipping-taxable","14":"purchasable","15":"product-type-simple"},"acf":[],"_links":{"self":[{"href":"https:\/\/nbg.eu\/cs\/wp-json\/wp\/v2\/product\/535383","targetHints":{"allow":["GET"]}}],"collection":[{"href":"https:\/\/nbg.eu\/cs\/wp-json\/wp\/v2\/product"}],"about":[{"href":"https:\/\/nbg.eu\/cs\/wp-json\/wp\/v2\/types\/product"}],"wp:featuredmedia":[{"embeddable":true,"href":"https:\/\/nbg.eu\/cs\/wp-json\/wp\/v2\/media\/496046"}],"wp:attachment":[{"href":"https:\/\/nbg.eu\/cs\/wp-json\/wp\/v2\/media?parent=535383"}],"wp:term":[{"taxonomy":"product_brand","embeddable":true,"href":"https:\/\/nbg.eu\/cs\/wp-json\/wp\/v2\/product_brand?post=535383"},{"taxonomy":"product_cat","embeddable":true,"href":"https:\/\/nbg.eu\/cs\/wp-json\/wp\/v2\/product_cat?post=535383"},{"taxonomy":"product_tag","embeddable":true,"href":"https:\/\/nbg.eu\/cs\/wp-json\/wp\/v2\/product_tag?post=535383"}],"curies":[{"name":"wp","href":"https:\/\/api.w.org\/{rel}","templated":true}]}}