{"id":536140,"date":"2025-09-05T00:03:26","date_gmt":"2025-09-04T21:03:26","guid":{"rendered":"https:\/\/nbg.eu\/product\/utg-pro-mp5-monolithic-m-lok-handguard\/"},"modified":"2026-01-21T11:34:13","modified_gmt":"2026-01-21T08:34:13","slug":"utg-pro-mp5-monoliticka-m-lok-predpazbi","status":"publish","type":"product","link":"https:\/\/nbg.eu\/cs\/produkt\/utg-pro-mp5-monoliticka-m-lok-predpazbi\/","title":{"rendered":"UTG PRO\u00ae MP5 Monolitick\u00e1 M-LOK p\u0159edpa\u017eb\u00ed"},"content":{"rendered":"<h2>UTG PRO\u00ae MP5 Monolitick\u00e9 M-LOK P\u0159edpa\u017eb\u00ed<\/h2>\n<p>P\u0159edpa\u017eb\u00ed UTG PRO\u00ae Monolithic M-LOK pro MP5. Toto hlin\u00edkov\u00e9 p\u0159edpa\u017eb\u00ed nab\u00edz\u00ed odolnost a v\u0161estrannost pro va\u0161i zbra\u0148.<\/p>\n<ul>\n<li>Vyrobeno v USA<\/li>\n<li>Picatinny li\u0161ta v cel\u00e9 d\u00e9lce pro optiku a p\u0159\u00edslu\u0161enstv\u00ed<\/li>\n<li>M-LOK sloty v pozic\u00edch 3, 6 a 9 hodin<\/li>\n<li>N\u00edzk\u00fd profil<\/li>\n<li>Snadn\u00e1 instalace s p\u0159ilo\u017een\u00fdm p\u0159\u00edslu\u0161enstv\u00edm<\/li>\n<li>Kompatibiln\u00ed s v\u011bt\u0161inou model\u016f MP5 a klon\u016f<\/li>\n<li>K dispozici v matn\u00e9 \u010dern\u00e9 barv\u011b<\/li>\n<\/ul>\n<p>P\u0159edpa\u017eb\u00ed pro zlep\u0161en\u00ed funk\u010dnosti a vzhledu va\u0161eho MP5. Pro taktick\u00e9 nad\u0161ence a sout\u011b\u017en\u00ed st\u0159elce.<\/p>\n","protected":false},"excerpt":{"rendered":"<p>UTG PRO\u00ae MP5 M-LOK p\u0159edpa\u017eb\u00ed: Odoln\u00e1, lehk\u00e1 a modul\u00e1rn\u00ed modernizace.<\/p>\n","protected":false},"featured_media":745378,"template":"","meta":{"_acf_changed":false},"product_brand":[14397],"product_cat":[14792,12723,12709,12670],"product_tag":[],"class_list":{"0":"post-536140","1":"product","2":"type-product","3":"status-publish","4":"has-post-thumbnail","6":"product_brand-leapers-inc","7":"product_cat-chranice-predpazbi","8":"product_cat-listy","9":"product_cat-puska","10":"product_cat-tuning-pusek","12":"first","13":"instock","14":"taxable","15":"shipping-taxable","16":"purchasable","17":"product-type-simple"},"acf":[],"_links":{"self":[{"href":"https:\/\/nbg.eu\/cs\/wp-json\/wp\/v2\/product\/536140","targetHints":{"allow":["GET"]}}],"collection":[{"href":"https:\/\/nbg.eu\/cs\/wp-json\/wp\/v2\/product"}],"about":[{"href":"https:\/\/nbg.eu\/cs\/wp-json\/wp\/v2\/types\/product"}],"wp:featuredmedia":[{"embeddable":true,"href":"https:\/\/nbg.eu\/cs\/wp-json\/wp\/v2\/media\/745378"}],"wp:attachment":[{"href":"https:\/\/nbg.eu\/cs\/wp-json\/wp\/v2\/media?parent=536140"}],"wp:term":[{"taxonomy":"product_brand","embeddable":true,"href":"https:\/\/nbg.eu\/cs\/wp-json\/wp\/v2\/product_brand?post=536140"},{"taxonomy":"product_cat","embeddable":true,"href":"https:\/\/nbg.eu\/cs\/wp-json\/wp\/v2\/product_cat?post=536140"},{"taxonomy":"product_tag","embeddable":true,"href":"https:\/\/nbg.eu\/cs\/wp-json\/wp\/v2\/product_tag?post=536140"}],"curies":[{"name":"wp","href":"https:\/\/api.w.org\/{rel}","templated":true}]}}