{"id":536357,"date":"2025-09-05T00:16:15","date_gmt":"2025-09-04T21:16:15","guid":{"rendered":"https:\/\/nbg.eu\/product\/ar-15-a2-pistol-grip\/"},"modified":"2026-01-21T11:34:07","modified_gmt":"2026-01-21T08:34:07","slug":"ar-15-a2-pistol-grip","status":"publish","type":"product","link":"https:\/\/nbg.eu\/cs\/produkt\/ar-15-a2-pistol-grip\/","title":{"rendered":"AR-15 A2 PISTOL GRIP"},"content":{"rendered":"<h1>CZ Shadow 2 Orange &#8211; Sout\u011b\u017en\u00ed pistole<\/h1>\n<p>CZ Shadow 2 Orange nab\u00edz\u00ed:<\/p>\n<ul>\n<li>Tov\u00e1rn\u011b osazen\u00e9 pouzdro hlavn\u011b<\/li>\n<li>Upraven\u00e1 spou\u0161\u0165 s kr\u00e1tk\u00fdm resetem<\/li>\n<li>Ru\u010dn\u011b upraven\u00fd z\u00e1v\u011br a r\u00e1m<\/li>\n<li>Speci\u00e1ln\u00ed st\u0159enky a prodlou\u017een\u00e9 uvoln\u011bn\u00ed z\u00e1sobn\u00edku<\/li>\n<li>Nastaviteln\u00e9 tla\u010d\u00edtko uvoln\u011bn\u00ed z\u00e1sobn\u00edku se t\u0159emi polohami<\/li>\n<li>Nitridov\u00e1 povrchov\u00e1 \u00faprava s dodate\u010dn\u00fdm polymerov\u00fdm n\u00e1st\u0159ikem r\u00e1mu<\/li>\n<li>Tenk\u00e9 hlin\u00edkov\u00e9 st\u0159enky s texturou<\/li>\n<li>P\u0159edn\u00ed m\u00ed\u0159idlo s optick\u00fdm vl\u00e1knem a nastaviteln\u00e9 zadn\u00ed m\u00ed\u0159idlo HAJO<\/li>\n<li>Oboustrann\u00e1 manu\u00e1ln\u00ed pojistka<\/li>\n<\/ul>\n<p>R\u00e1\u017ee 9mm Luger s kapacitou 17+1 n\u00e1boj\u016f, ocelov\u00fd r\u00e1m s hmotnost\u00ed 1318 g, ur\u010deno pro sportovn\u00ed st\u0159elbu.<\/p>\n","protected":false},"excerpt":{"rendered":"<p>Klasick\u00e1 rukoje\u0165 AR-15. Ergonomick\u00fd design. Odoln\u00e1 polymerov\u00e1 konstrukce.<\/p>\n","protected":false},"featured_media":496405,"template":"","meta":{"_acf_changed":false},"product_brand":[],"product_cat":[12709,12670],"product_tag":[],"class_list":{"0":"post-536357","1":"product","2":"type-product","3":"status-publish","4":"has-post-thumbnail","6":"product_cat-puska","7":"product_cat-tuning-pusek","9":"first","10":"outofstock","11":"taxable","12":"shipping-taxable","13":"purchasable","14":"product-type-simple"},"acf":[],"_links":{"self":[{"href":"https:\/\/nbg.eu\/cs\/wp-json\/wp\/v2\/product\/536357","targetHints":{"allow":["GET"]}}],"collection":[{"href":"https:\/\/nbg.eu\/cs\/wp-json\/wp\/v2\/product"}],"about":[{"href":"https:\/\/nbg.eu\/cs\/wp-json\/wp\/v2\/types\/product"}],"wp:featuredmedia":[{"embeddable":true,"href":"https:\/\/nbg.eu\/cs\/wp-json\/wp\/v2\/media\/496405"}],"wp:attachment":[{"href":"https:\/\/nbg.eu\/cs\/wp-json\/wp\/v2\/media?parent=536357"}],"wp:term":[{"taxonomy":"product_brand","embeddable":true,"href":"https:\/\/nbg.eu\/cs\/wp-json\/wp\/v2\/product_brand?post=536357"},{"taxonomy":"product_cat","embeddable":true,"href":"https:\/\/nbg.eu\/cs\/wp-json\/wp\/v2\/product_cat?post=536357"},{"taxonomy":"product_tag","embeddable":true,"href":"https:\/\/nbg.eu\/cs\/wp-json\/wp\/v2\/product_tag?post=536357"}],"curies":[{"name":"wp","href":"https:\/\/api.w.org\/{rel}","templated":true}]}}