{"id":538070,"date":"2025-09-05T17:27:03","date_gmt":"2025-09-05T14:27:03","guid":{"rendered":"https:\/\/nbg.eu\/product\/colt-ar-15-stock-assy-collapsible-oem-blk\/"},"modified":"2026-01-21T11:34:53","modified_gmt":"2026-01-21T08:34:53","slug":"colt-ar-15-stock-assy-collapsible-oem-blk","status":"publish","type":"product","link":"https:\/\/nbg.eu\/cs\/produkt\/colt-ar-15-stock-assy-collapsible-oem-blk\/","title":{"rendered":"COLT AR-15 Stock Assy Collapsible OEM BLK"},"content":{"rendered":"<h1>COLT AR-15 Skl\u00e1dac\u00ed pa\u017eba OEM \u010dern\u00e1<\/h1>\n<p>COLT AR-15 Skl\u00e1dac\u00ed pa\u017eba OEM \u010dern\u00e1. Tento komponent nab\u00edz\u00ed:<\/p>\n<ul>\n<li>Kompatibilita s AR-15, M16 a AR-15\/M4 modely<\/li>\n<li>Skl\u00e1dac\u00ed design pro snadn\u00e9 skladov\u00e1n\u00ed a p\u0159epravu<\/li>\n<li>Matn\u011b \u010dern\u00e1 povrchov\u00e1 \u00faprava<\/li>\n<li>Konstrukce z kompozitn\u00edho materi\u00e1lu<\/li>\n<li>OEM kvalita<\/li>\n<\/ul>\n<p>Tato pa\u017eba poskytuje v\u0161estrannost a pohodl\u00ed. Umo\u017e\u0148uje nastaven\u00ed d\u00e9lky podle pot\u0159eby a zlep\u0161uje ovl\u00e1d\u00e1n\u00ed v r\u016fzn\u00fdch situac\u00edch.<\/p>\n<p>Specifikace:<\/p>\n<ul>\n<li>Hmotnost: 0,181 kg<\/li>\n<li>Rozm\u011bry: 157 mm x 130 mm x 28 mm<\/li>\n<li>Vyrobeno v USA<\/li>\n<li>Exportn\u00ed klasifikace USA: 0A501.y.1<\/li>\n<\/ul>\n<p>COLT pa\u017eba pro AR-15.<\/p>\n","protected":false},"excerpt":{"rendered":"<p>Skl\u00e1dac\u00ed pa\u017eba pro AR-15. Origin\u00e1ln\u00ed \u010dern\u00e1, matn\u00e1 povrchov\u00e1 \u00faprava.<\/p>\n","protected":false},"featured_media":496973,"template":"","meta":{"_acf_changed":false},"product_brand":[],"product_cat":[12705,12670],"product_tag":[],"class_list":{"0":"post-538070","1":"product","2":"type-product","3":"status-publish","4":"has-post-thumbnail","6":"product_cat-pazby","7":"product_cat-tuning-pusek","9":"first","10":"outofstock","11":"taxable","12":"shipping-taxable","13":"purchasable","14":"product-type-simple"},"acf":[],"_links":{"self":[{"href":"https:\/\/nbg.eu\/cs\/wp-json\/wp\/v2\/product\/538070","targetHints":{"allow":["GET"]}}],"collection":[{"href":"https:\/\/nbg.eu\/cs\/wp-json\/wp\/v2\/product"}],"about":[{"href":"https:\/\/nbg.eu\/cs\/wp-json\/wp\/v2\/types\/product"}],"wp:featuredmedia":[{"embeddable":true,"href":"https:\/\/nbg.eu\/cs\/wp-json\/wp\/v2\/media\/496973"}],"wp:attachment":[{"href":"https:\/\/nbg.eu\/cs\/wp-json\/wp\/v2\/media?parent=538070"}],"wp:term":[{"taxonomy":"product_brand","embeddable":true,"href":"https:\/\/nbg.eu\/cs\/wp-json\/wp\/v2\/product_brand?post=538070"},{"taxonomy":"product_cat","embeddable":true,"href":"https:\/\/nbg.eu\/cs\/wp-json\/wp\/v2\/product_cat?post=538070"},{"taxonomy":"product_tag","embeddable":true,"href":"https:\/\/nbg.eu\/cs\/wp-json\/wp\/v2\/product_tag?post=538070"}],"curies":[{"name":"wp","href":"https:\/\/api.w.org\/{rel}","templated":true}]}}