{"id":538182,"date":"2025-09-05T17:27:04","date_gmt":"2025-09-05T14:27:04","guid":{"rendered":"https:\/\/nbg.eu\/product\/b5-systems-ar-15-precision-stock\/"},"modified":"2026-02-27T15:51:18","modified_gmt":"2026-02-27T12:51:18","slug":"b5-systems-ar-15-precision-stock","status":"publish","type":"product","link":"https:\/\/nbg.eu\/cs\/produkt\/b5-systems-ar-15-precision-stock\/","title":{"rendered":"B5 SYSTEMS AR-15 PRECISION STOCK"},"content":{"rendered":"<div class=\"product-description\">\n<h2>B5 SYSTEMS AR-15 P\u0158ESN\u00c1 PA\u017dBA<\/h2>\n<p>B5 Systems sklopn\u00e1 p\u0159esn\u00e1 pa\u017eba pro AR-15. Tato pa\u017eba kombinuje stabilitu pevn\u00e9 pa\u017eby s v\u0161estrannost\u00ed nastaviteln\u00e9 karabinov\u00e9 pa\u017eby.<\/p>\n<ul>\n<li>\u010cern\u00e1 konstrukce z vyztu\u017een\u00e9ho polymeru<\/li>\n<li>Kompatibiln\u00ed s pa\u017ebov\u00fdmi trubkami karabinov\u00e9 d\u00e9lky dle vojensk\u00e9 specifikace<\/li>\n<li>Vnit\u0159n\u00ed nap\u00edna\u010de eliminuj\u00ed chrast\u011bn\u00ed<\/li>\n<li>Nastaviteln\u00e1 zadn\u00ed op\u011brka a l\u00edcnice pro optim\u00e1ln\u00ed pohodl\u00ed<\/li>\n<li>Dvojit\u00e9 QD sloty s omezenou rotac\u00ed a pevn\u00e9 smy\u010dky pro \u0159emen<\/li>\n<li>M-LOK sloty pro p\u0159ipevn\u011bn\u00ed p\u0159\u00edslu\u0161enstv\u00ed<\/li>\n<\/ul>\n<p>Tato pa\u017eba je navr\u017eena pro v\u00e1\u017en\u00e9 sestavy pu\u0161ek a nab\u00edz\u00ed funk\u010dnost a spolehlivost. B5 Systems dod\u00e1v\u00e1 komponenty, kter\u00e9 up\u0159ednost\u0148uj\u00ed v\u00fdkon.<\/p>\n<\/div>\n","protected":false},"excerpt":{"rendered":"<p>Nastaviteln\u00e1, stabiln\u00ed pa\u017eba pro AR-15 s l\u00edcnic\u00ed a n\u011bkolika \u00fachyty na \u0159emen.<\/p>\n","protected":false},"featured_media":497065,"template":"","meta":{"_acf_changed":false},"product_brand":[],"product_cat":[12705,12670],"product_tag":[],"class_list":{"0":"post-538182","1":"product","2":"type-product","3":"status-publish","4":"has-post-thumbnail","6":"product_cat-pazby","7":"product_cat-tuning-pusek","9":"first","10":"outofstock","11":"taxable","12":"shipping-taxable","13":"purchasable","14":"product-type-simple"},"acf":[],"_links":{"self":[{"href":"https:\/\/nbg.eu\/cs\/wp-json\/wp\/v2\/product\/538182","targetHints":{"allow":["GET"]}}],"collection":[{"href":"https:\/\/nbg.eu\/cs\/wp-json\/wp\/v2\/product"}],"about":[{"href":"https:\/\/nbg.eu\/cs\/wp-json\/wp\/v2\/types\/product"}],"wp:featuredmedia":[{"embeddable":true,"href":"https:\/\/nbg.eu\/cs\/wp-json\/wp\/v2\/media\/497065"}],"wp:attachment":[{"href":"https:\/\/nbg.eu\/cs\/wp-json\/wp\/v2\/media?parent=538182"}],"wp:term":[{"taxonomy":"product_brand","embeddable":true,"href":"https:\/\/nbg.eu\/cs\/wp-json\/wp\/v2\/product_brand?post=538182"},{"taxonomy":"product_cat","embeddable":true,"href":"https:\/\/nbg.eu\/cs\/wp-json\/wp\/v2\/product_cat?post=538182"},{"taxonomy":"product_tag","embeddable":true,"href":"https:\/\/nbg.eu\/cs\/wp-json\/wp\/v2\/product_tag?post=538182"}],"curies":[{"name":"wp","href":"https:\/\/api.w.org\/{rel}","templated":true}]}}