{"id":539105,"date":"2025-09-05T17:38:06","date_gmt":"2025-09-05T14:38:06","guid":{"rendered":"https:\/\/nbg.eu\/product\/ar-15-extractor-pin\/"},"modified":"2026-01-21T11:33:27","modified_gmt":"2026-01-21T08:33:27","slug":"ar-15-extractor-pin","status":"publish","type":"product","link":"https:\/\/nbg.eu\/cs\/produkt\/ar-15-extractor-pin\/","title":{"rendered":"AR-15 EXTRACTOR PIN"},"content":{"rendered":"<h1>BRN AR-15 Kol\u00edk vytahova\u010de z\u00e1v\u011bru, \u010cern\u00fd<\/h1>\n<p>BRN AR-15 Kol\u00edk vytahova\u010de z\u00e1v\u011bru je komponenta navr\u017een\u00e1 podle OEM specifikac\u00ed pro pu\u0161ky AR-15\/M16, zaji\u0161\u0165uj\u00edc\u00ed p\u0159esn\u00e9 usazen\u00ed a funk\u010dnost.<\/p>\n<h2>Hlavn\u00ed vlastnosti:<\/h2>\n<ul>\n<li>Vyrobeno v USA<\/li>\n<li>Do\u017eivotn\u00ed z\u00e1ruka<\/li>\n<li>Fosf\u00e1tov\u00e1 povrchov\u00e1 \u00faprava<\/li>\n<li>\u010cern\u00e1 barva<\/li>\n<li>Vyrobeno z kvalitn\u00ed oceli<\/li>\n<li>Univerz\u00e1ln\u00ed pro platformy AR-15<\/li>\n<\/ul>\n<p>Tento n\u00e1hradn\u00ed d\u00edl je ur\u010den pro \u00fadr\u017ebu nebo vylep\u0161en\u00ed AR-15. Vyroben v USA s do\u017eivotn\u00ed z\u00e1rukou Brownells.<\/p>\n<p><strong>Specifikace produktu:<\/strong> Brownells #100040958 | MFR #AZT-M4-556ST016 | UPC 050806029637<\/p>\n","protected":false},"excerpt":{"rendered":"<p>Origin\u00e1ln\u00ed n\u00e1hradn\u00ed vytahovac\u00ed kol\u00edk pro AR-15\/M16. \u010cern\u00fd, vyroben\u00fd v USA, s do\u017eivotn\u00ed z\u00e1rukou.<\/p>\n","protected":false},"featured_media":497335,"template":"","meta":{"_acf_changed":false},"product_brand":[],"product_cat":[12670],"product_tag":[],"class_list":{"0":"post-539105","1":"product","2":"type-product","3":"status-publish","4":"has-post-thumbnail","6":"product_cat-tuning-pusek","8":"first","9":"instock","10":"taxable","11":"shipping-taxable","12":"purchasable","13":"product-type-simple"},"acf":[],"_links":{"self":[{"href":"https:\/\/nbg.eu\/cs\/wp-json\/wp\/v2\/product\/539105","targetHints":{"allow":["GET"]}}],"collection":[{"href":"https:\/\/nbg.eu\/cs\/wp-json\/wp\/v2\/product"}],"about":[{"href":"https:\/\/nbg.eu\/cs\/wp-json\/wp\/v2\/types\/product"}],"wp:featuredmedia":[{"embeddable":true,"href":"https:\/\/nbg.eu\/cs\/wp-json\/wp\/v2\/media\/497335"}],"wp:attachment":[{"href":"https:\/\/nbg.eu\/cs\/wp-json\/wp\/v2\/media?parent=539105"}],"wp:term":[{"taxonomy":"product_brand","embeddable":true,"href":"https:\/\/nbg.eu\/cs\/wp-json\/wp\/v2\/product_brand?post=539105"},{"taxonomy":"product_cat","embeddable":true,"href":"https:\/\/nbg.eu\/cs\/wp-json\/wp\/v2\/product_cat?post=539105"},{"taxonomy":"product_tag","embeddable":true,"href":"https:\/\/nbg.eu\/cs\/wp-json\/wp\/v2\/product_tag?post=539105"}],"curies":[{"name":"wp","href":"https:\/\/api.w.org\/{rel}","templated":true}]}}