{"id":539239,"date":"2025-09-05T17:38:16","date_gmt":"2025-09-05T14:38:16","guid":{"rendered":"https:\/\/nbg.eu\/product\/zero-compromise-optic-zc527-10mil-mpct2x\/"},"modified":"2026-01-21T11:29:43","modified_gmt":"2026-01-21T08:29:43","slug":"zero-compromise-optic-zc527-10mil-mpct2x","status":"publish","type":"product","link":"https:\/\/nbg.eu\/cs\/produkt\/zero-compromise-optic-zc527-10mil-mpct2x\/","title":{"rendered":"Zero Compromise Optic ZC527 10MIL MPCT2X"},"content":{"rendered":"<h1>Zero Compromise Optic ZC527 10MIL MPCT2X<\/h1>\n<p>ZC527 je pu\u0161kohled s n\u00e1sleduj\u00edc\u00edmi parametry. D\u00e9lka je 387 mm a hmotnost 1122 g. Nab\u00edz\u00ed:<\/p>\n<ul>\n<li>35 mil nastaven\u00ed elevace<\/li>\n<li>20 mil nastaven\u00ed bo\u010dn\u00edho v\u011btru<\/li>\n<li>Zorn\u00e9 pole 7m\/100m<\/li>\n<li>Vysok\u00e1 sv\u011bteln\u00e1 propustnost<\/li>\n<li>Vysok\u00e9 rozli\u0161en\u00ed<\/li>\n<\/ul>\n<p>ZC527 je vyroben z kvalitn\u00edch materi\u00e1l\u016f. Je k dispozici ve standardn\u00ed povrchov\u00e9 \u00faprav\u011b nebo v barv\u011b FDE (flat dark earth).<\/p>\n<p>Zero Compromise Optic ZC527 je pu\u0161kohled ur\u010den\u00fd pro p\u0159esnou st\u0159elbu.<\/p>\n","protected":false},"excerpt":{"rendered":"<p>Pr\u00e9miov\u00fd pu\u0161kohled: Bezkonkuren\u010dn\u00ed jasnost, \u0161irok\u00e9 zorn\u00e9 pole, p\u0159esn\u00e9 nastaven\u00ed.<\/p>\n","protected":false},"featured_media":497381,"template":"","meta":{"_acf_changed":false},"product_brand":[15184],"product_cat":[12660,12673],"product_tag":[],"class_list":{"0":"post-539239","1":"product","2":"type-product","3":"status-publish","4":"has-post-thumbnail","6":"product_brand-zero-compromise-optics","7":"product_cat-zamerovani","8":"product_cat-zvetsovaci-optika","10":"first","11":"outofstock","12":"taxable","13":"shipping-taxable","14":"purchasable","15":"product-type-simple"},"acf":[],"_links":{"self":[{"href":"https:\/\/nbg.eu\/cs\/wp-json\/wp\/v2\/product\/539239","targetHints":{"allow":["GET"]}}],"collection":[{"href":"https:\/\/nbg.eu\/cs\/wp-json\/wp\/v2\/product"}],"about":[{"href":"https:\/\/nbg.eu\/cs\/wp-json\/wp\/v2\/types\/product"}],"wp:featuredmedia":[{"embeddable":true,"href":"https:\/\/nbg.eu\/cs\/wp-json\/wp\/v2\/media\/497381"}],"wp:attachment":[{"href":"https:\/\/nbg.eu\/cs\/wp-json\/wp\/v2\/media?parent=539239"}],"wp:term":[{"taxonomy":"product_brand","embeddable":true,"href":"https:\/\/nbg.eu\/cs\/wp-json\/wp\/v2\/product_brand?post=539239"},{"taxonomy":"product_cat","embeddable":true,"href":"https:\/\/nbg.eu\/cs\/wp-json\/wp\/v2\/product_cat?post=539239"},{"taxonomy":"product_tag","embeddable":true,"href":"https:\/\/nbg.eu\/cs\/wp-json\/wp\/v2\/product_tag?post=539239"}],"curies":[{"name":"wp","href":"https:\/\/api.w.org\/{rel}","templated":true}]}}