{"id":539373,"date":"2025-09-05T17:38:17","date_gmt":"2025-09-05T14:38:17","guid":{"rendered":"https:\/\/nbg.eu\/product\/zco-mount\/"},"modified":"2026-01-21T11:38:40","modified_gmt":"2026-01-21T08:38:40","slug":"zco-mount","status":"publish","type":"product","link":"https:\/\/nbg.eu\/cs\/produkt\/zco-mount\/","title":{"rendered":"ZCO Mount"},"content":{"rendered":"<div class=\"product-description\">\n<h1>ZCO Block-Mount: Konstruov\u00e1n pro profesion\u00e1ln\u00ed pu\u0161kohledy<\/h1>\n<p>ZCO blokov\u00fd dr\u017e\u00e1k s mo\u017enostmi sklonu 0Mil \/ 6Mil. Vyroben v Rakousku pomoc\u00ed CNC fr\u00e9zov\u00e1n\u00ed, tento dr\u017e\u00e1k nab\u00edz\u00ed p\u0159esnost a odolnost pro ZCO pu\u0161kohledy.<\/p>\n<ul>\n<li>Vyroben z hlin\u00edku EN AW-7075 s eloxovan\u00fdm povrchem<\/li>\n<li>Sklopn\u00e1 vodov\u00e1ha (mont\u00e1\u017e vlevo nebo vpravo)<\/li>\n<li>Integrovan\u00e9 pouzdro pro mirage band<\/li>\n<li>Obsahuje vyrovn\u00e1vac\u00ed kl\u00edn pro zarovn\u00e1n\u00ed pu\u0161kohledu<\/li>\n<li>Dod\u00e1v\u00e1no se v\u0161emi pot\u0159ebn\u00fdmi Torx bity<\/li>\n<\/ul>\n<p>Profesion\u00e1ln\u00ed mont\u00e1\u017en\u00ed \u0159e\u0161en\u00ed navr\u017een\u00e9 pro maximalizaci potenci\u00e1lu va\u0161\u00ed pu\u0161ky. ZCO blokov\u00fd dr\u017e\u00e1k kombinuje pevnost, p\u0159esnost a univerz\u00e1lnost pro optim\u00e1ln\u00ed v\u00fdkon p\u0159i st\u0159elb\u011b.<\/p>\n<\/div>\n","protected":false},"excerpt":{"rendered":"<p>P\u0159esn\u00e1 mont\u00e1\u017e ZCO: Profesion\u00e1ln\u00ed kvalita, CNC fr\u00e9zovan\u00e1, s vestav\u011bnou vodov\u00e1hou.<\/p>\n","protected":false},"featured_media":497519,"template":"","meta":{"_acf_changed":false},"product_brand":[15184],"product_cat":[14914,12660],"product_tag":[],"class_list":{"0":"post-539373","1":"product","2":"type-product","3":"status-publish","4":"has-post-thumbnail","6":"product_brand-zero-compromise-optics","7":"product_cat-mounts-cs","8":"product_cat-zamerovani","10":"first","11":"outofstock","12":"taxable","13":"shipping-taxable","14":"purchasable","15":"product-type-simple"},"acf":[],"_links":{"self":[{"href":"https:\/\/nbg.eu\/cs\/wp-json\/wp\/v2\/product\/539373","targetHints":{"allow":["GET"]}}],"collection":[{"href":"https:\/\/nbg.eu\/cs\/wp-json\/wp\/v2\/product"}],"about":[{"href":"https:\/\/nbg.eu\/cs\/wp-json\/wp\/v2\/types\/product"}],"wp:featuredmedia":[{"embeddable":true,"href":"https:\/\/nbg.eu\/cs\/wp-json\/wp\/v2\/media\/497519"}],"wp:attachment":[{"href":"https:\/\/nbg.eu\/cs\/wp-json\/wp\/v2\/media?parent=539373"}],"wp:term":[{"taxonomy":"product_brand","embeddable":true,"href":"https:\/\/nbg.eu\/cs\/wp-json\/wp\/v2\/product_brand?post=539373"},{"taxonomy":"product_cat","embeddable":true,"href":"https:\/\/nbg.eu\/cs\/wp-json\/wp\/v2\/product_cat?post=539373"},{"taxonomy":"product_tag","embeddable":true,"href":"https:\/\/nbg.eu\/cs\/wp-json\/wp\/v2\/product_tag?post=539373"}],"curies":[{"name":"wp","href":"https:\/\/api.w.org\/{rel}","templated":true}]}}