{"id":539755,"date":"2025-09-05T17:40:49","date_gmt":"2025-09-05T14:40:49","guid":{"rendered":"https:\/\/nbg.eu\/product\/scope-mount-30mm-vortex-pro-series-low-pr30-l\/"},"modified":"2026-01-21T12:26:39","modified_gmt":"2026-01-21T09:26:39","slug":"scope-mount-30mm-vortex-pro-series-low-pr30-l","status":"publish","type":"product","link":"https:\/\/nbg.eu\/cs\/produkt\/scope-mount-30mm-vortex-pro-series-low-pr30-l\/","title":{"rendered":"Scope mount 30mm Vortex Pro Series LOW PR30-l"},"content":{"rendered":"<h1>Vortex Pro 30mm n\u00edzk\u00e9 (0,90&#8243;) mont\u00e1\u017en\u00ed krou\u017eky PR30-L<\/h1>\n<p>Vortex Pro Series 30mm n\u00edzk\u00e9 mont\u00e1\u017en\u00ed krou\u017eky jsou vyrobeny z leteck\u00e9ho hlin\u00edku 6061 a jsou ur\u010deny pro mont\u00e1\u017e pu\u0161kohledu.<\/p>\n<h2>Hlavn\u00ed vlastnosti:<\/h2>\n<ul>\n<li>Tvrd\u00fd matn\u00fd \u010dern\u00fd eloxovan\u00fd povrch<\/li>\n<li>Laserem vyryt\u00e1 specifikace utahovac\u00edho momentu<\/li>\n<li>\u0160rouby #8 pro bezpe\u010dn\u00e9 upevn\u011bn\u00ed<\/li>\n<li>Integrovan\u00e1 zar\u00e1\u017eka proti zp\u011btn\u00e9mu r\u00e1zu<\/li>\n<li>Kompatibiln\u00ed s li\u0161tami Weaver nebo Picatinny<\/li>\n<li>Hmotnost 1,58 unce<\/li>\n<\/ul>\n<p>Vortex Pro PR30-L krou\u017eky jsou ur\u010deny pro upevn\u011bn\u00ed pu\u0161kohledu. Jsou navr\u017eeny pro p\u0159esnost a odolnost.<\/p>\n","protected":false},"excerpt":{"rendered":"<p>Odoln\u00e9 30mm n\u00edzk\u00e9 krou\u017eky na pu\u0161kohled pro li\u0161ty Weaver\/Picatinny. P\u0159esn\u011b obroben\u00e9.<\/p>\n","protected":false},"featured_media":497565,"template":"","meta":{"_acf_changed":false},"product_brand":[11952],"product_cat":[12685,12660],"product_tag":[],"class_list":{"0":"post-539755","1":"product","2":"type-product","3":"status-publish","4":"has-post-thumbnail","6":"product_brand-vortex","7":"product_cat-prislusenstvi-k-zamerovani","8":"product_cat-zamerovani","10":"first","11":"outofstock","12":"taxable","13":"shipping-taxable","14":"purchasable","15":"product-type-simple"},"acf":[],"_links":{"self":[{"href":"https:\/\/nbg.eu\/cs\/wp-json\/wp\/v2\/product\/539755","targetHints":{"allow":["GET"]}}],"collection":[{"href":"https:\/\/nbg.eu\/cs\/wp-json\/wp\/v2\/product"}],"about":[{"href":"https:\/\/nbg.eu\/cs\/wp-json\/wp\/v2\/types\/product"}],"wp:featuredmedia":[{"embeddable":true,"href":"https:\/\/nbg.eu\/cs\/wp-json\/wp\/v2\/media\/497565"}],"wp:attachment":[{"href":"https:\/\/nbg.eu\/cs\/wp-json\/wp\/v2\/media?parent=539755"}],"wp:term":[{"taxonomy":"product_brand","embeddable":true,"href":"https:\/\/nbg.eu\/cs\/wp-json\/wp\/v2\/product_brand?post=539755"},{"taxonomy":"product_cat","embeddable":true,"href":"https:\/\/nbg.eu\/cs\/wp-json\/wp\/v2\/product_cat?post=539755"},{"taxonomy":"product_tag","embeddable":true,"href":"https:\/\/nbg.eu\/cs\/wp-json\/wp\/v2\/product_tag?post=539755"}],"curies":[{"name":"wp","href":"https:\/\/api.w.org\/{rel}","templated":true}]}}