{"id":539866,"date":"2025-09-05T17:40:49","date_gmt":"2025-09-05T14:40:49","guid":{"rendered":"https:\/\/nbg.eu\/product\/badger-ordnance-c1-coaxial-laser-integration-fixture-9-slot-rail-black-700-20b\/"},"modified":"2026-01-21T12:07:04","modified_gmt":"2026-01-21T09:07:04","slug":"badger-ordnance-c1-coaxial-laser-integration-fixture-9-slot-rail-black-700-20b","status":"publish","type":"product","link":"https:\/\/nbg.eu\/cs\/produkt\/badger-ordnance-c1-coaxial-laser-integration-fixture-9-slot-rail-black-700-20b\/","title":{"rendered":"BADGER ORDNANCE C1 COAXIAL LASER INTEGRATION FIXTURE 9 SLOT RAIL BLACK (700-20B)"},"content":{"rendered":"<div class=\"product-description\">\n<h2>BADGER ORDNANCE C1 KOAXI\u00c1LN\u00cd LASEROV\u00dd INTEGRA\u010cN\u00cd DR\u017d\u00c1K 9 SLOT\u016e \u010cERN\u00dd (700-20B)<\/h2>\n<p>Badger Ordnance 9slotov\u00fd CLIF (Koaxi\u00e1ln\u00ed laserov\u00fd integra\u010dn\u00ed dr\u017e\u00e1k). Tento dopln\u011bk je ur\u010den pro pou\u017eit\u00ed s dr\u017e\u00e1ky Badger Condition One a umo\u017e\u0148uje integraci laserov\u00fdch d\u00e1lkom\u011br\u016f.<\/p>\n<ul>\n<li>Kompatibiln\u00ed s ARC pro mont\u00e1\u017e laser\u016f a d\u00e1lkom\u011br\u016f nad optikou<\/li>\n<li>P\u0159ipev\u0148uje se bez nutnosti odstran\u011bn\u00ed krytu C1 p\u0159\u00edslu\u0161enstv\u00ed<\/li>\n<li>9slotov\u00fd design pro r\u016fzn\u00e9 mo\u017enosti mont\u00e1\u017ee<\/li>\n<li>\u010cern\u00e1 povrchov\u00e1 \u00faprava<\/li>\n<li>\u010c\u00edslo d\u00edlu: 700-20B<\/li>\n<\/ul>\n<p>Skladem a p\u0159ipraveno k odesl\u00e1n\u00ed.<\/p>\n<\/div>\n","protected":false},"excerpt":{"rendered":"<p>BADGER ORDNANCE C1 CLIF: 9-slotov\u00e1 li\u0161ta pro integraci laseru na optiku.<\/p>\n","protected":false},"featured_media":497588,"template":"","meta":{"_acf_changed":false},"product_brand":[11083],"product_cat":[14914,12685,12660],"product_tag":[],"class_list":{"0":"post-539866","1":"product","2":"type-product","3":"status-publish","4":"has-post-thumbnail","6":"product_brand-badger-ordnance","7":"product_cat-mounts-cs","8":"product_cat-prislusenstvi-k-zamerovani","9":"product_cat-zamerovani","11":"first","12":"instock","13":"taxable","14":"shipping-taxable","15":"purchasable","16":"product-type-simple"},"acf":[],"_links":{"self":[{"href":"https:\/\/nbg.eu\/cs\/wp-json\/wp\/v2\/product\/539866","targetHints":{"allow":["GET"]}}],"collection":[{"href":"https:\/\/nbg.eu\/cs\/wp-json\/wp\/v2\/product"}],"about":[{"href":"https:\/\/nbg.eu\/cs\/wp-json\/wp\/v2\/types\/product"}],"wp:featuredmedia":[{"embeddable":true,"href":"https:\/\/nbg.eu\/cs\/wp-json\/wp\/v2\/media\/497588"}],"wp:attachment":[{"href":"https:\/\/nbg.eu\/cs\/wp-json\/wp\/v2\/media?parent=539866"}],"wp:term":[{"taxonomy":"product_brand","embeddable":true,"href":"https:\/\/nbg.eu\/cs\/wp-json\/wp\/v2\/product_brand?post=539866"},{"taxonomy":"product_cat","embeddable":true,"href":"https:\/\/nbg.eu\/cs\/wp-json\/wp\/v2\/product_cat?post=539866"},{"taxonomy":"product_tag","embeddable":true,"href":"https:\/\/nbg.eu\/cs\/wp-json\/wp\/v2\/product_tag?post=539866"}],"curies":[{"name":"wp","href":"https:\/\/api.w.org\/{rel}","templated":true}]}}