{"id":540248,"date":"2025-09-05T17:42:22","date_gmt":"2025-09-05T14:42:22","guid":{"rendered":"https:\/\/nbg.eu\/product\/ameriglo-range-fo-sight-set-for-glock\/"},"modified":"2026-01-21T12:29:16","modified_gmt":"2026-01-21T09:29:16","slug":"ameriglo-range-fo-sight-set-for-glock","status":"publish","type":"product","link":"https:\/\/nbg.eu\/cs\/produkt\/ameriglo-range-fo-sight-set-for-glock\/","title":{"rendered":"AMERIGLO RANGE FO SIGHT SET FOR GLOCK"},"content":{"rendered":"<div class=\"product-description\">\n<h2>AMERIGLO M\u00cd\u0158IDLA PRO GLOCK<\/h2>\n<p>M\u00ed\u0159idla AMERIGLO pro Glock G5 9mm\/.40. Tato sada m\u00ed\u0159idel je navr\u017eena pro zlep\u0161en\u00ed p\u0159esnosti st\u0159elby a zam\u011b\u0159ov\u00e1n\u00ed c\u00edle.<\/p>\n<ul>\n<li>Kompatibiln\u00ed s Glock 19 Gen 5 a Glock 23 Gen 5<\/li>\n<li>Ocelov\u00e1 konstrukce<\/li>\n<li>\u010cern\u00e1 povrchov\u00e1 \u00faprava<\/li>\n<li>Hranat\u00e9 hled\u00ed pro lep\u0161\u00ed zam\u011b\u0159ov\u00e1n\u00ed<\/li>\n<li>Vroubkovan\u00fd povrch sni\u017euje odlesky<\/li>\n<li>Hmotnost 0,313 lbs<\/li>\n<\/ul>\n<p>Tato m\u00ed\u0159idla poskytuj\u00ed spolehlivost a v\u00fdkon pro st\u0159elnici i taktick\u00e9 situace. Snadn\u00e1 instalace a dlouh\u00e1 \u017eivotnost, m\u00ed\u0159idla AMERIGLO jsou vhodn\u00e1 pro v\u00e1\u0161 Glock.<\/p>\n<\/div>\n","protected":false},"excerpt":{"rendered":"<p>\u010cern\u00e1 vroubkovan\u00e1 sada m\u00ed\u0159idel pro Glock G5 9mm\/.40, ocelov\u00e1 konstrukce.<\/p>\n","protected":false},"featured_media":497797,"template":"","meta":{"_acf_changed":false},"product_brand":[],"product_cat":[12655,12679,12685,12660],"product_tag":[],"class_list":{"0":"post-540248","1":"product","2":"type-product","3":"status-publish","4":"has-post-thumbnail","6":"product_cat-dily-na-pistole","7":"product_cat-pistole","8":"product_cat-prislusenstvi-k-zamerovani","9":"product_cat-zamerovani","11":"first","12":"outofstock","13":"taxable","14":"shipping-taxable","15":"purchasable","16":"product-type-simple"},"acf":[],"_links":{"self":[{"href":"https:\/\/nbg.eu\/cs\/wp-json\/wp\/v2\/product\/540248","targetHints":{"allow":["GET"]}}],"collection":[{"href":"https:\/\/nbg.eu\/cs\/wp-json\/wp\/v2\/product"}],"about":[{"href":"https:\/\/nbg.eu\/cs\/wp-json\/wp\/v2\/types\/product"}],"wp:featuredmedia":[{"embeddable":true,"href":"https:\/\/nbg.eu\/cs\/wp-json\/wp\/v2\/media\/497797"}],"wp:attachment":[{"href":"https:\/\/nbg.eu\/cs\/wp-json\/wp\/v2\/media?parent=540248"}],"wp:term":[{"taxonomy":"product_brand","embeddable":true,"href":"https:\/\/nbg.eu\/cs\/wp-json\/wp\/v2\/product_brand?post=540248"},{"taxonomy":"product_cat","embeddable":true,"href":"https:\/\/nbg.eu\/cs\/wp-json\/wp\/v2\/product_cat?post=540248"},{"taxonomy":"product_tag","embeddable":true,"href":"https:\/\/nbg.eu\/cs\/wp-json\/wp\/v2\/product_tag?post=540248"}],"curies":[{"name":"wp","href":"https:\/\/api.w.org\/{rel}","templated":true}]}}