{"id":540598,"date":"2025-09-05T17:42:22","date_gmt":"2025-09-05T14:42:22","guid":{"rendered":"https:\/\/nbg.eu\/product\/lyman-pro-trim-die\/"},"modified":"2026-01-21T11:45:38","modified_gmt":"2026-01-21T08:45:38","slug":"lyman-pro-trim-die","status":"publish","type":"product","link":"https:\/\/nbg.eu\/cs\/produkt\/lyman-pro-trim-die\/","title":{"rendered":"Lyman Pro Trim Die"},"content":{"rendered":"<div class=\"product-description\">\n<h2>Lyman Pro Trim matrice<\/h2>\n<p>Lyman Pro Trim matrice jsou vyrobeny v USA. Tyto matrice maj\u00ed n\u00e1sleduj\u00edc\u00ed vlastnosti:<\/p>\n<ul>\n<li>Konstrukce z nerezov\u00e9 oceli pro odolnost<\/li>\n<li>Spodn\u00ed z\u00e1vit 7\/8-14, kompatibiln\u00ed se v\u0161emi Lyman, Mark 7 a dal\u0161\u00edmi b\u011b\u017en\u00fdmi p\u0159eb\u00edjec\u00edmi lisy<\/li>\n<li>Horn\u00ed z\u00e1vit 13\/16-20, ur\u010den\u00fd pro trimmer Lyman montovan\u00fd na lis a dal\u0161\u00ed b\u011b\u017en\u00e9 mo\u017enosti<\/li>\n<li>Z\u00e1ruka celo\u017eivotn\u00edho pou\u017e\u00edv\u00e1n\u00ed d\u00edky kvalitn\u00edm materi\u00e1l\u016fm a zpracov\u00e1n\u00ed<\/li>\n<\/ul>\n<p>Lyman Pro Trim matrice nab\u00edzej\u00ed p\u0159esnost a v\u0161estrannost v p\u0159eb\u00edjec\u00edm vybaven\u00ed. Jsou vhodn\u00e9 pro zku\u0161en\u00e9 p\u0159eb\u00edje\u010de i za\u010d\u00e1te\u010dn\u00edky a poskytuj\u00ed kvalitu a kompatibilitu pot\u0159ebnou pro konzistentn\u00ed a p\u0159esn\u00e9 v\u00fdsledky.<\/p>\n<\/div>\n","protected":false},"excerpt":{"rendered":"<p>P\u0159esn\u011b vyroben\u00e1 americk\u00e1 matrice z nerezov\u00e9 oceli pro zkracov\u00e1n\u00ed n\u00e1bojnic. Kompatibiln\u00ed s lisem.<\/p>\n","protected":false},"featured_media":497821,"template":"","meta":{"_acf_changed":false},"product_brand":[11265],"product_cat":[12695,12684],"product_tag":[],"class_list":{"0":"post-540598","1":"product","2":"type-product","3":"status-publish","4":"has-post-thumbnail","6":"product_brand-doublealpha","7":"product_cat-prebijeni","8":"product_cat-prislusenstvi-k-nabijeni","10":"first","11":"outofstock","12":"taxable","13":"shipping-taxable","14":"purchasable","15":"product-type-simple"},"acf":[],"_links":{"self":[{"href":"https:\/\/nbg.eu\/cs\/wp-json\/wp\/v2\/product\/540598","targetHints":{"allow":["GET"]}}],"collection":[{"href":"https:\/\/nbg.eu\/cs\/wp-json\/wp\/v2\/product"}],"about":[{"href":"https:\/\/nbg.eu\/cs\/wp-json\/wp\/v2\/types\/product"}],"wp:featuredmedia":[{"embeddable":true,"href":"https:\/\/nbg.eu\/cs\/wp-json\/wp\/v2\/media\/497821"}],"wp:attachment":[{"href":"https:\/\/nbg.eu\/cs\/wp-json\/wp\/v2\/media?parent=540598"}],"wp:term":[{"taxonomy":"product_brand","embeddable":true,"href":"https:\/\/nbg.eu\/cs\/wp-json\/wp\/v2\/product_brand?post=540598"},{"taxonomy":"product_cat","embeddable":true,"href":"https:\/\/nbg.eu\/cs\/wp-json\/wp\/v2\/product_cat?post=540598"},{"taxonomy":"product_tag","embeddable":true,"href":"https:\/\/nbg.eu\/cs\/wp-json\/wp\/v2\/product_tag?post=540598"}],"curies":[{"name":"wp","href":"https:\/\/api.w.org\/{rel}","templated":true}]}}