{"id":540702,"date":"2025-09-05T17:42:23","date_gmt":"2025-09-05T14:42:23","guid":{"rendered":"https:\/\/nbg.eu\/product\/zco-throw-lever\/"},"modified":"2026-01-21T11:39:58","modified_gmt":"2026-01-21T08:39:58","slug":"zco-throw-lever","status":"publish","type":"product","link":"https:\/\/nbg.eu\/cs\/produkt\/zco-throw-lever\/","title":{"rendered":"ZCO &#8211; Throw Lever"},"content":{"rendered":"<h1>ZCO &#8211; P\u00e1\u010dka pro zm\u011bnu zv\u011bt\u0161en\u00ed<\/h1>\n<p>P\u00e1\u010dka ZCO pro zm\u011bnu zv\u011bt\u0161en\u00ed je navr\u017eena pro pu\u0161kov\u00e9 zam\u011b\u0159ova\u010de Zero Compromise Optic. Toto p\u0159\u00edslu\u0161enstv\u00ed se integruje s okul\u00e1rovou \u010d\u00e1st\u00ed zam\u011b\u0159ova\u010de a umo\u017e\u0148uje rychlou zm\u011bnu zv\u011bt\u0161en\u00ed b\u011bhem st\u0159elby.<\/p>\n<h2>Hlavn\u00ed vlastnosti:<\/h2>\n<ul>\n<li>Vyrobeno z jednoho kusu hlin\u00edku 7075-T6<\/li>\n<li>P\u00edskov\u00e1no a tvrd\u011b eloxov\u00e1no pro odolnost<\/li>\n<li>Jednoduch\u00e1 instalace<\/li>\n<li>Nastaviteln\u00e1 poloha na krou\u017eku zam\u011b\u0159ova\u010de<\/li>\n<li>Slad\u011bno s designem zam\u011b\u0159ova\u010d\u016f ZCO<\/li>\n<\/ul>\n<p>P\u00e1\u010dka ZCO pro zm\u011bnu zv\u011bt\u0161en\u00ed umo\u017e\u0148uje rychlej\u0161\u00ed p\u0159echody mezi zv\u011bt\u0161en\u00edmi a lep\u0161\u00ed ovl\u00e1d\u00e1n\u00ed zam\u011b\u0159ova\u010de.<\/p>\n","protected":false},"excerpt":{"rendered":"<p>ZCO p\u00e1\u010dka pro rychl\u00e9 p\u0159estav\u011bn\u00ed: Rychl\u00e1 \u00faprava zv\u011bt\u0161en\u00ed pro p\u0159esn\u00e9 pu\u0161kohledy.<\/p>\n","protected":false},"featured_media":497844,"template":"","meta":{"_acf_changed":false},"product_brand":[15184],"product_cat":[12685,12660,12673],"product_tag":[],"class_list":{"0":"post-540702","1":"product","2":"type-product","3":"status-publish","4":"has-post-thumbnail","6":"product_brand-zero-compromise-optics","7":"product_cat-prislusenstvi-k-zamerovani","8":"product_cat-zamerovani","9":"product_cat-zvetsovaci-optika","11":"first","12":"instock","13":"taxable","14":"shipping-taxable","15":"purchasable","16":"product-type-simple"},"acf":[],"_links":{"self":[{"href":"https:\/\/nbg.eu\/cs\/wp-json\/wp\/v2\/product\/540702","targetHints":{"allow":["GET"]}}],"collection":[{"href":"https:\/\/nbg.eu\/cs\/wp-json\/wp\/v2\/product"}],"about":[{"href":"https:\/\/nbg.eu\/cs\/wp-json\/wp\/v2\/types\/product"}],"wp:featuredmedia":[{"embeddable":true,"href":"https:\/\/nbg.eu\/cs\/wp-json\/wp\/v2\/media\/497844"}],"wp:attachment":[{"href":"https:\/\/nbg.eu\/cs\/wp-json\/wp\/v2\/media?parent=540702"}],"wp:term":[{"taxonomy":"product_brand","embeddable":true,"href":"https:\/\/nbg.eu\/cs\/wp-json\/wp\/v2\/product_brand?post=540702"},{"taxonomy":"product_cat","embeddable":true,"href":"https:\/\/nbg.eu\/cs\/wp-json\/wp\/v2\/product_cat?post=540702"},{"taxonomy":"product_tag","embeddable":true,"href":"https:\/\/nbg.eu\/cs\/wp-json\/wp\/v2\/product_tag?post=540702"}],"curies":[{"name":"wp","href":"https:\/\/api.w.org\/{rel}","templated":true}]}}